{"id":44803,"date":"2023-06-18T22:07:24","date_gmt":"2023-06-18T20:07:24","guid":{"rendered":"https:\/\/port.lukasiewicz.gov.pl\/search\/"},"modified":"2025-12-15T11:33:43","modified_gmt":"2025-12-15T10:33:43","slug":"search","status":"publish","type":"page","link":"https:\/\/port.lukasiewicz.gov.pl\/en\/search\/","title":{"rendered":"search"},"content":{"rendered":"\t\t<div data-elementor-type=\"wp-page\" data-elementor-id=\"44803\" class=\"elementor elementor-44803 elementor-44798\" data-elementor-post-type=\"page\">\n\t\t\t\t\t\t<section class=\"elementor-section elementor-top-section elementor-element elementor-element-d10272e elementor-section-boxed elementor-section-height-default elementor-section-height-default\" data-id=\"d10272e\" data-element_type=\"section\" data-e-type=\"section\">\n\t\t\t\t\t\t<div class=\"elementor-container elementor-column-gap-default\">\n\t\t\t\t\t<div class=\"elementor-column elementor-col-100 elementor-top-column elementor-element elementor-element-77e64eb\" data-id=\"77e64eb\" data-element_type=\"column\" data-e-type=\"column\">\n\t\t\t<div class=\"elementor-widget-wrap elementor-element-populated\">\n\t\t\t\t\t\t<div class=\"elementor-element elementor-element-cca3ef2 elementor-widget elementor-widget-heading\" data-id=\"cca3ef2\" data-element_type=\"widget\" data-e-type=\"widget\" data-widget_type=\"heading.default\">\n\t\t\t\t<div class=\"elementor-widget-container\">\n\t\t\t\t\t<h2 class=\"elementor-heading-title elementor-size-default\">Wyniki wyszukiwania:<\/h2>\t\t\t\t<\/div>\n\t\t\t\t<\/div>\n\t\t\t\t\t<\/div>\n\t\t<\/div>\n\t\t\t\t\t<\/div>\n\t\t<\/section>\n\t\t\t\t<section class=\"elementor-section elementor-top-section elementor-element elementor-element-825a9ec elementor-section-boxed elementor-section-height-default elementor-section-height-default\" data-id=\"825a9ec\" data-element_type=\"section\" data-e-type=\"section\">\n\t\t\t\t\t\t<div class=\"elementor-container elementor-column-gap-default\">\n\t\t\t\t\t<div class=\"elementor-column elementor-col-100 elementor-top-column elementor-element elementor-element-e7e8655\" data-id=\"e7e8655\" data-element_type=\"column\" data-e-type=\"column\">\n\t\t\t<div class=\"elementor-widget-wrap elementor-element-populated\">\n\t\t\t\t\t\t<div class=\"elementor-element elementor-element-5ebede0 elementor-widget elementor-widget-shortcode\" data-id=\"5ebede0\" data-element_type=\"widget\" data-e-type=\"widget\" data-widget_type=\"shortcode.default\">\n\t\t\t\t<div class=\"elementor-widget-container\">\n\t\t\t\t\t<div class=\"post-wrapper\"><h3><a href=\"https:\/\/port.lukasiewicz.gov.pl\/en\/\">home<\/a><\/h3><p><span class=\"excerpt_part\">Scientists from Poland and abroad 0 scientists and experts 0 ongoing research projects 0 millions of PLN in project value 0 News What&rsquo;s new at PORT? READ MORE Offer What...<\/span><\/p><h3><a href=\"https:\/\/port.lukasiewicz.gov.pl\/en\/career\/\">Career<\/a><\/h3><p><span class=\"excerpt_part\">Career Start your career at \u0141ukasiewicz &ndash; PORT Discover \u0141ukasiewicz &ndash; PORT, one of the largest research centers in Poland, focused on technological innovations and interdisciplinary scientific research. Check out...<\/span><\/p><h3><a href=\"https:\/\/port.lukasiewicz.gov.pl\/en\/get-to-know-us\/leadership\/\">Leadership<\/a><\/h3><p><span class=\"excerpt_part\">Get to know us Director of \u0141ukasiewicz &ndash; PORT The Director, Prof. Jaros\u0142aw Bosy Since December 2015, I have served as a full professor at the Institute of Geodesy and...<\/span><\/p><h3><a href=\"https:\/\/port.lukasiewicz.gov.pl\/en\/contact\/\">Contact<\/a><\/h3><p><span class=\"excerpt_part\">Contact Be in touch Visit us \u0141ukasiewicz Research Network &ndash; PORT Polish Center for Technology Development 147 Stab\u0142owicka Street, 54-066 Wroc\u0142aw VAT ID (NIP): 894 314 05 23 National Court...<\/span><\/p><h3><a href=\"https:\/\/port.lukasiewicz.gov.pl\/en\/get-to-know-us\/\">Get to know us<\/a><\/h3><p><span class=\"excerpt_part\">Get to know us \u0141ukasiewicz &ndash; PORT: research institute at Wroc\u0142aw \u0141ukasiewicz &ndash; PORT is a modern research and development center based in Wroc\u0142aw and part of the \u0141ukasiewicz Research...<\/span><\/p><h3><a href=\"https:\/\/port.lukasiewicz.gov.pl\/en\/404-2\/\">404<\/a><\/h3><p><span class=\"excerpt_part\">The page you&rsquo;re looking for couldn&rsquo;t be found. Try using our search bar, Szukaj Search&hellip; or go back to the homepage. Use the links...<\/span><\/p><h3><a href=\"https:\/\/port.lukasiewicz.gov.pl\/en\/rd-centers\/materials-science-engineering-center\/functional-macromolecules-and-porous-materials-research-group\/\">Functional Macromolecules and Porous Materials Research Group<\/a><\/h3><p><span class=\"excerpt_part\">Functional Macromolecules and Porous Materials Research Group The Functional Macromolecules Research Group specialises on design, synthesis and engineering inclusion compounds, metal complexes, metal-organic frameworks (MOFs), metal organic cages (MOCs) and...<\/span><\/p><h3><a href=\"https:\/\/port.lukasiewicz.gov.pl\/en\/personal-data\/\">Personal data<\/a><\/h3><p><span class=\"excerpt_part\">PORT Personal data In order to fulfill the obligations imposed on personal data controllers by Regulation (EU) 2016\/679 of the European Parliament and of the Council of April 27, 2016...<\/span><\/p><h3><a href=\"https:\/\/port.lukasiewicz.gov.pl\/en\/accessibility-statement\/\">Accessibility statement<\/a><\/h3><p><span class=\"excerpt_part\">PORT Accessibility statement General information \u0141ukasiewicz Research Network &ndash; PORT, Polish Center for Technology Development, is committed to ensuring the accessibility of its website in accordance with the Act of...<\/span><\/p><h3><a href=\"https:\/\/port.lukasiewicz.gov.pl\/en\/eduroam-network\/\">Eduroam Network<\/a><\/h3><p><span class=\"excerpt_part\">PORT Eduroam eduroam.port.lukasiewicz.gov.pl The \u0141ukasiewicz Research Network &ndash; PORT provides access to a secure wireless WiFi network named eduroam across its campus. Communication within the eduroam network is encrypted using...<\/span><\/p><\/div>\t\t<div class=\"elementor-shortcode\"><div class=\"relevanssi-search-results\"><\/div>\n<\/div>\n\t\t\t\t\t\t<\/div>\n\t\t\t\t<\/div>\n\t\t\t\t\t<\/div>\n\t\t<\/div>\n\t\t\t\t\t<\/div>\n\t\t<\/section>\n\t\t\t\t<\/div>\n\t\t","protected":false},"excerpt":{"rendered":"<p>\/*! elementor &#8211; v3.7.1 &#8211; 14-08-2022 *\/ .elementor-heading-title{padding:0;margin:0;line-height:1}.elementor-widget-heading .elementor-heading-title[class*=elementor-size-]&gt;a{color:inherit;font-size:inherit;line-height:inherit}.elementor-widget-heading .elementor-heading-title.elementor-size-small{font-size:15px}.elementor-widget-heading .elementor-heading-title.elementor-size-medium{font-size:19px}.elementor-widget-heading .elementor-heading-title.elementor-size-large{font-size:29px}.elementor-widget-heading .elementor-heading-title.elementor-size-xl{font-size:39px}.elementor-widget-heading .elementor-heading-title.elementor-size-xxl{font-size:59px} Wyniki wyszukiwania:<\/p>\n","protected":false},"author":21,"featured_media":0,"parent":0,"menu_order":0,"comment_status":"closed","ping_status":"closed","template":"","meta":{"_acf_changed":false,"_seopress_robots_primary_cat":"","_seopress_titles_title":"","_seopress_titles_desc":"","_seopress_robots_index":"yes","inline_featured_image":false,"footnotes":""},"class_list":["post-44803","page","type-page","status-publish","hentry"],"acf":{"page_icon":null},"publishpress_future_action":{"enabled":false,"date":"2026-04-30 15:18:58","action":"change-status","newStatus":"draft","terms":[],"taxonomy":"translation_priority","extraData":[]},"publishpress_future_workflow_manual_trigger":{"enabledWorkflows":[]},"_links":{"self":[{"href":"https:\/\/port.lukasiewicz.gov.pl\/en\/wp-json\/wp\/v2\/pages\/44803","targetHints":{"allow":["GET"]}}],"collection":[{"href":"https:\/\/port.lukasiewicz.gov.pl\/en\/wp-json\/wp\/v2\/pages"}],"about":[{"href":"https:\/\/port.lukasiewicz.gov.pl\/en\/wp-json\/wp\/v2\/types\/page"}],"author":[{"embeddable":true,"href":"https:\/\/port.lukasiewicz.gov.pl\/en\/wp-json\/wp\/v2\/users\/21"}],"replies":[{"embeddable":true,"href":"https:\/\/port.lukasiewicz.gov.pl\/en\/wp-json\/wp\/v2\/comments?post=44803"}],"version-history":[{"count":4,"href":"https:\/\/port.lukasiewicz.gov.pl\/en\/wp-json\/wp\/v2\/pages\/44803\/revisions"}],"predecessor-version":[{"id":48398,"href":"https:\/\/port.lukasiewicz.gov.pl\/en\/wp-json\/wp\/v2\/pages\/44803\/revisions\/48398"}],"wp:attachment":[{"href":"https:\/\/port.lukasiewicz.gov.pl\/en\/wp-json\/wp\/v2\/media?parent=44803"}],"curies":[{"name":"wp","href":"https:\/\/api.w.org\/{rel}","templated":true}]}}