{"id":88770,"date":"2025-07-21T13:34:35","date_gmt":"2025-07-21T11:34:35","guid":{"rendered":"https:\/\/port.lukasiewicz.gov.pl\/get-to-know-us\/wroclaw-biotech-hub\/"},"modified":"2025-12-15T11:55:14","modified_gmt":"2025-12-15T10:55:14","slug":"wroclaw-biotech-hub","status":"publish","type":"page","link":"https:\/\/port.lukasiewicz.gov.pl\/en\/get-to-know-us\/wroclaw-biotech-hub\/","title":{"rendered":"Wroc\u0142aw BioTech Hub"},"content":{"rendered":"\t\t<div data-elementor-type=\"wp-page\" data-elementor-id=\"88770\" class=\"elementor elementor-88770 elementor-81253\" data-elementor-post-type=\"page\">\n\t\t\t\t<div class=\"elementor-element elementor-element-bb4252b e-flex e-con-boxed e-con e-parent\" data-id=\"bb4252b\" data-element_type=\"container\" data-e-type=\"container\">\n\t\t\t\t\t<div class=\"e-con-inner\">\n\t\t<div class=\"elementor-element elementor-element-547ca68 e-con-full e-flex e-con e-child\" data-id=\"547ca68\" data-element_type=\"container\" data-e-type=\"container\">\n\t\t\t\t<div class=\"elementor-element elementor-element-ee7edc0 elementor-widget__width-inherit elementor-widget elementor-widget-heading\" data-id=\"ee7edc0\" data-element_type=\"widget\" data-e-type=\"widget\" data-widget_type=\"heading.default\">\n\t\t\t\t<div class=\"elementor-widget-container\">\n\t\t\t\t\t<p class=\"elementor-heading-title elementor-size-large\">Get to know us<\/p>\t\t\t\t<\/div>\n\t\t\t\t<\/div>\n\t\t\t\t<div class=\"elementor-element elementor-element-c12564f elementor-widget elementor-widget-heading\" data-id=\"c12564f\" data-element_type=\"widget\" data-e-type=\"widget\" data-widget_type=\"heading.default\">\n\t\t\t\t<div class=\"elementor-widget-container\">\n\t\t\t\t\t<h1 class=\"elementor-heading-title elementor-size-default\">Wroc\u0142aw BioTech Hub<\/h1>\t\t\t\t<\/div>\n\t\t\t\t<\/div>\n\t\t\t\t<\/div>\n\t\t\t\t\t<\/div>\n\t\t\t\t<\/div>\n\t\t<div class=\"elementor-element elementor-element-1e45fbc e-flex e-con-boxed e-con e-parent\" data-id=\"1e45fbc\" data-element_type=\"container\" data-e-type=\"container\">\n\t\t\t\t\t<div class=\"e-con-inner\">\n\t\t<div class=\"elementor-element elementor-element-f3158af e-con-full e-flex e-con e-child\" data-id=\"f3158af\" data-element_type=\"container\" data-e-type=\"container\">\n\t\t\t\t<div class=\"elementor-element elementor-element-66bfcb1 elementor-widget elementor-widget-text-editor\" data-id=\"66bfcb1\" data-element_type=\"widget\" data-e-type=\"widget\" data-widget_type=\"text-editor.default\">\n\t\t\t\t<div class=\"elementor-widget-container\">\n\t\t\t\t\t\t\t\t\t<p>The <strong>Wroc\u0142aw BioTech Hub<\/strong> is an initiative that brings together Wroc\u0142aw\u2019s scientific community and consolidates efforts across medical, natural, exact, and engineering sciences. Its mission is to build a strong research and development base and strengthen the city\u2019s position as a leading scientific center. It marks the first step toward creating a true Center of Excellence in Wroc\u0142aw.  <\/p><p>These initiatives also include efforts to support joint research project applications, the creation of an interdisciplinary doctoral school, and the formation of consortia that will compete in the Virtual Research Institute program, as well as the optimal use of research infrastructure.<\/p><p>Building on the European \u201cTeaming for Excellence\u201d project implemented at \u0141ukasiewicz \u2013 PORT, an initiative has been launched to prepare Wroc\u0142aw to become part of a future European Excellence Hub, bringing together research institutions, businesses, startups, local governments, and residents of the region.<\/p><p>As part of the project, we will work, amo<b>ng other things, on introducing personalized medicine and early cancer detection in Wroc\u0142aw. Symbolically, the agreement establishing the Wroc\u0142aw BioTech Hub was signed on February 4, 2025 \u2013 the World Cancer Day<\/b>.   <\/p>\t\t\t\t\t\t\t\t<\/div>\n\t\t\t\t<\/div>\n\t\t\t\t<\/div>\n\t\t<div class=\"elementor-element elementor-element-4c1005b e-con-full cut-off-wrapper-90 e-flex e-con e-child\" data-id=\"4c1005b\" data-element_type=\"container\" data-e-type=\"container\" data-settings=\"{&quot;background_background&quot;:&quot;classic&quot;}\">\n\t\t\t\t<\/div>\n\t\t\t\t\t<\/div>\n\t\t\t\t<\/div>\n\t\t<div class=\"elementor-element elementor-element-48a9295 e-flex e-con-boxed e-con e-parent\" data-id=\"48a9295\" data-element_type=\"container\" data-e-type=\"container\">\n\t\t\t\t\t<div class=\"e-con-inner\">\n\t\t<div class=\"elementor-element elementor-element-2a56dff e-con-full e-flex e-con e-child\" data-id=\"2a56dff\" data-element_type=\"container\" data-e-type=\"container\">\n\t\t\t\t<div class=\"elementor-element elementor-element-efcaebb elementor-widget elementor-widget-heading\" data-id=\"efcaebb\" data-element_type=\"widget\" data-e-type=\"widget\" data-widget_type=\"heading.default\">\n\t\t\t\t<div class=\"elementor-widget-container\">\n\t\t\t\t\t<h2 class=\"elementor-heading-title elementor-size-default\">Who is Behind the Wroc\u0142aw BioTech Hub?<\/h2>\t\t\t\t<\/div>\n\t\t\t\t<\/div>\n\t\t\t\t<div class=\"elementor-element elementor-element-9ee2b5f elementor-widget__width-initial elementor-widget-tablet__width-inherit elementor-widget elementor-widget-text-editor\" data-id=\"9ee2b5f\" data-element_type=\"widget\" data-e-type=\"widget\" data-widget_type=\"text-editor.default\">\n\t\t\t\t<div class=\"elementor-widget-container\">\n\t\t\t\t\t\t\t\t\t<p>Seven leading Wroc\u0142aw academic and research institutions have joined forces:<\/p><ul><li>University of Wroc\u0142aw<\/li><li>Wroc\u0142aw University of Science and Technology<\/li><li>Wroc\u0142aw University of Environmental and Life Sciences<\/li><li>Wroc\u0142aw Medical University <\/li><li>Ludwik Hirszfeld Institute of Immunology and Experimental Therapy, Polish Academy of Sciences <\/li><li>Institute of Low Temperature and Structure Research, Polish Academy of Sciences<\/li><li><strong>\u0141ukasiewicz \u2013 PORT (initiator and coordinator)<\/strong> <\/li><\/ul>\t\t\t\t\t\t\t\t<\/div>\n\t\t\t\t<\/div>\n\t\t\t\t<\/div>\n\t\t\t\t\t<\/div>\n\t\t\t\t<\/div>\n\t\t<div class=\"elementor-element elementor-element-62db9c4 e-flex e-con-boxed e-con e-parent\" data-id=\"62db9c4\" data-element_type=\"container\" data-e-type=\"container\">\n\t\t\t\t\t<div class=\"e-con-inner\">\n\t\t<div class=\"elementor-element elementor-element-24b954e e-con-full e-flex e-con e-child\" data-id=\"24b954e\" data-element_type=\"container\" data-e-type=\"container\">\n\t\t\t\t<div class=\"elementor-element elementor-element-9ead87b elementor-widget elementor-widget-heading\" data-id=\"9ead87b\" data-element_type=\"widget\" data-e-type=\"widget\" data-widget_type=\"heading.default\">\n\t\t\t\t<div class=\"elementor-widget-container\">\n\t\t\t\t\t<h2 class=\"elementor-heading-title elementor-size-default\">Why Was the Hub Created?<\/h2>\t\t\t\t<\/div>\n\t\t\t\t<\/div>\n\t\t\t\t<\/div>\n\t\t<div class=\"elementor-element elementor-element-9fcb0a4 e-con-full e-flex e-con e-child\" data-id=\"9fcb0a4\" data-element_type=\"container\" data-e-type=\"container\">\n\t\t\t\t<div class=\"elementor-element elementor-element-c8b59f9 elementor-widget elementor-widget-text-editor\" data-id=\"c8b59f9\" data-element_type=\"widget\" data-e-type=\"widget\" data-widget_type=\"text-editor.default\">\n\t\t\t\t<div class=\"elementor-widget-container\">\n\t\t\t\t\t\t\t\t\t<p>\u0141ukasiewicz \u2013 PORT has been awarded a prestigious EU grant of \u20ac15 million to establish a cutting-edge research center of excellence. The vision, however, extends beyond a single institution\u2014we want this center to have a city-wide impact. <\/p><h3>Why does it matter?<\/h3><ul><li>It allows Wroc\u0142aw to join large-scale international research consortia and lead ambitious projects (which no single institution could achieve alone).<\/li><li>It positions us as a genuine partner in shaping the future European Excellence Hub\u2014a transnational network of collaboration and innovation. <\/li><li>It enables better use of people and infrastructure we already have, fostering collaboration, knowledge-sharing, and experience exchange.<\/li><li>It accelerates growth\u2014greater opportunities mean greater potential for both individuals and organizations.<\/li><\/ul>\t\t\t\t\t\t\t\t<\/div>\n\t\t\t\t<\/div>\n\t\t\t\t<\/div>\n\t\t<div class=\"elementor-element elementor-element-483a4e3 e-con-full cut-off-wrapper-90 e-flex e-con e-child\" data-id=\"483a4e3\" data-element_type=\"container\" data-e-type=\"container\" data-settings=\"{&quot;background_background&quot;:&quot;classic&quot;}\">\n\t\t\t\t<\/div>\n\t\t\t\t\t<\/div>\n\t\t\t\t<\/div>\n\t\t\t\t<\/div>\n\t\t","protected":false},"excerpt":{"rendered":"<p>Get to know us Wroc\u0142aw BioTech Hub The Wroc\u0142aw BioTech Hub is an initiative that brings together Wroc\u0142aw\u2019s scientific community and consolidates efforts across medical, natural, exact, and engineering sciences. Its mission is to build a strong research and development base and strengthen the city\u2019s position as a leading scientific center. It marks the first [&hellip;]<\/p>\n","protected":false},"author":218,"featured_media":0,"parent":32211,"menu_order":0,"comment_status":"closed","ping_status":"closed","template":"","meta":{"_acf_changed":false,"_seopress_robots_primary_cat":"","_seopress_titles_title":"","_seopress_titles_desc":"","_seopress_robots_index":"","inline_featured_image":false,"footnotes":""},"class_list":["post-88770","page","type-page","status-publish","hentry"],"acf":{"page_icon":null},"publishpress_future_action":{"enabled":false,"date":"2026-04-25 07:17:33","action":"change-status","newStatus":"draft","terms":[],"taxonomy":"translation_priority","extraData":[]},"publishpress_future_workflow_manual_trigger":{"enabledWorkflows":[]},"_links":{"self":[{"href":"https:\/\/port.lukasiewicz.gov.pl\/en\/wp-json\/wp\/v2\/pages\/88770","targetHints":{"allow":["GET"]}}],"collection":[{"href":"https:\/\/port.lukasiewicz.gov.pl\/en\/wp-json\/wp\/v2\/pages"}],"about":[{"href":"https:\/\/port.lukasiewicz.gov.pl\/en\/wp-json\/wp\/v2\/types\/page"}],"author":[{"embeddable":true,"href":"https:\/\/port.lukasiewicz.gov.pl\/en\/wp-json\/wp\/v2\/users\/218"}],"replies":[{"embeddable":true,"href":"https:\/\/port.lukasiewicz.gov.pl\/en\/wp-json\/wp\/v2\/comments?post=88770"}],"version-history":[{"count":1,"href":"https:\/\/port.lukasiewicz.gov.pl\/en\/wp-json\/wp\/v2\/pages\/88770\/revisions"}],"predecessor-version":[{"id":88771,"href":"https:\/\/port.lukasiewicz.gov.pl\/en\/wp-json\/wp\/v2\/pages\/88770\/revisions\/88771"}],"up":[{"embeddable":true,"href":"https:\/\/port.lukasiewicz.gov.pl\/en\/wp-json\/wp\/v2\/pages\/32211"}],"wp:attachment":[{"href":"https:\/\/port.lukasiewicz.gov.pl\/en\/wp-json\/wp\/v2\/media?parent=88770"}],"curies":[{"name":"wp","href":"https:\/\/api.w.org\/{rel}","templated":true}]}}