{"id":88773,"date":"2025-04-29T10:27:49","date_gmt":"2025-04-29T08:27:49","guid":{"rendered":"https:\/\/port.lukasiewicz.gov.pl\/get-to-know-us\/quality-systems\/"},"modified":"2026-01-20T14:28:07","modified_gmt":"2026-01-20T13:28:07","slug":"quality-systems","status":"publish","type":"page","link":"https:\/\/port.lukasiewicz.gov.pl\/en\/get-to-know-us\/quality-systems\/","title":{"rendered":"Quality Systems"},"content":{"rendered":"\t\t<div data-elementor-type=\"wp-page\" data-elementor-id=\"88773\" class=\"elementor elementor-88773 elementor-68760\" data-elementor-post-type=\"page\">\n\t\t\t\t<div class=\"elementor-element elementor-element-3e2c766 e-flex e-con-boxed e-con e-parent\" data-id=\"3e2c766\" data-element_type=\"container\" data-e-type=\"container\">\n\t\t\t\t\t<div class=\"e-con-inner\">\n\t\t<div class=\"elementor-element elementor-element-e99a031 e-con-full e-flex e-con e-child\" data-id=\"e99a031\" data-element_type=\"container\" data-e-type=\"container\">\n\t\t\t\t<div class=\"elementor-element elementor-element-4c2dbfa elementor-widget__width-inherit elementor-widget elementor-widget-heading\" data-id=\"4c2dbfa\" data-element_type=\"widget\" data-e-type=\"widget\" data-widget_type=\"heading.default\">\n\t\t\t\t<div class=\"elementor-widget-container\">\n\t\t\t\t\t<p class=\"elementor-heading-title elementor-size-large\">Get to know us<\/p>\t\t\t\t<\/div>\n\t\t\t\t<\/div>\n\t\t\t\t<div class=\"elementor-element elementor-element-1c47fd1 elementor-widget elementor-widget-heading\" data-id=\"1c47fd1\" data-element_type=\"widget\" data-e-type=\"widget\" data-widget_type=\"heading.default\">\n\t\t\t\t<div class=\"elementor-widget-container\">\n\t\t\t\t\t<h1 class=\"elementor-heading-title elementor-size-default\">Quality Systems<\/h1>\t\t\t\t<\/div>\n\t\t\t\t<\/div>\n\t\t\t\t<\/div>\n\t\t\t\t\t<\/div>\n\t\t\t\t<\/div>\n\t\t<div class=\"elementor-element elementor-element-649aa13 e-flex e-con-boxed e-con e-parent\" data-id=\"649aa13\" data-element_type=\"container\" data-e-type=\"container\">\n\t\t\t\t\t<div class=\"e-con-inner\">\n\t\t<div class=\"elementor-element elementor-element-37bf307 e-con-full e-flex e-con e-child\" data-id=\"37bf307\" data-element_type=\"container\" data-e-type=\"container\">\n\t\t\t\t<div class=\"elementor-element elementor-element-46b5b20 elementor-widget elementor-widget-heading\" data-id=\"46b5b20\" data-element_type=\"widget\" data-e-type=\"widget\" data-widget_type=\"heading.default\">\n\t\t\t\t<div class=\"elementor-widget-container\">\n\t\t\t\t\t<h2 class=\"elementor-heading-title elementor-size-default\">Quality Management Systems<\/h2>\t\t\t\t<\/div>\n\t\t\t\t<\/div>\n\t\t\t\t<div class=\"elementor-element elementor-element-0ec9e9a elementor-widget elementor-widget-text-editor\" data-id=\"0ec9e9a\" data-element_type=\"widget\" data-e-type=\"widget\" data-widget_type=\"text-editor.default\">\n\t\t\t\t<div class=\"elementor-widget-container\">\n\t\t\t\t\t\t\t\t\t<p>The <strong>\u0141ukasiewicz Research Network \u2013 PORT Polish Center for Technology Development<\/strong> has implemented and maintains quality management systems designed to meet client requirements, ensure continuous improvement in the quality of commercial services, and support effective collaboration with scientific partners.<\/p><ol class=\"wp-block-list\"><li>PN-EN ISO\/IEC 17025:2018-02<br><strong><em>General requirements for the competence of testing and calibration laboratories.<\/em><\/strong><br>This system has been implemented in selected laboratories. For the <strong>Bioanalytics Laboratory<\/strong>, compliance is confirmed by the Polish Centre for Accreditation (PCA) through the <a href=\"https:\/\/port.lukasiewicz.gov.pl\/wp-content\/uploads\/sites\/35\/2025\/06\/certyfikat-akredytacji-AB1661-11.05.2020.pdf\">Accreditation Certificate<\/a> within the <strong>Scope of Accreditation<\/strong>, available <strong> <\/strong><a href=\"https:\/\/www.pca.gov.pl\/akredytowane-podmioty\/akredytacje-aktywne\/laboratoria-badawcze\/AB%201661,podmiot.html\">here<\/a>.<br><br>The <strong>Genetic and Microbiological Diagnostics Laboratory<\/strong> holds a certificate confirming its competence in the evaluation of microscopic specimens, identification, antimicrobial susceptibility testing, and the determination of drug resistance mechanisms of bacterial etiological agents of infections. The certificate is available <a href=\"https:\/\/port.lukasiewicz.gov.pl\/wp-content\/uploads\/sites\/35\/2026\/01\/Swiadectwo-jakosci-POLMICRO-Diag-Lab-2025.12.04.pdf\">here<\/a>. <br><br><\/li><li><strong>ISO 20387:2021-01<br><em>Biotechnology \u2013 Biobanking \u2013 General requirements for biobanking.<\/em><\/strong><br>This system has been confirmed by the \u201c<strong><a href=\"https:\/\/port.lukasiewicz.gov.pl\/wp-content\/uploads\/sites\/35\/2025\/06\/Certyfikat-Q-label-BBMRI-ERIC-2023.06.06.pdf\">Q-label<\/a><\/strong>\u201d Quality Certificate issued by BBMRI-ERIC and by a <strong><a href=\"https:\/\/port.lukasiewicz.gov.pl\/wp-content\/uploads\/sites\/35\/2025\/06\/Swiadectwo-BBMRI.pl-systemu-jakosci-10.2021.pdf\">Certificate <\/a><\/strong>issued by BBMRI.pl. <br><br><\/li><li><strong>ISO 9001:2015-10 <br><em>Systemy zarz\u0105dzania jako\u015bci\u0105<\/em><\/strong>. System ten mamy wdro\u017cony w Grupie Badawczej Biobank &#8211; jest cz\u0119\u015bci\u0105 Standard\u00f3w jako\u015bci dla Biobank\u00f3w Polskich, i potwierdzony <a href=\"https:\/\/port.lukasiewicz.gov.pl\/wp-content\/uploads\/sites\/35\/2025\/06\/Swiadectwo-BBMRI.pl-systemu-jakosci-10.2021.pdf\"><strong>\u015awiadectwem<\/strong><\/a> wydanym przez BBMRI.pl. <br><br><\/li><\/ol><p>Following the development of new areas and competencies, we are also implementing additional quality systems:<\/p><ol><li><strong>PN-EN ISO\/IEC 27001:2023-08 Information security, cybersecurity and privacy protection \u2014 Information security management systems \u2014 Requirements<\/strong><\/li><li><strong>ISO <\/strong><strong>35001:2019-11<\/strong> \u2013 Biorisk management for laboratories and other related organisations.<\/li><li>GMP &#8211; Good Manufactoring Practice.<\/li><\/ol><p>Competent staff, appropriate equipment, and adequate testing methodologies ensure the quality of results in which our Clients place full trust.<\/p>\t\t\t\t\t\t\t\t<\/div>\n\t\t\t\t<\/div>\n\t\t\t\t<\/div>\n\t\t<div class=\"elementor-element elementor-element-249fb20 e-con-full cut-off-wrapper-90 e-flex e-con e-child\" data-id=\"249fb20\" data-element_type=\"container\" data-e-type=\"container\" data-settings=\"{&quot;background_background&quot;:&quot;classic&quot;}\">\n\t\t\t\t<\/div>\n\t\t\t\t\t<\/div>\n\t\t\t\t<\/div>\n\t\t<div class=\"elementor-element elementor-element-bb89d6a e-flex e-con-boxed e-con e-parent\" data-id=\"bb89d6a\" data-element_type=\"container\" data-e-type=\"container\">\n\t\t\t\t\t<div class=\"e-con-inner\">\n\t\t<div class=\"elementor-element elementor-element-d265e38 e-con-full e-flex e-con e-child\" data-id=\"d265e38\" data-element_type=\"container\" data-e-type=\"container\">\n\t\t\t\t<div class=\"elementor-element elementor-element-bdec538 elementor-widget elementor-widget-image\" data-id=\"bdec538\" data-element_type=\"widget\" data-e-type=\"widget\" data-widget_type=\"image.default\">\n\t\t\t\t<div class=\"elementor-widget-container\">\n\t\t\t\t\t\t\t\t\t\t\t\t\t\t\t<img fetchpriority=\"high\" decoding=\"async\" width=\"300\" height=\"425\" src=\"https:\/\/port.lukasiewicz.gov.pl\/wp-content\/uploads\/sites\/35\/2025\/05\/AB-1661-1.png\" class=\"attachment-large size-large wp-image-73243\" alt=\"\u0141ukasiewicz \u2013 PORT Polskie Centrum Akredytacji\" srcset=\"https:\/\/port.lukasiewicz.gov.pl\/wp-content\/uploads\/sites\/35\/2025\/05\/AB-1661-1.png 300w, https:\/\/port.lukasiewicz.gov.pl\/wp-content\/uploads\/sites\/35\/2025\/05\/AB-1661-1-212x300.png 212w, https:\/\/port.lukasiewicz.gov.pl\/wp-content\/uploads\/sites\/35\/2025\/05\/AB-1661-1-17x24.png 17w, https:\/\/port.lukasiewicz.gov.pl\/wp-content\/uploads\/sites\/35\/2025\/05\/AB-1661-1-25x36.png 25w, https:\/\/port.lukasiewicz.gov.pl\/wp-content\/uploads\/sites\/35\/2025\/05\/AB-1661-1-34x48.png 34w\" sizes=\"(max-width: 300px) 100vw, 300px\" \/>\t\t\t\t\t\t\t\t\t\t\t\t\t\t\t<\/div>\n\t\t\t\t<\/div>\n\t\t\t\t<\/div>\n\t\t<div class=\"elementor-element elementor-element-278438c e-con-full e-flex e-con e-child\" data-id=\"278438c\" data-element_type=\"container\" data-e-type=\"container\">\n\t\t\t\t<div class=\"elementor-element elementor-element-4bf8a84 elementor-widget elementor-widget-heading\" data-id=\"4bf8a84\" data-element_type=\"widget\" data-e-type=\"widget\" data-widget_type=\"heading.default\">\n\t\t\t\t<div class=\"elementor-widget-container\">\n\t\t\t\t\t<h2 class=\"elementor-heading-title elementor-size-default\">Accreditation<\/h2>\t\t\t\t<\/div>\n\t\t\t\t<\/div>\n\t\t\t\t<div class=\"elementor-element elementor-element-0baa672 elementor-widget elementor-widget-text-editor\" data-id=\"0baa672\" data-element_type=\"widget\" data-e-type=\"widget\" data-widget_type=\"text-editor.default\">\n\t\t\t\t<div class=\"elementor-widget-container\">\n\t\t\t\t\t\t\t\t\t<p>The <strong>Bioanalytics Laboratory<\/strong> operates a quality management system compliant with the requirements of the PN-EN ISO\/IEC 17025:2018-02 standard and holds an <strong><a href=\"https:\/\/port.lukasiewicz.gov.pl\/wp-content\/uploads\/sites\/35\/2025\/06\/certyfikat-akredytacji-AB1661-11.05.2020.pdf\">Accreditation Certificate<\/a><\/strong> No. AB 1661 issued by the Polish Centre for Accreditation, confirming compliance with the requirements of PN-EN ISO\/IEC 17025:2018-02 within the scope of the \u201c<strong>Accreditation Scope of Testing Laboratory No. AB 1661<\/strong>\u201d (available <a href=\"https:\/\/www.pca.gov.pl\/akredytowane-podmioty\/akredytacje-aktywne\/laboratoria-badawcze\/AB%201661,podmiot.html\">here<\/a>), i.e., within the scope of accredited qualitative and quantitative chemical testing by NMR (nuclear magnetic resonance spectroscopy) of organic chemical products.<\/p><p>Accredited testing is carried out by competent, impartial personnel who are bound to confidentiality and remain independent from any pressure from clients or third parties.<\/p>\t\t\t\t\t\t\t\t<\/div>\n\t\t\t\t<\/div>\n\t\t\t\t<\/div>\n\t\t\t\t\t<\/div>\n\t\t\t\t<\/div>\n\t\t\t\t<\/div>\n\t\t","protected":false},"excerpt":{"rendered":"<p>Get to know us Quality Systems Quality Management Systems The \u0141ukasiewicz Research Network \u2013 PORT Polish Center for Technology Development has implemented and maintains quality management systems designed to meet client requirements, ensure continuous improvement in the quality of commercial services, and support effective collaboration with scientific partners. PN-EN ISO\/IEC 17025:2018-02General requirements for the competence [&hellip;]<\/p>\n","protected":false},"author":218,"featured_media":0,"parent":32211,"menu_order":0,"comment_status":"closed","ping_status":"closed","template":"","meta":{"_acf_changed":false,"_seopress_robots_primary_cat":"","_seopress_titles_title":"","_seopress_titles_desc":"","_seopress_robots_index":"","inline_featured_image":false,"footnotes":""},"class_list":["post-88773","page","type-page","status-publish","hentry"],"acf":{"page_icon":null},"publishpress_future_action":{"enabled":false,"date":"2026-04-25 00:32:33","action":"change-status","newStatus":"draft","terms":[],"taxonomy":"translation_priority","extraData":[]},"publishpress_future_workflow_manual_trigger":{"enabledWorkflows":[]},"_links":{"self":[{"href":"https:\/\/port.lukasiewicz.gov.pl\/en\/wp-json\/wp\/v2\/pages\/88773","targetHints":{"allow":["GET"]}}],"collection":[{"href":"https:\/\/port.lukasiewicz.gov.pl\/en\/wp-json\/wp\/v2\/pages"}],"about":[{"href":"https:\/\/port.lukasiewicz.gov.pl\/en\/wp-json\/wp\/v2\/types\/page"}],"author":[{"embeddable":true,"href":"https:\/\/port.lukasiewicz.gov.pl\/en\/wp-json\/wp\/v2\/users\/218"}],"replies":[{"embeddable":true,"href":"https:\/\/port.lukasiewicz.gov.pl\/en\/wp-json\/wp\/v2\/comments?post=88773"}],"version-history":[{"count":5,"href":"https:\/\/port.lukasiewicz.gov.pl\/en\/wp-json\/wp\/v2\/pages\/88773\/revisions"}],"predecessor-version":[{"id":98269,"href":"https:\/\/port.lukasiewicz.gov.pl\/en\/wp-json\/wp\/v2\/pages\/88773\/revisions\/98269"}],"up":[{"embeddable":true,"href":"https:\/\/port.lukasiewicz.gov.pl\/en\/wp-json\/wp\/v2\/pages\/32211"}],"wp:attachment":[{"href":"https:\/\/port.lukasiewicz.gov.pl\/en\/wp-json\/wp\/v2\/media?parent=88773"}],"curies":[{"name":"wp","href":"https:\/\/api.w.org\/{rel}","templated":true}]}}