{"id":88786,"date":"2024-10-14T10:27:21","date_gmt":"2024-10-14T08:27:21","guid":{"rendered":"https:\/\/port.lukasiewicz.gov.pl\/get-to-know-us\/science-for-everyone\/gardens-of-experiences\/reservations\/"},"modified":"2026-03-12T10:39:36","modified_gmt":"2026-03-12T09:39:36","slug":"reservations","status":"publish","type":"page","link":"https:\/\/port.lukasiewicz.gov.pl\/en\/get-to-know-us\/social-responsibility-of-science\/gardens-of-experiences\/reservations\/","title":{"rendered":"Reservations"},"content":{"rendered":"\t\t<div data-elementor-type=\"wp-page\" data-elementor-id=\"88786\" class=\"elementor elementor-88786 elementor-63174\" data-elementor-post-type=\"page\">\n\t\t\t\t<div class=\"elementor-element elementor-element-c62c5a4 e-flex e-con-boxed e-con e-parent\" data-id=\"c62c5a4\" data-element_type=\"container\" data-e-type=\"container\">\n\t\t\t\t\t<div class=\"e-con-inner\">\n\t\t<div class=\"elementor-element elementor-element-a8dab22 e-con-full e-flex e-con e-child\" data-id=\"a8dab22\" data-element_type=\"container\" data-e-type=\"container\">\n\t\t\t\t<div class=\"elementor-element elementor-element-5e9cda6 elementor-widget elementor-widget-heading\" data-id=\"5e9cda6\" data-element_type=\"widget\" data-e-type=\"widget\" data-widget_type=\"heading.default\">\n\t\t\t\t<div class=\"elementor-widget-container\">\n\t\t\t\t\t<h1 class=\"elementor-heading-title elementor-size-default\">Gardens of Experiences<\/h1>\t\t\t\t<\/div>\n\t\t\t\t<\/div>\n\t\t\t\t<div class=\"elementor-element elementor-element-045a5de elementor-nav-menu--dropdown-none elementor-widget elementor-widget-nav-menu\" data-id=\"045a5de\" data-element_type=\"widget\" data-e-type=\"widget\" data-settings=\"{&quot;layout&quot;:&quot;horizontal&quot;,&quot;submenu_icon&quot;:{&quot;value&quot;:&quot;&lt;svg aria-hidden=\\&quot;true\\&quot; class=\\&quot;e-font-icon-svg e-fas-caret-down\\&quot; viewBox=\\&quot;0 0 320 512\\&quot; xmlns=\\&quot;http:\\\/\\\/www.w3.org\\\/2000\\\/svg\\&quot;&gt;&lt;path d=\\&quot;M31.3 192h257.3c17.8 0 26.7 21.5 14.1 34.1L174.1 354.8c-7.8 7.8-20.5 7.8-28.3 0L17.2 226.1C4.6 213.5 13.5 192 31.3 192z\\&quot;&gt;&lt;\\\/path&gt;&lt;\\\/svg&gt;&quot;,&quot;library&quot;:&quot;fa-solid&quot;}}\" data-widget_type=\"nav-menu.default\">\n\t\t\t\t<div class=\"elementor-widget-container\">\n\t\t\t\t\t\t\t\t<nav aria-label=\"Menu\" class=\"elementor-nav-menu--main elementor-nav-menu__container elementor-nav-menu--layout-horizontal e--pointer-background e--animation-fade\">\n\t\t\t\t<ul id=\"menu-1-045a5de\" class=\"elementor-nav-menu\"><li class=\"menu-item menu-item-type-post_type menu-item-object-page menu-item-92095\"><a href=\"https:\/\/port.lukasiewicz.gov.pl\/en\/get-to-know-us\/social-responsibility-of-science\/gardens-of-experiences\/\" class=\"elementor-item\">About Us<\/a><\/li>\n<li class=\"menu-item menu-item-type-post_type menu-item-object-page menu-item-has-children menu-item-92094\"><a href=\"https:\/\/port.lukasiewicz.gov.pl\/en\/get-to-know-us\/social-responsibility-of-science\/gardens-of-experiences\/offer\/\" class=\"elementor-item\">Offer<\/a>\n<ul class=\"sub-menu elementor-nav-menu--dropdown\">\n\t<li class=\"menu-item menu-item-type-post_type menu-item-object-page menu-item-92105\"><a href=\"https:\/\/port.lukasiewicz.gov.pl\/en\/get-to-know-us\/social-responsibility-of-science\/gardens-of-experiences\/offer\/school-workshops\/\" class=\"elementor-sub-item\">School Workshops<\/a><\/li>\n\t<li class=\"menu-item menu-item-type-post_type menu-item-object-page menu-item-92104\"><a href=\"https:\/\/port.lukasiewicz.gov.pl\/en\/get-to-know-us\/social-responsibility-of-science\/gardens-of-experiences\/offer\/workshops-for-teachers\/\" class=\"elementor-sub-item\">Workshops for Teachers<\/a><\/li>\n\t<li class=\"menu-item menu-item-type-post_type menu-item-object-page menu-item-92098\"><a href=\"https:\/\/port.lukasiewicz.gov.pl\/en\/get-to-know-us\/social-responsibility-of-science\/gardens-of-experiences\/offer\/school-workshops\/day-camps\/\" class=\"elementor-sub-item\">Day Camps<\/a><\/li>\n\t<li class=\"menu-item menu-item-type-post_type menu-item-object-page menu-item-92100\"><a href=\"https:\/\/port.lukasiewicz.gov.pl\/en\/get-to-know-us\/social-responsibility-of-science\/gardens-of-experiences\/offer\/family-workshops\/\" class=\"elementor-sub-item\">Family Workshops<\/a><\/li>\n\t<li class=\"menu-item menu-item-type-post_type menu-item-object-page menu-item-92103\"><a href=\"https:\/\/port.lukasiewicz.gov.pl\/en\/get-to-know-us\/social-responsibility-of-science\/gardens-of-experiences\/offer\/birthday-party\/\" class=\"elementor-sub-item\">Birthday party<\/a><\/li>\n\t<li class=\"menu-item menu-item-type-post_type menu-item-object-page menu-item-92101\"><a href=\"https:\/\/port.lukasiewicz.gov.pl\/en\/get-to-know-us\/social-responsibility-of-science\/gardens-of-experiences\/offer\/workshops-for-seniors\/\" class=\"elementor-sub-item\">Workshops for Seniors<\/a><\/li>\n\t<li class=\"menu-item menu-item-type-post_type menu-item-object-page menu-item-92102\"><a href=\"https:\/\/port.lukasiewicz.gov.pl\/en\/get-to-know-us\/social-responsibility-of-science\/gardens-of-experiences\/offer\/mobile-programs\/\" class=\"elementor-sub-item\">Mobile Programs<\/a><\/li>\n<\/ul>\n<\/li>\n<li class=\"menu-item menu-item-type-post_type menu-item-object-page menu-item-92092\"><a href=\"https:\/\/port.lukasiewicz.gov.pl\/en\/get-to-know-us\/social-responsibility-of-science\/gardens-of-experiences\/price-list\/\" class=\"elementor-item\">Price list<\/a><\/li>\n<li class=\"menu-item menu-item-type-post_type menu-item-object-page menu-item-92093\"><a href=\"https:\/\/port.lukasiewicz.gov.pl\/en\/get-to-know-us\/social-responsibility-of-science\/gardens-of-experiences\/reservations\/\" class=\"elementor-item\">Reservations<\/a><\/li>\n<li class=\"menu-item menu-item-type-post_type menu-item-object-page menu-item-92091\"><a href=\"https:\/\/port.lukasiewicz.gov.pl\/en\/get-to-know-us\/social-responsibility-of-science\/gardens-of-experiences\/faq\/\" class=\"elementor-item\">FAQ<\/a><\/li>\n<li class=\"menu-item menu-item-type-post_type menu-item-object-page menu-item-92090\"><a href=\"https:\/\/port.lukasiewicz.gov.pl\/en\/get-to-know-us\/social-responsibility-of-science\/gardens-of-experiences\/contact\/\" class=\"elementor-item\">Contact<\/a><\/li>\n<\/ul>\t\t\t<\/nav>\n\t\t\t\t\t\t<nav class=\"elementor-nav-menu--dropdown elementor-nav-menu__container\" aria-hidden=\"true\">\n\t\t\t\t<ul id=\"menu-2-045a5de\" class=\"elementor-nav-menu\"><li class=\"menu-item menu-item-type-post_type menu-item-object-page menu-item-92095\"><a href=\"https:\/\/port.lukasiewicz.gov.pl\/en\/get-to-know-us\/social-responsibility-of-science\/gardens-of-experiences\/\" class=\"elementor-item\" tabindex=\"-1\">About Us<\/a><\/li>\n<li class=\"menu-item menu-item-type-post_type menu-item-object-page menu-item-has-children menu-item-92094\"><a href=\"https:\/\/port.lukasiewicz.gov.pl\/en\/get-to-know-us\/social-responsibility-of-science\/gardens-of-experiences\/offer\/\" class=\"elementor-item\" tabindex=\"-1\">Offer<\/a>\n<ul class=\"sub-menu elementor-nav-menu--dropdown\">\n\t<li class=\"menu-item menu-item-type-post_type menu-item-object-page menu-item-92105\"><a href=\"https:\/\/port.lukasiewicz.gov.pl\/en\/get-to-know-us\/social-responsibility-of-science\/gardens-of-experiences\/offer\/school-workshops\/\" class=\"elementor-sub-item\" tabindex=\"-1\">School Workshops<\/a><\/li>\n\t<li class=\"menu-item menu-item-type-post_type menu-item-object-page menu-item-92104\"><a href=\"https:\/\/port.lukasiewicz.gov.pl\/en\/get-to-know-us\/social-responsibility-of-science\/gardens-of-experiences\/offer\/workshops-for-teachers\/\" class=\"elementor-sub-item\" tabindex=\"-1\">Workshops for Teachers<\/a><\/li>\n\t<li class=\"menu-item menu-item-type-post_type menu-item-object-page menu-item-92098\"><a href=\"https:\/\/port.lukasiewicz.gov.pl\/en\/get-to-know-us\/social-responsibility-of-science\/gardens-of-experiences\/offer\/school-workshops\/day-camps\/\" class=\"elementor-sub-item\" tabindex=\"-1\">Day Camps<\/a><\/li>\n\t<li class=\"menu-item menu-item-type-post_type menu-item-object-page menu-item-92100\"><a href=\"https:\/\/port.lukasiewicz.gov.pl\/en\/get-to-know-us\/social-responsibility-of-science\/gardens-of-experiences\/offer\/family-workshops\/\" class=\"elementor-sub-item\" tabindex=\"-1\">Family Workshops<\/a><\/li>\n\t<li class=\"menu-item menu-item-type-post_type menu-item-object-page menu-item-92103\"><a href=\"https:\/\/port.lukasiewicz.gov.pl\/en\/get-to-know-us\/social-responsibility-of-science\/gardens-of-experiences\/offer\/birthday-party\/\" class=\"elementor-sub-item\" tabindex=\"-1\">Birthday party<\/a><\/li>\n\t<li class=\"menu-item menu-item-type-post_type menu-item-object-page menu-item-92101\"><a href=\"https:\/\/port.lukasiewicz.gov.pl\/en\/get-to-know-us\/social-responsibility-of-science\/gardens-of-experiences\/offer\/workshops-for-seniors\/\" class=\"elementor-sub-item\" tabindex=\"-1\">Workshops for Seniors<\/a><\/li>\n\t<li class=\"menu-item menu-item-type-post_type menu-item-object-page menu-item-92102\"><a href=\"https:\/\/port.lukasiewicz.gov.pl\/en\/get-to-know-us\/social-responsibility-of-science\/gardens-of-experiences\/offer\/mobile-programs\/\" class=\"elementor-sub-item\" tabindex=\"-1\">Mobile Programs<\/a><\/li>\n<\/ul>\n<\/li>\n<li class=\"menu-item menu-item-type-post_type menu-item-object-page menu-item-92092\"><a href=\"https:\/\/port.lukasiewicz.gov.pl\/en\/get-to-know-us\/social-responsibility-of-science\/gardens-of-experiences\/price-list\/\" class=\"elementor-item\" tabindex=\"-1\">Price list<\/a><\/li>\n<li class=\"menu-item menu-item-type-post_type menu-item-object-page menu-item-92093\"><a href=\"https:\/\/port.lukasiewicz.gov.pl\/en\/get-to-know-us\/social-responsibility-of-science\/gardens-of-experiences\/reservations\/\" class=\"elementor-item\" tabindex=\"-1\">Reservations<\/a><\/li>\n<li class=\"menu-item menu-item-type-post_type menu-item-object-page menu-item-92091\"><a href=\"https:\/\/port.lukasiewicz.gov.pl\/en\/get-to-know-us\/social-responsibility-of-science\/gardens-of-experiences\/faq\/\" class=\"elementor-item\" tabindex=\"-1\">FAQ<\/a><\/li>\n<li class=\"menu-item menu-item-type-post_type menu-item-object-page menu-item-92090\"><a href=\"https:\/\/port.lukasiewicz.gov.pl\/en\/get-to-know-us\/social-responsibility-of-science\/gardens-of-experiences\/contact\/\" class=\"elementor-item\" tabindex=\"-1\">Contact<\/a><\/li>\n<\/ul>\t\t\t<\/nav>\n\t\t\t\t\t\t<\/div>\n\t\t\t\t<\/div>\n\t\t\t\t<\/div>\n\t\t\t\t\t<\/div>\n\t\t\t\t<\/div>\n\t\t<div class=\"elementor-element elementor-element-2474a95 e-flex e-con-boxed e-con e-parent\" data-id=\"2474a95\" data-element_type=\"container\" data-e-type=\"container\">\n\t\t\t\t\t<div class=\"e-con-inner\">\n\t\t<div class=\"elementor-element elementor-element-80014bb e-con-full e-flex e-con e-child\" data-id=\"80014bb\" data-element_type=\"container\" data-e-type=\"container\">\n\t\t\t\t<div class=\"elementor-element elementor-element-dd69f4f elementor-widget elementor-widget-heading\" data-id=\"dd69f4f\" data-element_type=\"widget\" data-e-type=\"widget\" data-widget_type=\"heading.default\">\n\t\t\t\t<div class=\"elementor-widget-container\">\n\t\t\t\t\t<h2 class=\"elementor-heading-title elementor-size-default\">Book Your Adventure<\/h2>\t\t\t\t<\/div>\n\t\t\t\t<\/div>\n\t\t\t\t<div class=\"elementor-element elementor-element-fe35ff4 elementor-widget elementor-widget-heading\" data-id=\"fe35ff4\" data-element_type=\"widget\" data-e-type=\"widget\" data-widget_type=\"heading.default\">\n\t\t\t\t<div class=\"elementor-widget-container\">\n\t\t\t\t\t<h3 class=\"elementor-heading-title elementor-size-default\">Seats for educational workshops are limited!<\/h3>\t\t\t\t<\/div>\n\t\t\t\t<\/div>\n\t\t\t\t<div class=\"elementor-element elementor-element-22c6460 elementor-widget__width-initial elementor-widget elementor-widget-text-editor\" data-id=\"22c6460\" data-element_type=\"widget\" data-e-type=\"widget\" data-widget_type=\"text-editor.default\">\n\t\t\t\t<div class=\"elementor-widget-container\">\n\t\t\t\t\t\t\t\t\t<p>Fill out the short form below to reserve a spot for your child or your students in the Gardens of Experiences at \u0141ukasiewicz \u2013 PORT. If you have any questions, we encourage you to visit our <a href=\"https:\/\/port.lukasiewicz.gov.pl\/en\/?page_id=92086\">FAQ page<\/a>.<br>Don\u2019t wait \u2013 show children that science can be truly fascinating!  <\/p>\t\t\t\t\t\t\t\t<\/div>\n\t\t\t\t<\/div>\n\t\t\t\t<div class=\"elementor-element elementor-element-f9a92ba elementor-widget-divider--view-line elementor-widget elementor-widget-divider\" data-id=\"f9a92ba\" data-element_type=\"widget\" data-e-type=\"widget\" data-widget_type=\"divider.default\">\n\t\t\t\t<div class=\"elementor-widget-container\">\n\t\t\t\t\t\t\t<div class=\"elementor-divider\">\n\t\t\t<span class=\"elementor-divider-separator\">\n\t\t\t\t\t\t<\/span>\n\t\t<\/div>\n\t\t\t\t\t\t<\/div>\n\t\t\t\t<\/div>\n\t\t\t\t<div class=\"elementor-element elementor-element-591dced elementor-widget elementor-widget-heading\" data-id=\"591dced\" data-element_type=\"widget\" data-e-type=\"widget\" data-widget_type=\"heading.default\">\n\t\t\t\t<div class=\"elementor-widget-container\">\n\t\t\t\t\t<h2 class=\"elementor-heading-title elementor-size-default\">Downloads:<\/h2>\t\t\t\t<\/div>\n\t\t\t\t<\/div>\n\t\t\t\t<div class=\"elementor-element elementor-element-e5566d1 elementor-widget elementor-widget-text-editor\" data-id=\"e5566d1\" data-element_type=\"widget\" data-e-type=\"widget\" data-widget_type=\"text-editor.default\">\n\t\t\t\t<div class=\"elementor-widget-container\">\n\t\t\t\t\t\t\t\t\t<p><a href=\"https:\/\/port.lukasiewicz.gov.pl\/wp-content\/uploads\/sites\/35\/2025\/04\/SON-Regulamin-update.pdf\">Terms and Conditions of the Gardens of Experiences<\/a><br \/><a href=\"https:\/\/port.lukasiewicz.gov.pl\/wp-content\/uploads\/sites\/35\/2025\/04\/Ogrody-Doswiadczen-rezerwacja-warsztatow.pdf\">Guide to Online Reservations<\/a><br \/><a href=\"https:\/\/port.lukasiewicz.gov.pl\/wp-content\/uploads\/sites\/35\/2026\/01\/Regulamin-urodzin.pdf\">Birthday Party Regulations at the Gardens of Experiences<\/a><br \/><a href=\"https:\/\/port.lukasiewicz.gov.pl\/wp-content\/uploads\/sites\/35\/2025\/04\/Regulamin-karnetow.pdf\">Pass Policy<\/a><br \/><a href=\"https:\/\/port.lukasiewicz.gov.pl\/wp-content\/uploads\/sites\/35\/2025\/04\/Regulamin-oferty-wyjazdowej-1.pdf\">Mobile Offer Policy<\/a><br \/><a href=\"https:\/\/port.lukasiewicz.gov.pl\/wp-content\/uploads\/sites\/35\/2025\/04\/Standardy-Ochrony-Maloletnich-w-Lukasiewicz-PORT.pdf\">Child Protection Standards at \u0141ukasiewicz \u2013 PORT<\/a><br \/><a href=\"https:\/\/port.lukasiewicz.gov.pl\/wp-content\/uploads\/sites\/35\/2026\/03\/Regulamin-BHP-w-Laboratorium.pdf\">Laboratory Health and Safety Policy<\/a><\/p>\t\t\t\t\t\t\t\t<\/div>\n\t\t\t\t<\/div>\n\t\t\t\t<div class=\"elementor-element elementor-element-0a3beaa elementor-widget elementor-widget-text-editor\" data-id=\"0a3beaa\" data-element_type=\"widget\" data-e-type=\"widget\" data-widget_type=\"text-editor.default\">\n\t\t\t\t<div class=\"elementor-widget-container\">\n\t\t\t\t\t\t\t\t\t<p>We certify that all staff working at the Gardens of Experiences have no criminal record and do not appear in the National Register of Sexual Offenders.<\/p>\t\t\t\t\t\t\t\t<\/div>\n\t\t\t\t<\/div>\n\t\t\t\t<\/div>\n\t\t<div class=\"elementor-element elementor-element-384c339 e-con-full e-flex e-con e-child\" data-id=\"384c339\" data-element_type=\"container\" data-e-type=\"container\">\n\t\t\t\t<div class=\"elementor-element elementor-element-29e2948 elementor-widget elementor-widget-shortcode\" data-id=\"29e2948\" data-element_type=\"widget\" data-e-type=\"widget\" id=\"bookero-reservation-form\" data-widget_type=\"shortcode.default\">\n\t\t\t\t<div class=\"elementor-widget-container\">\n\t\t\t\t\t\t\t<div class=\"elementor-shortcode\"><script type=\"text\/javascript\">\nif(bookero_config == undefined){\n    var bookero_config = [];\n}\nvar bookero_instance_config = {\n    id: 'tGdLEIQbmE2G',\n    container: 'bookero_69e7e3d0e3a0b',\n    type: 'calendar',\n    position: '',\n    plugin_css: true,\n    lang: 'en',\n    custom_config: {}\n};\nbookero_config.push(bookero_instance_config);\n<\/script><div id=\"bookero_69e7e3d0e3a0b\"><\/div> <\/div>\n\t\t\t\t\t\t<\/div>\n\t\t\t\t<\/div>\n\t\t\t\t<\/div>\n\t\t\t\t\t<\/div>\n\t\t\t\t<\/div>\n\t\t\t\t<\/div>\n\t\t","protected":false},"excerpt":{"rendered":"<p>Gardens of Experiences Book Your Adventure Seats for educational workshops are limited! Fill out the short form below to reserve a spot for your child or your students in the Gardens of Experiences at \u0141ukasiewicz \u2013 PORT. If you have any questions, we encourage you to visit our FAQ page.Don\u2019t wait \u2013 show children that [&hellip;]<\/p>\n","protected":false},"author":156,"featured_media":0,"parent":88777,"menu_order":0,"comment_status":"closed","ping_status":"closed","template":"","meta":{"_acf_changed":false,"_seopress_robots_primary_cat":"","_seopress_titles_title":"Zarezerwuj zaj\u0119cia w Ogrodach Do\u015bwiadcze\u0144 w \u0141ukasiewicz \u2013 PORT","_seopress_titles_desc":"","_seopress_robots_index":"","inline_featured_image":false,"footnotes":""},"class_list":["post-88786","page","type-page","status-publish","hentry"],"acf":{"page_icon":null},"publishpress_future_action":{"enabled":false,"date":"2026-04-28 22:53:36","action":"change-status","newStatus":"draft","terms":[],"taxonomy":"translation_priority","extraData":[]},"publishpress_future_workflow_manual_trigger":{"enabledWorkflows":[]},"_links":{"self":[{"href":"https:\/\/port.lukasiewicz.gov.pl\/en\/wp-json\/wp\/v2\/pages\/88786","targetHints":{"allow":["GET"]}}],"collection":[{"href":"https:\/\/port.lukasiewicz.gov.pl\/en\/wp-json\/wp\/v2\/pages"}],"about":[{"href":"https:\/\/port.lukasiewicz.gov.pl\/en\/wp-json\/wp\/v2\/types\/page"}],"author":[{"embeddable":true,"href":"https:\/\/port.lukasiewicz.gov.pl\/en\/wp-json\/wp\/v2\/users\/156"}],"replies":[{"embeddable":true,"href":"https:\/\/port.lukasiewicz.gov.pl\/en\/wp-json\/wp\/v2\/comments?post=88786"}],"version-history":[{"count":5,"href":"https:\/\/port.lukasiewicz.gov.pl\/en\/wp-json\/wp\/v2\/pages\/88786\/revisions"}],"predecessor-version":[{"id":99564,"href":"https:\/\/port.lukasiewicz.gov.pl\/en\/wp-json\/wp\/v2\/pages\/88786\/revisions\/99564"}],"up":[{"embeddable":true,"href":"https:\/\/port.lukasiewicz.gov.pl\/en\/wp-json\/wp\/v2\/pages\/88777"}],"wp:attachment":[{"href":"https:\/\/port.lukasiewicz.gov.pl\/en\/wp-json\/wp\/v2\/media?parent=88786"}],"curies":[{"name":"wp","href":"https:\/\/api.w.org\/{rel}","templated":true}]}}