{"id":88823,"date":"2025-04-25T14:44:47","date_gmt":"2025-04-25T12:44:47","guid":{"rendered":"https:\/\/port.lukasiewicz.gov.pl\/career\/job-offers\/"},"modified":"2026-01-27T12:50:47","modified_gmt":"2026-01-27T11:50:47","slug":"job-offers","status":"publish","type":"page","link":"https:\/\/port.lukasiewicz.gov.pl\/en\/career\/job-offers\/","title":{"rendered":"Job Offers"},"content":{"rendered":"\t\t<div data-elementor-type=\"wp-page\" data-elementor-id=\"88823\" class=\"elementor elementor-88823 elementor-68596\" data-elementor-post-type=\"page\">\n\t\t\t\t<div class=\"elementor-element elementor-element-223c85e e-flex e-con-boxed e-con e-parent\" data-id=\"223c85e\" data-element_type=\"container\" data-e-type=\"container\">\n\t\t\t\t\t<div class=\"e-con-inner\">\n\t\t<div class=\"elementor-element elementor-element-7f0a348 e-con-full e-flex e-con e-child\" data-id=\"7f0a348\" data-element_type=\"container\" data-e-type=\"container\">\n\t\t\t\t<div class=\"elementor-element elementor-element-2b4d0a3 elementor-widget__width-inherit elementor-widget elementor-widget-heading\" data-id=\"2b4d0a3\" data-element_type=\"widget\" data-e-type=\"widget\" data-widget_type=\"heading.default\">\n\t\t\t\t<div class=\"elementor-widget-container\">\n\t\t\t\t\t<p class=\"elementor-heading-title elementor-size-large\">Career<\/p>\t\t\t\t<\/div>\n\t\t\t\t<\/div>\n\t\t\t\t<div class=\"elementor-element elementor-element-3be16a2 elementor-widget elementor-widget-heading\" data-id=\"3be16a2\" data-element_type=\"widget\" data-e-type=\"widget\" data-widget_type=\"heading.default\">\n\t\t\t\t<div class=\"elementor-widget-container\">\n\t\t\t\t\t<h1 class=\"elementor-heading-title elementor-size-default\">Job Offers at \u0141ukasiewicz \u2013 PORT<\/h1>\t\t\t\t<\/div>\n\t\t\t\t<\/div>\n\t\t\t\t<\/div>\n\t\t\t\t\t<\/div>\n\t\t\t\t<\/div>\n\t\t<div class=\"elementor-element elementor-element-706d437 e-flex e-con-boxed e-con e-parent\" data-id=\"706d437\" data-element_type=\"container\" data-e-type=\"container\">\n\t\t\t\t\t<div class=\"e-con-inner\">\n\t\t<div class=\"elementor-element elementor-element-55d04c6 e-con-full e-flex e-con e-child\" data-id=\"55d04c6\" data-element_type=\"container\" data-e-type=\"container\">\n\t\t\t\t<div class=\"elementor-element elementor-element-bb73e3a elementor-widget__width-initial elementor-widget elementor-widget-text-editor\" data-id=\"bb73e3a\" data-element_type=\"widget\" data-e-type=\"widget\" data-widget_type=\"text-editor.default\">\n\t\t\t\t<div class=\"elementor-widget-container\">\n\t\t\t\t\t\t\t\t\t<p>Below you will find our current job openings, covering both research positions and support teams. Choose the area that interests you, match the role to your skills, and join the \u0141ukasiewicz team.<\/p><p>Don\u2019t see a position that fits you? Send us your CV at <a href=\"mailto:rekrutacja@port.lukasiewicz.gov.pl\" target=\"_blank\" rel=\"noopener\">rekrutacja@port.lukasiewicz.gov.p<\/a>l \u2013 we will contact you if a role matching your profile becomes available.<\/p>\t\t\t\t\t\t\t\t<\/div>\n\t\t\t\t<\/div>\n\t\t\t\t<\/div>\n\t\t\t\t\t<\/div>\n\t\t\t\t<\/div>\n\t\t\t\t<section class=\"elementor-section elementor-top-section elementor-element elementor-element-0c58683 elementor-section-boxed elementor-section-height-default elementor-section-height-default\" data-id=\"0c58683\" data-element_type=\"section\" data-e-type=\"section\">\n\t\t\t\t\t\t<div class=\"elementor-container elementor-column-gap-default\">\n\t\t\t\t\t<div class=\"elementor-column elementor-col-100 elementor-top-column elementor-element elementor-element-2c6aab3\" data-id=\"2c6aab3\" data-element_type=\"column\" data-e-type=\"column\">\n\t\t\t<div class=\"elementor-widget-wrap elementor-element-populated\">\n\t\t\t\t\t\t<div class=\"elementor-element elementor-element-bc7bc15 elementor-widget__width-inherit elementor-widget elementor-widget-heading\" data-id=\"bc7bc15\" data-element_type=\"widget\" data-e-type=\"widget\" data-widget_type=\"heading.default\">\n\t\t\t\t<div class=\"elementor-widget-container\">\n\t\t\t\t\t<h2 class=\"elementor-heading-title elementor-size-default\">Find the right position for you<\/h2>\t\t\t\t<\/div>\n\t\t\t\t<\/div>\n\t\t\t\t<div class=\"elementor-element elementor-element-ac7b62c elementor-widget elementor-widget-job_offers\" data-id=\"ac7b62c\" data-element_type=\"widget\" data-e-type=\"widget\" id=\".hide-cv\" data-widget_type=\"job_offers.default\">\n\t\t\t\t<div class=\"elementor-widget-container\">\n\t\t\t\t\t<div class=\"row\"><div class=\"row__filter-col\"><div class=\"accordion accordion-flush\" id=\"accordion7aa1df2c03b0\"><div class=\"accordion-item\"><h2 class=\"accordion-header\" id=\"head764531f17716\"><button class=\"accordion-button \" type=\"button\" data-bs-toggle=\"collapse\" data-bs-target=\"#col764531f17716\" aria-expanded=\"true\" aria-controls=\"col764531f17716\"><span class=\"job-offers__filter-title\">areas<\/span><\/button><\/h2><div id=\"col764531f17716\" class=\"accordion-collapse collapse show\" aria-labelledby=\"head764531f17716\"><div class=\"accordion-body job-offers__accordion-body\"><div class=\"form-check job-offers__form-check\" data-value=\"br-en\" data-query=\"filter[profession]\"><input class=\"form-check-input\" type=\"checkbox\" value=\"br-en\" id=\"profession327\" ><label class=\"form-check-label\" for=\"profession327\">B+R<\/label><\/div><div class=\"form-check job-offers__form-check\" data-value=\"service\" data-query=\"filter[profession]\"><input class=\"form-check-input\" type=\"checkbox\" value=\"service\" id=\"profession330\" ><label class=\"form-check-label\" for=\"profession330\">service<\/label><\/div><div class=\"form-check job-offers__form-check\" data-value=\"production\" data-query=\"filter[profession]\"><input class=\"form-check-input\" type=\"checkbox\" value=\"production\" id=\"profession329\" ><label class=\"form-check-label\" for=\"profession329\">production<\/label><\/div><div class=\"form-check job-offers__form-check\" data-value=\"administration\" data-query=\"filter[profession]\"><input class=\"form-check-input\" type=\"checkbox\" value=\"administration\" id=\"profession328\" ><label class=\"form-check-label\" for=\"profession328\">administration<\/label><\/div><\/div><\/div><\/div><div class=\"accordion-item\"><h2 class=\"accordion-header\" id=\"headfd303c150469\"><button class=\"accordion-button collapsed\" type=\"button\" data-bs-toggle=\"collapse\" data-bs-target=\"#colfd303c150469\" aria-expanded=\"false\" aria-controls=\"colfd303c150469\"><span class=\"job-offers__filter-title\">cities<\/span><\/button><\/h2><div id=\"colfd303c150469\" class=\"accordion-collapse collapse \" aria-labelledby=\"headfd303c150469\"><div class=\"accordion-body job-offers__accordion-body\"><div class=\"form-check job-offers__form-check\" data-value=\"bydgoszcz-en\" data-query=\"filter[location]\"><input class=\"form-check-input\" type=\"checkbox\" value=\"bydgoszcz-en\" id=\"location291\" ><label class=\"form-check-label\" for=\"location291\">Bydgoszcz<\/label><\/div><div class=\"form-check job-offers__form-check\" data-value=\"gliwice-en\" data-query=\"filter[location]\"><input class=\"form-check-input\" type=\"checkbox\" value=\"gliwice-en\" id=\"location292\" ><label class=\"form-check-label\" for=\"location292\">Gliwice<\/label><\/div><div class=\"form-check job-offers__form-check\" data-value=\"gorzow-wielkopolski-en\" data-query=\"filter[location]\"><input class=\"form-check-input\" type=\"checkbox\" value=\"gorzow-wielkopolski-en\" id=\"location293\" ><label class=\"form-check-label\" for=\"location293\">Gorz\u00f3w Wielkopolski<\/label><\/div><div class=\"form-check job-offers__form-check\" data-value=\"katowice-en\" data-query=\"filter[location]\"><input class=\"form-check-input\" type=\"checkbox\" value=\"katowice-en\" id=\"location295\" ><label class=\"form-check-label\" for=\"location295\">Katowice<\/label><\/div><div class=\"form-check job-offers__form-check\" data-value=\"kedzierzyn-kozle-en\" data-query=\"filter[location]\"><input class=\"form-check-input\" type=\"checkbox\" value=\"kedzierzyn-kozle-en\" id=\"location296\" ><label class=\"form-check-label\" for=\"location296\">K\u0119dzierzyn Ko\u017cle<\/label><\/div><div class=\"form-check job-offers__form-check\" data-value=\"krakow-en\" data-query=\"filter[location]\"><input class=\"form-check-input\" type=\"checkbox\" value=\"krakow-en\" id=\"location297\" ><label class=\"form-check-label\" for=\"location297\">Krak\u00f3w<\/label><\/div><div class=\"form-check job-offers__form-check\" data-value=\"lodz-en\" data-query=\"filter[location]\"><input class=\"form-check-input\" type=\"checkbox\" value=\"lodz-en\" id=\"location304\" ><label class=\"form-check-label\" for=\"location304\">\u0141\u00f3d\u017c<\/label><\/div><div class=\"form-check job-offers__form-check\" data-value=\"opole-en\" data-query=\"filter[location]\"><input class=\"form-check-input\" type=\"checkbox\" value=\"opole-en\" id=\"location306\" ><label class=\"form-check-label\" for=\"location306\">Opole<\/label><\/div><div class=\"form-check job-offers__form-check\" data-value=\"rzeszow-en\" data-query=\"filter[location]\"><input class=\"form-check-input\" type=\"checkbox\" value=\"rzeszow-en\" id=\"location309\" ><label class=\"form-check-label\" for=\"location309\">Rzesz\u00f3w<\/label><\/div><div class=\"form-check job-offers__form-check\" data-value=\"torun-en\" data-query=\"filter[location]\"><input class=\"form-check-input\" type=\"checkbox\" value=\"torun-en\" id=\"location312\" ><label class=\"form-check-label\" for=\"location312\">Toru\u0144<\/label><\/div><div class=\"form-check job-offers__form-check\" data-value=\"wroclaw-en\" data-query=\"filter[location]\"><input class=\"form-check-input\" type=\"checkbox\" value=\"wroclaw-en\" id=\"location313\" ><label class=\"form-check-label\" for=\"location313\">Wroc\u0142aw<\/label><\/div><div class=\"form-check job-offers__form-check\" data-value=\"lublin-en\" data-query=\"filter[location]\"><input class=\"form-check-input\" type=\"checkbox\" value=\"lublin-en\" id=\"location314\" ><label class=\"form-check-label\" for=\"location314\">Lublin<\/label><\/div><div class=\"form-check job-offers__form-check\" data-value=\"zielona-gora-en\" data-query=\"filter[location]\"><input class=\"form-check-input\" type=\"checkbox\" value=\"zielona-gora-en\" id=\"location315\" ><label class=\"form-check-label\" for=\"location315\">Zielona G\u00f3ra<\/label><\/div><div class=\"form-check job-offers__form-check\" data-value=\"warsaw\" data-query=\"filter[location]\"><input class=\"form-check-input\" type=\"checkbox\" value=\"warsaw\" id=\"location316\" ><label class=\"form-check-label\" for=\"location316\">Warsaw<\/label><\/div><\/div><\/div><\/div><div class=\"accordion-item\"><h2 class=\"accordion-header\" id=\"heade1afc56ad0cf\"><button class=\"accordion-button collapsed\" type=\"button\" data-bs-toggle=\"collapse\" data-bs-target=\"#cole1afc56ad0cf\" aria-expanded=\"false\" aria-controls=\"cole1afc56ad0cf\"><span class=\"job-offers__filter-title\">institutes<\/span><\/button><\/h2><div id=\"cole1afc56ad0cf\" class=\"accordion-collapse collapse \" aria-labelledby=\"heade1afc56ad0cf\"><div class=\"accordion-body job-offers__accordion-body\"><div class=\"form-check job-offers__form-check\" data-value=\"lukasiewicz-institute-of-ceramics-and-building-materials\" data-query=\"filter[institute]\" data-url=\"\/kariera\"><input class=\"form-check-input\" type=\"checkbox\" value=\"lukasiewicz-institute-of-ceramics-and-building-materials\" id=\"institute264\" ><label class=\"form-check-label\" for=\"institutelukasiewicz-institute-of-ceramics-and-building-materials\">\u0141ukasiewicz - Institute of ceramics and building materials<\/label><\/div><div class=\"form-check job-offers__form-check\" data-value=\"lukasiewicz-cracow-institute-of-technology\" data-query=\"filter[institute]\" data-url=\"\/kariera\"><input class=\"form-check-input\" type=\"checkbox\" value=\"lukasiewicz-cracow-institute-of-technology\" id=\"institute265\" ><label class=\"form-check-label\" for=\"institutelukasiewicz-cracow-institute-of-technology\">\u0141ukasiewicz \u2013 Cracow Institute of Technology<\/label><\/div><div class=\"form-check job-offers__form-check\" data-value=\"lukasiewicz-industrial-automotive-institute\" data-query=\"filter[institute]\" data-url=\"\/kariera\"><input class=\"form-check-input\" type=\"checkbox\" value=\"lukasiewicz-industrial-automotive-institute\" id=\"institute266\" ><label class=\"form-check-label\" for=\"institutelukasiewicz-industrial-automotive-institute\">\u0141ukasiewicz \u2013 Industrial Automotive Institute<\/label><\/div><div class=\"form-check job-offers__form-check\" data-value=\"lukasiewicz-industrial-institute-of-automation-and-measurements-piap\" data-query=\"filter[institute]\" data-url=\"\/kariera\"><input class=\"form-check-input\" type=\"checkbox\" value=\"lukasiewicz-industrial-institute-of-automation-and-measurements-piap\" id=\"institute267\" ><label class=\"form-check-label\" for=\"institutelukasiewicz-industrial-institute-of-automation-and-measurements-piap\">\u0141ukasiewicz \u2013 Industrial Institute of Automation and Measurements PIAP<\/label><\/div><div class=\"form-check job-offers__form-check\" data-value=\"lukasiewicz-itech-institute-of-innovation-and-technology\" data-query=\"filter[institute]\" data-url=\"\/kariera\"><input class=\"form-check-input\" type=\"checkbox\" value=\"lukasiewicz-itech-institute-of-innovation-and-technology\" id=\"institute268\" ><label class=\"form-check-label\" for=\"institutelukasiewicz-itech-institute-of-innovation-and-technology\">\u0141ukasiewicz \u2013 ITECH Institute of Innovation and Technology<\/label><\/div><div class=\"form-check job-offers__form-check\" data-value=\"lukasiewicz-institute-for-sustainable-technologies\" data-query=\"filter[institute]\" data-url=\"\/kariera\"><input class=\"form-check-input\" type=\"checkbox\" value=\"lukasiewicz-institute-for-sustainable-technologies\" id=\"institute269\" ><label class=\"form-check-label\" for=\"institutelukasiewicz-institute-for-sustainable-technologies\">\u0141ukasiewicz \u2013 Institute for Sustainable Technologies<\/label><\/div><div class=\"form-check job-offers__form-check\" data-value=\"lukasiewicz-institute-of-aviation\" data-query=\"filter[institute]\" data-url=\"\/kariera\"><input class=\"form-check-input\" type=\"checkbox\" value=\"lukasiewicz-institute-of-aviation\" id=\"institute270\" ><label class=\"form-check-label\" for=\"institutelukasiewicz-institute-of-aviation\">\u0141ukasiewicz \u2013 Institute of Aviation<\/label><\/div><div class=\"form-check job-offers__form-check\" data-value=\"lukasiewicz-institute-of-electrical-engineering\" data-query=\"filter[institute]\" data-url=\"\/kariera\"><input class=\"form-check-input\" type=\"checkbox\" value=\"lukasiewicz-institute-of-electrical-engineering\" id=\"institute272\" ><label class=\"form-check-label\" for=\"institutelukasiewicz-institute-of-electrical-engineering\">\u0141ukasiewicz \u2013 Institute of Electrical Engineering<\/label><\/div><div class=\"form-check job-offers__form-check\" data-value=\"lukasiewicz-institute-of-heavy-organic-synthesis-blachownia\" data-query=\"filter[institute]\" data-url=\"\/kariera\"><input class=\"form-check-input\" type=\"checkbox\" value=\"lukasiewicz-institute-of-heavy-organic-synthesis-blachownia\" id=\"institute273\" ><label class=\"form-check-label\" for=\"institutelukasiewicz-institute-of-heavy-organic-synthesis-blachownia\">\u0141ukasiewicz \u2013 Institute of Heavy Organic Synthesis \u201cBlachownia\u201d<\/label><\/div><div class=\"form-check job-offers__form-check\" data-value=\"lukasiewicz-institute-of-industrial-chemistry\" data-query=\"filter[institute]\" data-url=\"\/kariera\"><input class=\"form-check-input\" type=\"checkbox\" value=\"lukasiewicz-institute-of-industrial-chemistry\" id=\"institute274\" ><label class=\"form-check-label\" for=\"institutelukasiewicz-institute-of-industrial-chemistry\">\u0141ukasiewicz \u2013 Institute of Industrial Chemistry<\/label><\/div><div class=\"form-check job-offers__form-check\" data-value=\"lukasiewicz-institute-of-innovative-technologies-emag\" data-query=\"filter[institute]\" data-url=\"\/kariera\"><input class=\"form-check-input\" type=\"checkbox\" value=\"lukasiewicz-institute-of-innovative-technologies-emag\" id=\"institute275\" ><label class=\"form-check-label\" for=\"institutelukasiewicz-institute-of-innovative-technologies-emag\">\u0141ukasiewicz \u2013 Institute of Innovative Technologies EMAG<\/label><\/div><div class=\"form-check job-offers__form-check\" data-value=\"lukasiewicz-institute-of-microelectronics-and-photonics\" data-query=\"filter[institute]\" data-url=\"\/kariera\"><input class=\"form-check-input\" type=\"checkbox\" value=\"lukasiewicz-institute-of-microelectronics-and-photonics\" id=\"institute279\" ><label class=\"form-check-label\" for=\"institutelukasiewicz-institute-of-microelectronics-and-photonics\">\u0141ukasiewicz \u2013 Institute of Microelectronics and Photonics<\/label><\/div><div class=\"form-check job-offers__form-check\" data-value=\"lukasiewicz-institute-of-new-chemical-syntheses\" data-query=\"filter[institute]\" data-url=\"\/kariera\"><input class=\"form-check-input\" type=\"checkbox\" value=\"lukasiewicz-institute-of-new-chemical-syntheses\" id=\"institute280\" ><label class=\"form-check-label\" for=\"institutelukasiewicz-institute-of-new-chemical-syntheses\">\u0141ukasiewicz \u2013 Institute of New Chemical Syntheses<\/label><\/div><div class=\"form-check job-offers__form-check\" data-value=\"lukasiewicz-institute-of-non-ferrous-metals\" data-query=\"filter[institute]\" data-url=\"\/kariera\"><input class=\"form-check-input\" type=\"checkbox\" value=\"lukasiewicz-institute-of-non-ferrous-metals\" id=\"institute281\" ><label class=\"form-check-label\" for=\"institutelukasiewicz-institute-of-non-ferrous-metals\">\u0141ukasiewicz \u2013 Institute of Non-Ferrous Metals<\/label><\/div><div class=\"form-check job-offers__form-check\" data-value=\"lukasiewicz-institute-of-organic-industry\" data-query=\"filter[institute]\" data-url=\"\/kariera\"><input class=\"form-check-input\" type=\"checkbox\" value=\"lukasiewicz-institute-of-organic-industry\" id=\"institute282\" ><label class=\"form-check-label\" for=\"institutelukasiewicz-institute-of-organic-industry\">\u0141ukasiewicz \u2013 Institute of Organic Industry<\/label><\/div><div class=\"form-check job-offers__form-check\" data-value=\"lukasiewicz-lodz-institute-of-technology\" data-query=\"filter[institute]\" data-url=\"\/kariera\"><input class=\"form-check-input\" type=\"checkbox\" value=\"lukasiewicz-lodz-institute-of-technology\" id=\"institute286\" ><label class=\"form-check-label\" for=\"institutelukasiewicz-lodz-institute-of-technology\">\u0141ukasiewicz \u2013 \u0141\u00f3d\u017a Institute of Technology<\/label><\/div><div class=\"form-check job-offers__form-check\" data-value=\"lukasiewicz-polish-technology-development-centre\" data-query=\"filter[institute]\" data-url=\"\/kariera\"><input class=\"form-check-input\" type=\"checkbox\" value=\"lukasiewicz-polish-technology-development-centre\" id=\"institute287\" ><label class=\"form-check-label\" for=\"institutelukasiewicz-polish-technology-development-centre\">\u0141ukasiewicz \u2013 Polish Technology Development Centre<\/label><\/div><div class=\"form-check job-offers__form-check\" data-value=\"lukasiewicz-poznan-institute-of-technology\" data-query=\"filter[institute]\" data-url=\"\/kariera\"><input class=\"form-check-input\" type=\"checkbox\" value=\"lukasiewicz-poznan-institute-of-technology\" id=\"institute288\" ><label class=\"form-check-label\" for=\"institutelukasiewicz-poznan-institute-of-technology\">\u0141ukasiewicz \u2013 Pozna\u0144 Institute of Technology<\/label><\/div><div class=\"form-check job-offers__form-check\" data-value=\"lukasiewicz-tele-and-radio-research-institute\" data-query=\"filter[institute]\" data-url=\"\/kariera\"><input class=\"form-check-input\" type=\"checkbox\" value=\"lukasiewicz-tele-and-radio-research-institute\" id=\"institute289\" ><label class=\"form-check-label\" for=\"institutelukasiewicz-tele-and-radio-research-institute\">\u0141ukasiewicz \u2013 Tele and Radio Research Institute<\/label><\/div><div class=\"form-check job-offers__form-check\" data-value=\"lukasiewicz-centre\" data-query=\"filter[institute]\" data-url=\"\/kariera\"><input class=\"form-check-input\" type=\"checkbox\" value=\"lukasiewicz-centre\" id=\"institute290\" ><label class=\"form-check-label\" for=\"institutelukasiewicz-centre\">\u0141ukasiewicz Centre<\/label><\/div><\/div><\/div><\/div><div class=\"accordion-item\"><h2 class=\"accordion-header\" id=\"head9b8129888d71\"><button class=\"accordion-button collapsed\" type=\"button\" data-bs-toggle=\"collapse\" data-bs-target=\"#col9b8129888d71\" aria-expanded=\"false\" aria-controls=\"col9b8129888d71\"><span class=\"job-offers__filter-title\">experience level<\/span><\/button><\/h2><div id=\"col9b8129888d71\" class=\"accordion-collapse collapse \" aria-labelledby=\"head9b8129888d71\"><div class=\"accordion-body job-offers__accordion-body\"><div class=\"form-check job-offers__form-check\" data-value=\"specialist-regular\" data-query=\"filter[experience_level]\"><input class=\"form-check-input\" type=\"checkbox\" value=\"specialist-regular\" id=\"experienceLevel671\" ><label class=\"form-check-label\" for=\"experienceLevel671\">specialist (regular)<\/label><\/div><div class=\"form-check job-offers__form-check\" data-value=\"glowny-specjalista-en\" data-query=\"filter[experience_level]\"><input class=\"form-check-input\" type=\"checkbox\" value=\"glowny-specjalista-en\" id=\"experienceLevel698\" ><label class=\"form-check-label\" for=\"experienceLevel698\">g\u0142\u00f3wny specjalista<\/label><\/div><div class=\"form-check job-offers__form-check\" data-value=\"starszy-specjalista-senior-en\" data-query=\"filter[experience_level]\"><input class=\"form-check-input\" type=\"checkbox\" value=\"starszy-specjalista-senior-en\" id=\"experienceLevel708\" ><label class=\"form-check-label\" for=\"experienceLevel708\">starszy specjalista (senior)<\/label><\/div><\/div><\/div><\/div><\/div><\/div><div class=\"row__content-col mt-4 mt-lg-0\"><div class=\"alert alert-light\">No results in the category<\/div><div class=\"mt-4 mt-lg-5\"><p class=\"job-offer__cta-title mb-0\">Didn\u2019t find an offer that suits you?<\/p><p class=\"job-offer__cta-body mb-3 mb-lg-4\">Send us your CV and we\u2019ll get in touch when we find a role that matches your profile.<\/p><div class=\"send-us-your-cv-eng\"><a href=\"https:\/\/form.erecruiter.pl\/form\/4549d8abb19c42fcaee673f18d9acc53\" class=\"btn btn-primary\">Send us your CV<\/a><\/div><\/div><\/div><\/div>\t\t\t\t<\/div>\n\t\t\t\t<\/div>\n\t\t\t\t\t<\/div>\n\t\t<\/div>\n\t\t\t\t\t<\/div>\n\t\t<\/section>\n\t\t\t\t<\/div>\n\t\t","protected":false},"excerpt":{"rendered":"<p>Career Job Offers at \u0141ukasiewicz \u2013 PORT Below you will find our current job openings, covering both research positions and support teams. Choose the area that interests you, match the role to your skills, and join the \u0141ukasiewicz team. Don\u2019t see a position that fits you? Send us your CV at rekrutacja@port.lukasiewicz.gov.pl \u2013 we will [&hellip;]<\/p>\n","protected":false},"author":218,"featured_media":0,"parent":32172,"menu_order":0,"comment_status":"closed","ping_status":"closed","template":"","meta":{"_acf_changed":false,"_seopress_robots_primary_cat":"","_seopress_titles_title":"","_seopress_titles_desc":"","_seopress_robots_index":"","inline_featured_image":false,"footnotes":""},"class_list":["post-88823","page","type-page","status-publish","hentry"],"acf":{"page_icon":null},"publishpress_future_action":{"enabled":false,"date":"2026-04-29 10:02:03","action":"change-status","newStatus":"draft","terms":[],"taxonomy":"translation_priority","extraData":[]},"publishpress_future_workflow_manual_trigger":{"enabledWorkflows":[]},"_links":{"self":[{"href":"https:\/\/port.lukasiewicz.gov.pl\/en\/wp-json\/wp\/v2\/pages\/88823","targetHints":{"allow":["GET"]}}],"collection":[{"href":"https:\/\/port.lukasiewicz.gov.pl\/en\/wp-json\/wp\/v2\/pages"}],"about":[{"href":"https:\/\/port.lukasiewicz.gov.pl\/en\/wp-json\/wp\/v2\/types\/page"}],"author":[{"embeddable":true,"href":"https:\/\/port.lukasiewicz.gov.pl\/en\/wp-json\/wp\/v2\/users\/218"}],"replies":[{"embeddable":true,"href":"https:\/\/port.lukasiewicz.gov.pl\/en\/wp-json\/wp\/v2\/comments?post=88823"}],"version-history":[{"count":5,"href":"https:\/\/port.lukasiewicz.gov.pl\/en\/wp-json\/wp\/v2\/pages\/88823\/revisions"}],"predecessor-version":[{"id":98621,"href":"https:\/\/port.lukasiewicz.gov.pl\/en\/wp-json\/wp\/v2\/pages\/88823\/revisions\/98621"}],"up":[{"embeddable":true,"href":"https:\/\/port.lukasiewicz.gov.pl\/en\/wp-json\/wp\/v2\/pages\/32172"}],"wp:attachment":[{"href":"https:\/\/port.lukasiewicz.gov.pl\/en\/wp-json\/wp\/v2\/media?parent=88823"}],"curies":[{"name":"wp","href":"https:\/\/api.w.org\/{rel}","templated":true}]}}