{"id":88828,"date":"2025-04-25T14:44:10","date_gmt":"2025-04-25T12:44:10","guid":{"rendered":"https:\/\/port.lukasiewicz.gov.pl\/career\/port-as-an-employer\/"},"modified":"2025-12-16T09:40:26","modified_gmt":"2025-12-16T08:40:26","slug":"port-as-an-employer","status":"publish","type":"page","link":"https:\/\/port.lukasiewicz.gov.pl\/en\/career\/port-as-an-employer\/","title":{"rendered":"PORT as an Employer"},"content":{"rendered":"\t\t<div data-elementor-type=\"wp-page\" data-elementor-id=\"88828\" class=\"elementor elementor-88828 elementor-68588\" data-elementor-post-type=\"page\">\n\t\t\t\t<div class=\"elementor-element elementor-element-86b8355 e-flex e-con-boxed e-con e-parent\" data-id=\"86b8355\" data-element_type=\"container\" data-e-type=\"container\">\n\t\t\t\t\t<div class=\"e-con-inner\">\n\t\t<div class=\"elementor-element elementor-element-30ae03d e-con-full e-flex e-con e-child\" data-id=\"30ae03d\" data-element_type=\"container\" data-e-type=\"container\">\n\t\t\t\t<div class=\"elementor-element elementor-element-0e0516d elementor-widget__width-inherit elementor-widget elementor-widget-heading\" data-id=\"0e0516d\" data-element_type=\"widget\" data-e-type=\"widget\" data-widget_type=\"heading.default\">\n\t\t\t\t<div class=\"elementor-widget-container\">\n\t\t\t\t\t<p class=\"elementor-heading-title elementor-size-large\">Career<\/p>\t\t\t\t<\/div>\n\t\t\t\t<\/div>\n\t\t\t\t<div class=\"elementor-element elementor-element-3d7dbad elementor-widget elementor-widget-heading\" data-id=\"3d7dbad\" data-element_type=\"widget\" data-e-type=\"widget\" data-widget_type=\"heading.default\">\n\t\t\t\t<div class=\"elementor-widget-container\">\n\t\t\t\t\t<h2 class=\"elementor-heading-title elementor-size-default\">Working at \u0141ukasiewicz \u2013 PORT<\/h2>\t\t\t\t<\/div>\n\t\t\t\t<\/div>\n\t\t\t\t<\/div>\n\t\t\t\t\t<\/div>\n\t\t\t\t<\/div>\n\t\t<div class=\"elementor-element elementor-element-55f14fc e-flex e-con-boxed e-con e-parent\" data-id=\"55f14fc\" data-element_type=\"container\" data-e-type=\"container\">\n\t\t\t\t\t<div class=\"e-con-inner\">\n\t\t<div class=\"elementor-element elementor-element-0be9f98 e-con-full e-flex e-con e-child\" data-id=\"0be9f98\" data-element_type=\"container\" data-e-type=\"container\" data-settings=\"{&quot;background_background&quot;:&quot;classic&quot;}\">\n\t\t\t\t<div class=\"elementor-element elementor-element-d91a6a8 elementor-widget elementor-widget-text-editor\" data-id=\"d91a6a8\" data-element_type=\"widget\" data-e-type=\"widget\" data-widget_type=\"text-editor.default\">\n\t\t\t\t<div class=\"elementor-widget-container\">\n\t\t\t\t\t\t\t\t\t<p>The research division at \u0141ukasiewicz \u2013 PORT includes three scientific centers: the <strong><a style=\"font-size: 16px\" href=\"https:\/\/port.lukasiewicz.gov.pl\/en\/rd-centers\/life-sciences-and-biotechnology-center\/\" target=\"_blank\" rel=\"noopener\">Life Sciences and Biotechnology Center<\/a><\/strong>, the <strong><a style=\"font-size: 16px\" href=\"https:\/\/port.lukasiewicz.gov.pl\/en\/rd-centers\/population-diagnostics-center\/\" target=\"_blank\" rel=\"noopener\">Population Diagnostics Center<\/a><\/strong>, and the <strong><a style=\"font-size: 16px\" href=\"https:\/\/port.lukasiewicz.gov.pl\/en\/rd-centers\/materials-science-engineering-center\/\" target=\"_blank\" rel=\"noopener\">Materials Science &amp; Engineering Center<\/a><\/strong>, all conducting world-class research aimed at improving different aspects of human life.<b> <\/b>Across all centers, scientists at various career stages, from diverse parts of the world, contribute to our mission.<\/p><p>The research division is supported by specialists in areas such as project acquisition and settlement, commercialization, finance, and human resources. We also have dedicated departments for infrastructure, IT, and <strong><a style=\"font-size: 16px\" href=\"https:\/\/port.lukasiewicz.gov.pl\/en\/get-to-know-us\/social-responsibility-of-science\/\" target=\"_blank\" rel=\"noopener\">social responsibility of science<\/a><\/strong>.<\/p><p><span data-olk-copy-source=\"MessageBody\">As part of one of the largest research networks in Europe, we are committed to equality and diversity, which is why we have implemented a <strong><a href=\"https:\/\/port.lukasiewicz.gov.pl\/en\/career\/port-as-an-employer\/gender-equality-plan\/\">Gender Equality Plan<\/a><\/strong>. Our goal is to provide a safe, inclusive, and discrimination-free workplace for all our employees. <\/span><\/p>\t\t\t\t\t\t\t\t<\/div>\n\t\t\t\t<\/div>\n\t\t\t\t<div class=\"elementor-element elementor-element-1d96b32 elementor-widget elementor-widget-heading\" data-id=\"1d96b32\" data-element_type=\"widget\" data-e-type=\"widget\" data-widget_type=\"heading.default\">\n\t\t\t\t<div class=\"elementor-widget-container\">\n\t\t\t\t\t<h2 class=\"elementor-heading-title elementor-size-default\">What should you know about working at \u0141ukasiewicz \u2013 PORT? <\/h2>\t\t\t\t<\/div>\n\t\t\t\t<\/div>\n\t\t\t\t<div class=\"elementor-element elementor-element-2400aac elementor-widget__width-initial elementor-widget elementor-widget-text-editor\" data-id=\"2400aac\" data-element_type=\"widget\" data-e-type=\"widget\" data-widget_type=\"text-editor.default\">\n\t\t\t\t<div class=\"elementor-widget-container\">\n\t\t\t\t\t\t\t\t\t<ul><li>Initial employment contracts are usually signed for 33 months.<\/li><li>Our Institute is located on a green campus in Pracze Odrza\u0144skie, Wroc\u0142aw.<\/li><li>You can easily get here by train \u2013 it\u2019s only 15 minutes from Wroc\u0142aw G\u0142\u00f3wny, and the train stops right next to our campus.<\/li><li>For those traveling by car, we provide free parking spaces.<\/li><li>We offer financial support for holidays and Christmas through the Company Social Benefits Fund.<\/li><li>Employees benefit from co-financing of sports cards and private medical care.<\/li><li>You can also join our group life insurance plan.<\/li><li>We run an employee referral program.<\/li><li>Every new employee starts with a two-day onboarding program, where they learn about the organization and ways of working together.<\/li><\/ul>\t\t\t\t\t\t\t\t<\/div>\n\t\t\t\t<\/div>\n\t\t\t\t<div class=\"elementor-element elementor-element-2de302e elementor-widget elementor-widget-heading\" data-id=\"2de302e\" data-element_type=\"widget\" data-e-type=\"widget\" data-widget_type=\"heading.default\">\n\t\t\t\t<div class=\"elementor-widget-container\">\n\t\t\t\t\t<h2 class=\"elementor-heading-title elementor-size-default\">Join us<\/h2>\t\t\t\t<\/div>\n\t\t\t\t<\/div>\n\t\t\t\t<div class=\"elementor-element elementor-element-6d839c2 elementor-align-left elementor-widget elementor-widget-button\" data-id=\"6d839c2\" data-element_type=\"widget\" data-e-type=\"widget\" data-widget_type=\"button.default\">\n\t\t\t\t<div class=\"elementor-widget-container\">\n\t\t\t\t\t\t\t\t\t<div class=\"elementor-button-wrapper\">\n\t\t\t\t\t<a class=\"elementor-button elementor-button-link elementor-size-sm\" href=\"https:\/\/port.lukasiewicz.gov.pl\/en\/career\/job-offers\/\">\n\t\t\t\t\t\t<span class=\"elementor-button-content-wrapper\">\n\t\t\t\t\t\t<span class=\"elementor-button-icon\">\n\t\t\t\t<svg aria-hidden=\"true\" class=\"e-font-icon-svg e-fas-arrow-right\" viewBox=\"0 0 448 512\" xmlns=\"http:\/\/www.w3.org\/2000\/svg\"><path d=\"M190.5 66.9l22.2-22.2c9.4-9.4 24.6-9.4 33.9 0L441 239c9.4 9.4 9.4 24.6 0 33.9L246.6 467.3c-9.4 9.4-24.6 9.4-33.9 0l-22.2-22.2c-9.5-9.5-9.3-25 .4-34.3L311.4 296H24c-13.3 0-24-10.7-24-24v-32c0-13.3 10.7-24 24-24h287.4L190.9 101.2c-9.8-9.3-10-24.8-.4-34.3z\"><\/path><\/svg>\t\t\t<\/span>\n\t\t\t\t\t\t\t\t\t<span class=\"elementor-button-text\">VIEW ALL JOB OFFERS<\/span>\n\t\t\t\t\t<\/span>\n\t\t\t\t\t<\/a>\n\t\t\t\t<\/div>\n\t\t\t\t\t\t\t\t<\/div>\n\t\t\t\t<\/div>\n\t\t\t\t<\/div>\n\t\t<div class=\"elementor-element elementor-element-6b13ab9 e-con-full cut-off-wrapper-90 e-flex e-con e-child\" data-id=\"6b13ab9\" data-element_type=\"container\" data-e-type=\"container\" data-settings=\"{&quot;background_background&quot;:&quot;classic&quot;}\">\n\t\t\t\t<\/div>\n\t\t\t\t\t<\/div>\n\t\t\t\t<\/div>\n\t\t\t\t<\/div>\n\t\t","protected":false},"excerpt":{"rendered":"<p>Career Working at \u0141ukasiewicz \u2013 PORT The research division at \u0141ukasiewicz \u2013 PORT includes three scientific centers: the Life Sciences and Biotechnology Center, the Population Diagnostics Center, and the Materials Science &amp; Engineering Center, all conducting world-class research aimed at improving different aspects of human life. Across all centers, scientists at various career stages, from [&hellip;]<\/p>\n","protected":false},"author":218,"featured_media":0,"parent":32172,"menu_order":0,"comment_status":"closed","ping_status":"closed","template":"","meta":{"_acf_changed":false,"_seopress_robots_primary_cat":"","_seopress_titles_title":"","_seopress_titles_desc":"","_seopress_robots_index":"","inline_featured_image":false,"footnotes":""},"class_list":["post-88828","page","type-page","status-publish","hentry"],"acf":{"page_icon":null},"publishpress_future_action":{"enabled":false,"date":"2026-04-25 00:33:13","action":"change-status","newStatus":"draft","terms":[],"taxonomy":"translation_priority","extraData":[]},"publishpress_future_workflow_manual_trigger":{"enabledWorkflows":[]},"_links":{"self":[{"href":"https:\/\/port.lukasiewicz.gov.pl\/en\/wp-json\/wp\/v2\/pages\/88828","targetHints":{"allow":["GET"]}}],"collection":[{"href":"https:\/\/port.lukasiewicz.gov.pl\/en\/wp-json\/wp\/v2\/pages"}],"about":[{"href":"https:\/\/port.lukasiewicz.gov.pl\/en\/wp-json\/wp\/v2\/types\/page"}],"author":[{"embeddable":true,"href":"https:\/\/port.lukasiewicz.gov.pl\/en\/wp-json\/wp\/v2\/users\/218"}],"replies":[{"embeddable":true,"href":"https:\/\/port.lukasiewicz.gov.pl\/en\/wp-json\/wp\/v2\/comments?post=88828"}],"version-history":[{"count":5,"href":"https:\/\/port.lukasiewicz.gov.pl\/en\/wp-json\/wp\/v2\/pages\/88828\/revisions"}],"predecessor-version":[{"id":95286,"href":"https:\/\/port.lukasiewicz.gov.pl\/en\/wp-json\/wp\/v2\/pages\/88828\/revisions\/95286"}],"up":[{"embeddable":true,"href":"https:\/\/port.lukasiewicz.gov.pl\/en\/wp-json\/wp\/v2\/pages\/32172"}],"wp:attachment":[{"href":"https:\/\/port.lukasiewicz.gov.pl\/en\/wp-json\/wp\/v2\/media?parent=88828"}],"curies":[{"name":"wp","href":"https:\/\/api.w.org\/{rel}","templated":true}]}}