{"id":91783,"date":"2025-02-27T13:29:16","date_gmt":"2025-02-27T12:29:16","guid":{"rendered":"https:\/\/port.lukasiewicz.gov.pl\/rd-centers\/life-sciences-and-biotechnology-center\/neurodegeneration-mechanisms-research-group\/publications\/"},"modified":"2025-12-15T11:44:08","modified_gmt":"2025-12-15T10:44:08","slug":"publications","status":"publish","type":"page","link":"https:\/\/port.lukasiewicz.gov.pl\/en\/rd-centers\/p4health-center\/neurodegeneration-mechanisms-research-group\/publications\/","title":{"rendered":"Publications"},"content":{"rendered":"\t\t<div data-elementor-type=\"wp-page\" data-elementor-id=\"91783\" class=\"elementor elementor-91783 elementor-65197\" data-elementor-post-type=\"page\">\n\t\t\t\t<div class=\"elementor-element elementor-element-cb21f23 e-flex e-con-boxed e-con e-parent\" data-id=\"cb21f23\" data-element_type=\"container\" data-e-type=\"container\">\n\t\t\t\t\t<div class=\"e-con-inner\">\n\t\t<div class=\"elementor-element elementor-element-f6387d4 e-con-full e-flex e-con e-child\" data-id=\"f6387d4\" data-element_type=\"container\" data-e-type=\"container\">\n\t\t\t\t<div class=\"elementor-element elementor-element-bf056b0 elementor-widget elementor-widget-heading\" data-id=\"bf056b0\" data-element_type=\"widget\" data-e-type=\"widget\" data-widget_type=\"heading.default\">\n\t\t\t\t<div class=\"elementor-widget-container\">\n\t\t\t\t\t<h1 class=\"elementor-heading-title elementor-size-default\">Neurodegeneration Mechanisms Research Group<\/h1>\t\t\t\t<\/div>\n\t\t\t\t<\/div>\n\t\t\t\t<div class=\"elementor-element elementor-element-f469ad7 elementor-nav-menu--dropdown-none elementor-widget elementor-widget-nav-menu\" data-id=\"f469ad7\" data-element_type=\"widget\" data-e-type=\"widget\" data-settings=\"{&quot;layout&quot;:&quot;horizontal&quot;,&quot;submenu_icon&quot;:{&quot;value&quot;:&quot;&lt;svg aria-hidden=\\&quot;true\\&quot; class=\\&quot;e-font-icon-svg e-fas-caret-down\\&quot; viewBox=\\&quot;0 0 320 512\\&quot; xmlns=\\&quot;http:\\\/\\\/www.w3.org\\\/2000\\\/svg\\&quot;&gt;&lt;path d=\\&quot;M31.3 192h257.3c17.8 0 26.7 21.5 14.1 34.1L174.1 354.8c-7.8 7.8-20.5 7.8-28.3 0L17.2 226.1C4.6 213.5 13.5 192 31.3 192z\\&quot;&gt;&lt;\\\/path&gt;&lt;\\\/svg&gt;&quot;,&quot;library&quot;:&quot;fa-solid&quot;}}\" data-widget_type=\"nav-menu.default\">\n\t\t\t\t<div class=\"elementor-widget-container\">\n\t\t\t\t\t\t\t\t<nav aria-label=\"Menu\" class=\"elementor-nav-menu--main elementor-nav-menu__container elementor-nav-menu--layout-horizontal e--pointer-background e--animation-fade\">\n\t\t\t\t<ul id=\"menu-1-f469ad7\" class=\"elementor-nav-menu\"><li class=\"menu-item menu-item-type-post_type menu-item-object-page menu-item-91904\"><a href=\"https:\/\/port.lukasiewicz.gov.pl\/en\/rd-centers\/p4health-center\/neurodegeneration-mechanisms-research-group\/\" class=\"elementor-item\">About Us<\/a><\/li>\n<li class=\"menu-item menu-item-type-post_type menu-item-object-page menu-item-91903\"><a href=\"https:\/\/port.lukasiewicz.gov.pl\/en\/rd-centers\/p4health-center\/neurodegeneration-mechanisms-research-group\/projects\/\" class=\"elementor-item\">Projects<\/a><\/li>\n<li class=\"menu-item menu-item-type-post_type menu-item-object-page menu-item-91902\"><a href=\"https:\/\/port.lukasiewicz.gov.pl\/en\/rd-centers\/p4health-center\/neurodegeneration-mechanisms-research-group\/publications\/\" class=\"elementor-item\">Publications<\/a><\/li>\n<li class=\"menu-item menu-item-type-post_type menu-item-object-page menu-item-91905\"><a href=\"https:\/\/port.lukasiewicz.gov.pl\/en\/rd-centers\/p4health-center\/neurodegeneration-mechanisms-research-group\/contact\/\" class=\"elementor-item\">Contact<\/a><\/li>\n<\/ul>\t\t\t<\/nav>\n\t\t\t\t\t\t<nav class=\"elementor-nav-menu--dropdown elementor-nav-menu__container\" aria-hidden=\"true\">\n\t\t\t\t<ul id=\"menu-2-f469ad7\" class=\"elementor-nav-menu\"><li class=\"menu-item menu-item-type-post_type menu-item-object-page menu-item-91904\"><a href=\"https:\/\/port.lukasiewicz.gov.pl\/en\/rd-centers\/p4health-center\/neurodegeneration-mechanisms-research-group\/\" class=\"elementor-item\" tabindex=\"-1\">About Us<\/a><\/li>\n<li class=\"menu-item menu-item-type-post_type menu-item-object-page menu-item-91903\"><a href=\"https:\/\/port.lukasiewicz.gov.pl\/en\/rd-centers\/p4health-center\/neurodegeneration-mechanisms-research-group\/projects\/\" class=\"elementor-item\" tabindex=\"-1\">Projects<\/a><\/li>\n<li class=\"menu-item menu-item-type-post_type menu-item-object-page menu-item-91902\"><a href=\"https:\/\/port.lukasiewicz.gov.pl\/en\/rd-centers\/p4health-center\/neurodegeneration-mechanisms-research-group\/publications\/\" class=\"elementor-item\" tabindex=\"-1\">Publications<\/a><\/li>\n<li class=\"menu-item menu-item-type-post_type menu-item-object-page menu-item-91905\"><a href=\"https:\/\/port.lukasiewicz.gov.pl\/en\/rd-centers\/p4health-center\/neurodegeneration-mechanisms-research-group\/contact\/\" class=\"elementor-item\" tabindex=\"-1\">Contact<\/a><\/li>\n<\/ul>\t\t\t<\/nav>\n\t\t\t\t\t\t<\/div>\n\t\t\t\t<\/div>\n\t\t\t\t<\/div>\n\t\t\t\t\t<\/div>\n\t\t\t\t<\/div>\n\t\t<div class=\"elementor-element elementor-element-5f4f1d2e e-flex e-con-boxed e-con e-parent\" data-id=\"5f4f1d2e\" data-element_type=\"container\" data-e-type=\"container\">\n\t\t\t\t\t<div class=\"e-con-inner\">\n\t\t<div class=\"elementor-element elementor-element-5fe25ec0 e-con-full e-flex e-con e-child\" data-id=\"5fe25ec0\" data-element_type=\"container\" data-e-type=\"container\">\n\t\t\t\t<div class=\"elementor-element elementor-element-2d620c6b elementor-widget elementor-widget-heading\" data-id=\"2d620c6b\" data-element_type=\"widget\" data-e-type=\"widget\" data-widget_type=\"heading.default\">\n\t\t\t\t<div class=\"elementor-widget-container\">\n\t\t\t\t\t<h2 class=\"elementor-heading-title elementor-size-default\">Publications<\/h2>\t\t\t\t<\/div>\n\t\t\t\t<\/div>\n\t\t\t\t<\/div>\n\t\t<div class=\"elementor-element elementor-element-a59eee5 e-con-full e-flex e-con e-child\" data-id=\"a59eee5\" data-element_type=\"container\" data-e-type=\"container\">\n\t\t\t\t<div class=\"elementor-element elementor-element-ecc0bc6 elementor-widget elementor-widget-image\" data-id=\"ecc0bc6\" data-element_type=\"widget\" data-e-type=\"widget\" data-widget_type=\"image.default\">\n\t\t\t\t<div class=\"elementor-widget-container\">\n\t\t\t\t\t\t\t\t\t\t\t\t\t\t\t<img decoding=\"async\" src=\"https:\/\/port.lukasiewicz.gov.pl\/wp-content\/uploads\/sites\/35\/elementor\/thumbs\/27-r6wgowb1hbs0r3l4z87w3ukfqbgcet96w2svsw8nsk.webp\" title=\"27\" alt=\"27\" loading=\"lazy\" \/>\t\t\t\t\t\t\t\t\t\t\t\t\t\t\t<\/div>\n\t\t\t\t<\/div>\n\t\t\t\t<div class=\"elementor-element elementor-element-997131a elementor-widget elementor-widget-heading\" data-id=\"997131a\" data-element_type=\"widget\" data-e-type=\"widget\" data-widget_type=\"heading.default\">\n\t\t\t\t<div class=\"elementor-widget-container\">\n\t\t\t\t\t<h3 class=\"elementor-heading-title elementor-size-default\">An Overview of Methods for Detecting eIF2\u03b1 Phosphorylation and the Integrated Stress Response<\/h3>\t\t\t\t<\/div>\n\t\t\t\t<\/div>\n\t\t\t\t<div class=\"elementor-element elementor-element-a7772ba elementor-widget elementor-widget-text-editor\" data-id=\"a7772ba\" data-element_type=\"widget\" data-e-type=\"widget\" data-widget_type=\"text-editor.default\">\n\t\t\t\t<div class=\"elementor-widget-container\">\n\t\t\t\t\t\t\t\t\t<p>Krzyzosiak A., Pitera A., Bertolotti A.<\/p>\t\t\t\t\t\t\t\t<\/div>\n\t\t\t\t<\/div>\n\t\t\t\t<div class=\"elementor-element elementor-element-39d8700 elementor-widget elementor-widget-text-editor\" data-id=\"39d8700\" data-element_type=\"widget\" data-e-type=\"widget\" data-widget_type=\"text-editor.default\">\n\t\t\t\t<div class=\"elementor-widget-container\">\n\t\t\t\t\t\t\t\t\t<p>(2022) <em><strong>Methods Mol Biol.<\/strong><\/em> 2428:3-18<\/p>\t\t\t\t\t\t\t\t<\/div>\n\t\t\t\t<\/div>\n\t\t\t\t<\/div>\n\t\t<div class=\"elementor-element elementor-element-659527cb e-con-full e-flex e-con e-child\" data-id=\"659527cb\" data-element_type=\"container\" data-e-type=\"container\">\n\t\t\t\t<div class=\"elementor-element elementor-element-17b0a55a elementor-widget elementor-widget-image\" data-id=\"17b0a55a\" data-element_type=\"widget\" data-e-type=\"widget\" data-widget_type=\"image.default\">\n\t\t\t\t<div class=\"elementor-widget-container\">\n\t\t\t\t\t\t\t\t\t\t\t\t\t\t\t<img decoding=\"async\" src=\"https:\/\/port.lukasiewicz.gov.pl\/wp-content\/uploads\/sites\/35\/elementor\/thumbs\/28-r6wgpd84wcf6k2wk8fj6cqaqf94y9d4cyejmfvjkok.webp\" title=\"28\" alt=\"28\" loading=\"lazy\" \/>\t\t\t\t\t\t\t\t\t\t\t\t\t\t\t<\/div>\n\t\t\t\t<\/div>\n\t\t\t\t<div class=\"elementor-element elementor-element-6485fc91 elementor-widget elementor-widget-heading\" data-id=\"6485fc91\" data-element_type=\"widget\" data-e-type=\"widget\" data-widget_type=\"heading.default\">\n\t\t\t\t<div class=\"elementor-widget-container\">\n\t\t\t\t\t<h3 class=\"elementor-heading-title elementor-size-default\">Vitamin A5\/X controls stress-adaptation and prevents depressive-like behaviors in a mouse model of chronic stress<\/h3>\t\t\t\t<\/div>\n\t\t\t\t<\/div>\n\t\t\t\t<div class=\"elementor-element elementor-element-2fa11ca2 elementor-widget elementor-widget-text-editor\" data-id=\"2fa11ca2\" data-element_type=\"widget\" data-e-type=\"widget\" data-widget_type=\"text-editor.default\">\n\t\t\t\t<div class=\"elementor-widget-container\">\n\t\t\t\t\t\t\t\t\t<p>Krzyzosiak A., Podlesny-Drabiniok A., Vaz B., Alvarez R., R\u00fchl R., de Lera AR., Krezel W.<\/p>\t\t\t\t\t\t\t\t<\/div>\n\t\t\t\t<\/div>\n\t\t\t\t<div class=\"elementor-element elementor-element-3eb1e11e elementor-widget elementor-widget-text-editor\" data-id=\"3eb1e11e\" data-element_type=\"widget\" data-e-type=\"widget\" data-widget_type=\"text-editor.default\">\n\t\t\t\t<div class=\"elementor-widget-container\">\n\t\t\t\t\t\t\t\t\t<p>(2021) <em><strong>Neurobiol Stress.<\/strong><\/em> Aug 3;15:100375<\/p>\t\t\t\t\t\t\t\t<\/div>\n\t\t\t\t<\/div>\n\t\t\t\t<\/div>\n\t\t<div class=\"elementor-element elementor-element-3c0cb9e9 e-con-full e-flex e-con e-child\" data-id=\"3c0cb9e9\" data-element_type=\"container\" data-e-type=\"container\">\n\t\t\t\t<div class=\"elementor-element elementor-element-72c5d124 elementor-widget elementor-widget-image\" data-id=\"72c5d124\" data-element_type=\"widget\" data-e-type=\"widget\" data-widget_type=\"image.default\">\n\t\t\t\t<div class=\"elementor-widget-container\">\n\t\t\t\t\t\t\t\t\t\t\t\t\t\t\t<img decoding=\"async\" src=\"https:\/\/port.lukasiewicz.gov.pl\/wp-content\/uploads\/sites\/35\/elementor\/thumbs\/29-r6wgpaembubbl90nowban90cn3ium9t5y0l601nr78.webp\" title=\"29\" alt=\"29\" loading=\"lazy\" \/>\t\t\t\t\t\t\t\t\t\t\t\t\t\t\t<\/div>\n\t\t\t\t<\/div>\n\t\t\t\t<div class=\"elementor-element elementor-element-1539dda6 elementor-widget elementor-widget-heading\" data-id=\"1539dda6\" data-element_type=\"widget\" data-e-type=\"widget\" data-widget_type=\"heading.default\">\n\t\t\t\t<div class=\"elementor-widget-container\">\n\t\t\t\t\t<h3 class=\"elementor-heading-title elementor-size-default\">Target-Based Discovery of an Inhibitor of the Regulatory Phosphatase PPP1R15B<\/h3>\t\t\t\t<\/div>\n\t\t\t\t<\/div>\n\t\t\t\t<div class=\"elementor-element elementor-element-569b0534 elementor-widget elementor-widget-text-editor\" data-id=\"569b0534\" data-element_type=\"widget\" data-e-type=\"widget\" data-widget_type=\"text-editor.default\">\n\t\t\t\t<div class=\"elementor-widget-container\">\n\t\t\t\t\t\t\t\t\t<p>Krzyzosiak A., Sigurdardottir A., Luh L., Carrara M., Das I., Schneider K., and Bertolotti A.<\/p>\t\t\t\t\t\t\t\t<\/div>\n\t\t\t\t<\/div>\n\t\t\t\t<div class=\"elementor-element elementor-element-33dd29ba elementor-widget elementor-widget-text-editor\" data-id=\"33dd29ba\" data-element_type=\"widget\" data-e-type=\"widget\" data-widget_type=\"text-editor.default\">\n\t\t\t\t<div class=\"elementor-widget-container\">\n\t\t\t\t\t\t\t\t\t<p>(2018) <em><strong>Cell.<\/strong><\/em> Aug 23; 174(5), 1216\u20131228<\/p>\t\t\t\t\t\t\t\t<\/div>\n\t\t\t\t<\/div>\n\t\t\t\t<\/div>\n\t\t<div class=\"elementor-element elementor-element-5999f02 e-con-full e-flex e-con e-child\" data-id=\"5999f02\" data-element_type=\"container\" data-e-type=\"container\">\n\t\t\t\t<div class=\"elementor-element elementor-element-acd5781 elementor-widget elementor-widget-image\" data-id=\"acd5781\" data-element_type=\"widget\" data-e-type=\"widget\" data-widget_type=\"image.default\">\n\t\t\t\t<div class=\"elementor-widget-container\">\n\t\t\t\t\t\t\t\t\t\t\t\t\t\t\t<img decoding=\"async\" src=\"https:\/\/port.lukasiewicz.gov.pl\/wp-content\/uploads\/sites\/35\/elementor\/thumbs\/30-r6wgp8ixy68qy13dzvi1i9hfgbs46vlp9ra71hqjjo.webp\" title=\"30\" alt=\"30\" loading=\"lazy\" \/>\t\t\t\t\t\t\t\t\t\t\t\t\t\t\t<\/div>\n\t\t\t\t<\/div>\n\t\t\t\t<div class=\"elementor-element elementor-element-de01a85 elementor-widget elementor-widget-heading\" data-id=\"de01a85\" data-element_type=\"widget\" data-e-type=\"widget\" data-widget_type=\"heading.default\">\n\t\t\t\t<div class=\"elementor-widget-container\">\n\t\t\t\t\t<h3 class=\"elementor-heading-title elementor-size-default\">Genome-wide Analysis of RAR\u03b2 Transcriptional Targets in Mouse Striatum Links Retinoic Acid Signaling with Huntington\u2019s Disease and Other Neurodegenerative Disorders<\/h3>\t\t\t\t<\/div>\n\t\t\t\t<\/div>\n\t\t\t\t<div class=\"elementor-element elementor-element-2b9b46b elementor-widget elementor-widget-text-editor\" data-id=\"2b9b46b\" data-element_type=\"widget\" data-e-type=\"widget\" data-widget_type=\"text-editor.default\">\n\t\t\t\t<div class=\"elementor-widget-container\">\n\t\t\t\t\t\t\t\t\t<p>Niewiadomska-Cimicka A., Krzy\u017cosiak A., Ye T., Podle\u015bny-Drabiniok A., Demb\u00e9l\u00e9 D., Doll\u00e9 P., Kr\u0119\u017cel W.<\/p>\t\t\t\t\t\t\t\t<\/div>\n\t\t\t\t<\/div>\n\t\t\t\t<div class=\"elementor-element elementor-element-58a0815 elementor-widget elementor-widget-text-editor\" data-id=\"58a0815\" data-element_type=\"widget\" data-e-type=\"widget\" data-widget_type=\"text-editor.default\">\n\t\t\t\t<div class=\"elementor-widget-container\">\n\t\t\t\t\t\t\t\t\t<p>(2017) <em><strong>Mol Neurobiol.<\/strong><\/em> Jul;54(5):3859-3878<\/p>\t\t\t\t\t\t\t\t<\/div>\n\t\t\t\t<\/div>\n\t\t\t\t<\/div>\n\t\t<div class=\"elementor-element elementor-element-f5f0e89 e-con-full e-flex e-con e-child\" data-id=\"f5f0e89\" data-element_type=\"container\" data-e-type=\"container\">\n\t\t\t\t<div class=\"elementor-element elementor-element-e17e17f elementor-widget elementor-widget-image\" data-id=\"e17e17f\" data-element_type=\"widget\" data-e-type=\"widget\" data-widget_type=\"image.default\">\n\t\t\t\t<div class=\"elementor-widget-container\">\n\t\t\t\t\t\t\t\t\t\t\t\t\t\t\t<img decoding=\"async\" src=\"https:\/\/port.lukasiewicz.gov.pl\/wp-content\/uploads\/sites\/35\/elementor\/thumbs\/31-r6wgp5pfdo4vz77hgca5ss71o660jsai9dbqlnuq2c.webp\" title=\"31\" alt=\"31\" loading=\"lazy\" \/>\t\t\t\t\t\t\t\t\t\t\t\t\t\t\t<\/div>\n\t\t\t\t<\/div>\n\t\t\t\t<div class=\"elementor-element elementor-element-83b3852 elementor-widget elementor-widget-heading\" data-id=\"83b3852\" data-element_type=\"widget\" data-e-type=\"widget\" data-widget_type=\"heading.default\">\n\t\t\t\t<div class=\"elementor-widget-container\">\n\t\t\t\t\t<h3 class=\"elementor-heading-title elementor-size-default\">9-cis-13,14-Dihydroretinoic Acid Is an Endogenous Retinoid Acting as RXR Ligand in Mice<\/h3>\t\t\t\t<\/div>\n\t\t\t\t<\/div>\n\t\t\t\t<div class=\"elementor-element elementor-element-221e708 elementor-widget elementor-widget-text-editor\" data-id=\"221e708\" data-element_type=\"widget\" data-e-type=\"widget\" data-widget_type=\"text-editor.default\">\n\t\t\t\t<div class=\"elementor-widget-container\">\n\t\t\t\t\t\t\t\t\t<p>R\u00fchl R., Krzy\u017cosiak A., Niewiadomska-Cimicka A., Rochel N., Szeles L., Vaz B., Wietrzych-Schindler M., \u00c1lvarez S., Szklenar M., Nagy L., de Lera AR., Kr\u0119\u017cel W.<\/p>\t\t\t\t\t\t\t\t<\/div>\n\t\t\t\t<\/div>\n\t\t\t\t<div class=\"elementor-element elementor-element-b08f142 elementor-widget elementor-widget-text-editor\" data-id=\"b08f142\" data-element_type=\"widget\" data-e-type=\"widget\" data-widget_type=\"text-editor.default\">\n\t\t\t\t<div class=\"elementor-widget-container\">\n\t\t\t\t\t\t\t\t\t<p>(2015) <em><strong>PLoS Genet.<\/strong><\/em> Jun 1;11(6):e1005213<\/p>\t\t\t\t\t\t\t\t<\/div>\n\t\t\t\t<\/div>\n\t\t\t\t<\/div>\n\t\t<div class=\"elementor-element elementor-element-631e6eb e-con-full e-flex e-con e-child\" data-id=\"631e6eb\" data-element_type=\"container\" data-e-type=\"container\">\n\t\t\t\t<div class=\"elementor-element elementor-element-321bddb elementor-widget elementor-widget-image\" data-id=\"321bddb\" data-element_type=\"widget\" data-e-type=\"widget\" data-widget_type=\"image.default\">\n\t\t\t\t<div class=\"elementor-widget-container\">\n\t\t\t\t\t\t\t\t\t\t\t\t\t\t\t<img decoding=\"async\" src=\"https:\/\/port.lukasiewicz.gov.pl\/wp-content\/uploads\/sites\/35\/elementor\/thumbs\/32-r6wgp2vwt6110dbkwt2a3awnw0jwwozb8zda5tywl0.webp\" title=\"32\" alt=\"32\" loading=\"lazy\" \/>\t\t\t\t\t\t\t\t\t\t\t\t\t\t\t<\/div>\n\t\t\t\t<\/div>\n\t\t\t\t<div class=\"elementor-element elementor-element-8cc5cdb elementor-widget elementor-widget-heading\" data-id=\"8cc5cdb\" data-element_type=\"widget\" data-e-type=\"widget\" data-widget_type=\"heading.default\">\n\t\t\t\t<div class=\"elementor-widget-container\">\n\t\t\t\t\t<h3 class=\"elementor-heading-title elementor-size-default\">Preventing proteostasis diseases by selective inhibition of a phosphatase regulatory subunit<\/h3>\t\t\t\t<\/div>\n\t\t\t\t<\/div>\n\t\t\t\t<div class=\"elementor-element elementor-element-80362e7 elementor-widget elementor-widget-text-editor\" data-id=\"80362e7\" data-element_type=\"widget\" data-e-type=\"widget\" data-widget_type=\"text-editor.default\">\n\t\t\t\t<div class=\"elementor-widget-container\">\n\t\t\t\t\t\t\t\t\t<p>Das I., Krzyzosiak A., Schneider K., Wrabetz L., D\u2019Antonio M., Barry N., Sigurdardottir A., Bertolotti A.<\/p>\t\t\t\t\t\t\t\t<\/div>\n\t\t\t\t<\/div>\n\t\t\t\t<div class=\"elementor-element elementor-element-53c270b elementor-widget elementor-widget-text-editor\" data-id=\"53c270b\" data-element_type=\"widget\" data-e-type=\"widget\" data-widget_type=\"text-editor.default\">\n\t\t\t\t<div class=\"elementor-widget-container\">\n\t\t\t\t\t\t\t\t\t<p>(2015) <em><strong>Science.<\/strong><\/em> Apr 10;348(6231):239-42<\/p>\t\t\t\t\t\t\t\t<\/div>\n\t\t\t\t<\/div>\n\t\t\t\t<\/div>\n\t\t<div class=\"elementor-element elementor-element-6caff7a e-con-full e-flex e-con e-child\" data-id=\"6caff7a\" data-element_type=\"container\" data-e-type=\"container\">\n\t\t\t\t<div class=\"elementor-element elementor-element-a8bf927 elementor-widget elementor-widget-image\" data-id=\"a8bf927\" data-element_type=\"widget\" data-e-type=\"widget\" data-widget_type=\"image.default\">\n\t\t\t\t<div class=\"elementor-widget-container\">\n\t\t\t\t\t\t\t\t\t\t\t\t\t\t\t<img decoding=\"async\" src=\"https:\/\/port.lukasiewicz.gov.pl\/wp-content\/uploads\/sites\/35\/elementor\/thumbs\/33-r6wgp02e8nx61jfod9uedtma3uxt9lo48letq0333o.webp\" title=\"33\" alt=\"33\" loading=\"lazy\" \/>\t\t\t\t\t\t\t\t\t\t\t\t\t\t\t<\/div>\n\t\t\t\t<\/div>\n\t\t\t\t<div class=\"elementor-element elementor-element-a4947ec elementor-widget elementor-widget-heading\" data-id=\"a4947ec\" data-element_type=\"widget\" data-e-type=\"widget\" data-widget_type=\"heading.default\">\n\t\t\t\t<div class=\"elementor-widget-container\">\n\t\t\t\t\t<h3 class=\"elementor-heading-title elementor-size-default\">An inducible chaperone adapts proteasome assembly to stress<\/h3>\t\t\t\t<\/div>\n\t\t\t\t<\/div>\n\t\t\t\t<div class=\"elementor-element elementor-element-98d9932 elementor-widget elementor-widget-text-editor\" data-id=\"98d9932\" data-element_type=\"widget\" data-e-type=\"widget\" data-widget_type=\"text-editor.default\">\n\t\t\t\t<div class=\"elementor-widget-container\">\n\t\t\t\t\t\t\t\t\t<p>Hanssum A., Zhong Z., Rousseau A., Krzyzosiak A., Sigurdardottir A., Bertolotti A.<\/p>\t\t\t\t\t\t\t\t<\/div>\n\t\t\t\t<\/div>\n\t\t\t\t<div class=\"elementor-element elementor-element-b5f9bb1 elementor-widget elementor-widget-text-editor\" data-id=\"b5f9bb1\" data-element_type=\"widget\" data-e-type=\"widget\" data-widget_type=\"text-editor.default\">\n\t\t\t\t<div class=\"elementor-widget-container\">\n\t\t\t\t\t\t\t\t\t<p><em><strong>Mol Cell.<\/strong><\/em> Aug 21;55(4):566-77<\/p>\t\t\t\t\t\t\t\t<\/div>\n\t\t\t\t<\/div>\n\t\t\t\t<\/div>\n\t\t<div class=\"elementor-element elementor-element-dbfc01a e-con-full e-flex e-con e-child\" data-id=\"dbfc01a\" data-element_type=\"container\" data-e-type=\"container\">\n\t\t\t\t<div class=\"elementor-element elementor-element-57ec0b0 elementor-widget elementor-widget-image\" data-id=\"57ec0b0\" data-element_type=\"widget\" data-e-type=\"widget\" data-widget_type=\"image.default\">\n\t\t\t\t<div class=\"elementor-widget-container\">\n\t\t\t\t\t\t\t\t\t\t\t\t\t\t\t<img decoding=\"async\" src=\"https:\/\/port.lukasiewicz.gov.pl\/wp-content\/uploads\/sites\/35\/elementor\/thumbs\/31-r6wgp5pfdo4vz77hgca5ss71o660jsai9dbqlnuq2c.webp\" title=\"31\" alt=\"31\" loading=\"lazy\" \/>\t\t\t\t\t\t\t\t\t\t\t\t\t\t\t<\/div>\n\t\t\t\t<\/div>\n\t\t\t\t<div class=\"elementor-element elementor-element-ff326ee elementor-widget elementor-widget-heading\" data-id=\"ff326ee\" data-element_type=\"widget\" data-e-type=\"widget\" data-widget_type=\"heading.default\">\n\t\t\t\t<div class=\"elementor-widget-container\">\n\t\t\t\t\t<h3 class=\"elementor-heading-title elementor-size-default\">Retinoid x receptor gamma control of affective behaviors involves dopaminergic signaling in mice<\/h3>\t\t\t\t<\/div>\n\t\t\t\t<\/div>\n\t\t\t\t<div class=\"elementor-element elementor-element-6c9f7d8 elementor-widget elementor-widget-text-editor\" data-id=\"6c9f7d8\" data-element_type=\"widget\" data-e-type=\"widget\" data-widget_type=\"text-editor.default\">\n\t\t\t\t<div class=\"elementor-widget-container\">\n\t\t\t\t\t\t\t\t\t<p>Krzyzosiak A., Szyszka-Niagolov M., Wietrzych M., Gobaille S., Muramatsu S., Krezel W.<\/p>\t\t\t\t\t\t\t\t<\/div>\n\t\t\t\t<\/div>\n\t\t\t\t<div class=\"elementor-element elementor-element-467773a elementor-widget elementor-widget-text-editor\" data-id=\"467773a\" data-element_type=\"widget\" data-e-type=\"widget\" data-widget_type=\"text-editor.default\">\n\t\t\t\t<div class=\"elementor-widget-container\">\n\t\t\t\t\t\t\t\t\t<p><em><strong>Neuron<\/strong><\/em>. Jun 24,66(6):908-20 <\/p>\t\t\t\t\t\t\t\t<\/div>\n\t\t\t\t<\/div>\n\t\t\t\t<\/div>\n\t\t\t\t\t<\/div>\n\t\t\t\t<\/div>\n\t\t\t\t<\/div>\n\t\t","protected":false},"excerpt":{"rendered":"<p>Neurodegeneration Mechanisms Research Group Publications An Overview of Methods for Detecting eIF2\u03b1 Phosphorylation and the Integrated Stress Response Krzyzosiak A., Pitera A., Bertolotti A. (2022) Methods Mol Biol. 2428:3-18 Vitamin A5\/X controls stress-adaptation and prevents depressive-like behaviors in a mouse model of chronic stress Krzyzosiak A., Podlesny-Drabiniok A., Vaz B., Alvarez R., R\u00fchl R., de [&hellip;]<\/p>\n","protected":false},"author":218,"featured_media":0,"parent":91775,"menu_order":0,"comment_status":"closed","ping_status":"closed","template":"","meta":{"_acf_changed":false,"_seopress_robots_primary_cat":"","_seopress_titles_title":"","_seopress_titles_desc":"","_seopress_robots_index":"","inline_featured_image":false,"footnotes":""},"class_list":["post-91783","page","type-page","status-publish","hentry"],"acf":{"page_icon":null},"publishpress_future_action":{"enabled":false,"date":"2026-04-28 17:22:37","action":"change-status","newStatus":"draft","terms":[],"taxonomy":"translation_priority","extraData":[]},"publishpress_future_workflow_manual_trigger":{"enabledWorkflows":[]},"_links":{"self":[{"href":"https:\/\/port.lukasiewicz.gov.pl\/en\/wp-json\/wp\/v2\/pages\/91783","targetHints":{"allow":["GET"]}}],"collection":[{"href":"https:\/\/port.lukasiewicz.gov.pl\/en\/wp-json\/wp\/v2\/pages"}],"about":[{"href":"https:\/\/port.lukasiewicz.gov.pl\/en\/wp-json\/wp\/v2\/types\/page"}],"author":[{"embeddable":true,"href":"https:\/\/port.lukasiewicz.gov.pl\/en\/wp-json\/wp\/v2\/users\/218"}],"replies":[{"embeddable":true,"href":"https:\/\/port.lukasiewicz.gov.pl\/en\/wp-json\/wp\/v2\/comments?post=91783"}],"version-history":[{"count":1,"href":"https:\/\/port.lukasiewicz.gov.pl\/en\/wp-json\/wp\/v2\/pages\/91783\/revisions"}],"predecessor-version":[{"id":91784,"href":"https:\/\/port.lukasiewicz.gov.pl\/en\/wp-json\/wp\/v2\/pages\/91783\/revisions\/91784"}],"up":[{"embeddable":true,"href":"https:\/\/port.lukasiewicz.gov.pl\/en\/wp-json\/wp\/v2\/pages\/91775"}],"wp:attachment":[{"href":"https:\/\/port.lukasiewicz.gov.pl\/en\/wp-json\/wp\/v2\/media?parent=91783"}],"curies":[{"name":"wp","href":"https:\/\/api.w.org\/{rel}","templated":true}]}}