{"id":91984,"date":"2025-09-18T12:06:36","date_gmt":"2025-09-18T10:06:36","guid":{"rendered":"https:\/\/port.lukasiewicz.gov.pl\/silesian-university-of-technology\/activity\/"},"modified":"2025-12-15T11:34:09","modified_gmt":"2025-12-15T10:34:09","slug":"activity","status":"publish","type":"page","link":"https:\/\/port.lukasiewicz.gov.pl\/en\/silesian-university-of-technology\/activity\/","title":{"rendered":"Activity"},"content":{"rendered":"\t\t<div data-elementor-type=\"wp-page\" data-elementor-id=\"91984\" class=\"elementor elementor-91984 elementor-87754\" data-elementor-post-type=\"page\">\n\t\t\t\t<div class=\"elementor-element elementor-element-9c40552 e-flex e-con-boxed e-con e-parent\" data-id=\"9c40552\" data-element_type=\"container\" data-e-type=\"container\">\n\t\t\t\t\t<div class=\"e-con-inner\">\n\t\t<div class=\"elementor-element elementor-element-487b1ff e-con-full e-flex e-con e-child\" data-id=\"487b1ff\" data-element_type=\"container\" data-e-type=\"container\">\n\t\t\t\t<div class=\"elementor-element elementor-element-efa7a67 elementor-widget elementor-widget-heading\" data-id=\"efa7a67\" data-element_type=\"widget\" data-e-type=\"widget\" data-widget_type=\"heading.default\">\n\t\t\t\t<div class=\"elementor-widget-container\">\n\t\t\t\t\t<h1 class=\"elementor-heading-title elementor-size-default\">Silesian University of Technology<\/h1>\t\t\t\t<\/div>\n\t\t\t\t<\/div>\n\t\t\t\t<div class=\"elementor-element elementor-element-fe63d2b elementor-nav-menu--dropdown-none elementor-widget elementor-widget-nav-menu\" data-id=\"fe63d2b\" data-element_type=\"widget\" data-e-type=\"widget\" data-settings=\"{&quot;layout&quot;:&quot;horizontal&quot;,&quot;submenu_icon&quot;:{&quot;value&quot;:&quot;&lt;svg aria-hidden=\\&quot;true\\&quot; class=\\&quot;e-font-icon-svg e-fas-caret-down\\&quot; viewBox=\\&quot;0 0 320 512\\&quot; xmlns=\\&quot;http:\\\/\\\/www.w3.org\\\/2000\\\/svg\\&quot;&gt;&lt;path d=\\&quot;M31.3 192h257.3c17.8 0 26.7 21.5 14.1 34.1L174.1 354.8c-7.8 7.8-20.5 7.8-28.3 0L17.2 226.1C4.6 213.5 13.5 192 31.3 192z\\&quot;&gt;&lt;\\\/path&gt;&lt;\\\/svg&gt;&quot;,&quot;library&quot;:&quot;fa-solid&quot;}}\" data-widget_type=\"nav-menu.default\">\n\t\t\t\t<div class=\"elementor-widget-container\">\n\t\t\t\t\t\t\t\t<nav aria-label=\"Menu\" class=\"elementor-nav-menu--main elementor-nav-menu__container elementor-nav-menu--layout-horizontal e--pointer-background e--animation-fade\">\n\t\t\t\t<ul id=\"menu-1-fe63d2b\" class=\"elementor-nav-menu\"><li class=\"menu-item menu-item-type-post_type menu-item-object-page menu-item-91990\"><a href=\"https:\/\/port.lukasiewicz.gov.pl\/en\/silesian-university-of-technology\/\" class=\"elementor-item\">About Us<\/a><\/li>\n<li class=\"menu-item menu-item-type-post_type menu-item-object-page menu-item-91993\"><a href=\"https:\/\/port.lukasiewicz.gov.pl\/en\/silesian-university-of-technology\/researches\/\" class=\"elementor-item\">Researches<\/a><\/li>\n<li class=\"menu-item menu-item-type-post_type menu-item-object-page menu-item-91992\"><a href=\"https:\/\/port.lukasiewicz.gov.pl\/en\/silesian-university-of-technology\/publications\/\" class=\"elementor-item\">Publications<\/a><\/li>\n<li class=\"menu-item menu-item-type-post_type menu-item-object-page menu-item-91991\"><a href=\"https:\/\/port.lukasiewicz.gov.pl\/en\/silesian-university-of-technology\/activity\/\" class=\"elementor-item\">Activity<\/a><\/li>\n<\/ul>\t\t\t<\/nav>\n\t\t\t\t\t\t<nav class=\"elementor-nav-menu--dropdown elementor-nav-menu__container\" aria-hidden=\"true\">\n\t\t\t\t<ul id=\"menu-2-fe63d2b\" class=\"elementor-nav-menu\"><li class=\"menu-item menu-item-type-post_type menu-item-object-page menu-item-91990\"><a href=\"https:\/\/port.lukasiewicz.gov.pl\/en\/silesian-university-of-technology\/\" class=\"elementor-item\" tabindex=\"-1\">About Us<\/a><\/li>\n<li class=\"menu-item menu-item-type-post_type menu-item-object-page menu-item-91993\"><a href=\"https:\/\/port.lukasiewicz.gov.pl\/en\/silesian-university-of-technology\/researches\/\" class=\"elementor-item\" tabindex=\"-1\">Researches<\/a><\/li>\n<li class=\"menu-item menu-item-type-post_type menu-item-object-page menu-item-91992\"><a href=\"https:\/\/port.lukasiewicz.gov.pl\/en\/silesian-university-of-technology\/publications\/\" class=\"elementor-item\" tabindex=\"-1\">Publications<\/a><\/li>\n<li class=\"menu-item menu-item-type-post_type menu-item-object-page menu-item-91991\"><a href=\"https:\/\/port.lukasiewicz.gov.pl\/en\/silesian-university-of-technology\/activity\/\" class=\"elementor-item\" tabindex=\"-1\">Activity<\/a><\/li>\n<\/ul>\t\t\t<\/nav>\n\t\t\t\t\t\t<\/div>\n\t\t\t\t<\/div>\n\t\t\t\t<\/div>\n\t\t\t\t\t<\/div>\n\t\t\t\t<\/div>\n\t\t<div class=\"elementor-element elementor-element-ecdcb2a e-flex e-con-boxed e-con e-parent\" data-id=\"ecdcb2a\" data-element_type=\"container\" data-e-type=\"container\">\n\t\t\t\t\t<div class=\"e-con-inner\">\n\t\t<div class=\"elementor-element elementor-element-cdd4c7b e-con-full e-flex e-con e-child\" data-id=\"cdd4c7b\" data-element_type=\"container\" data-e-type=\"container\">\n\t\t\t\t<div class=\"elementor-element elementor-element-408368c elementor-widget elementor-widget-heading\" data-id=\"408368c\" data-element_type=\"widget\" data-e-type=\"widget\" data-widget_type=\"heading.default\">\n\t\t\t\t<div class=\"elementor-widget-container\">\n\t\t\t\t\t<h2 class=\"elementor-heading-title elementor-size-default\">Activity<\/h2>\t\t\t\t<\/div>\n\t\t\t\t<\/div>\n\t\t<div class=\"elementor-element elementor-element-c4fc949 e-grid e-con-full e-con e-child\" data-id=\"c4fc949\" data-element_type=\"container\" data-e-type=\"container\">\n\t\t\t\t<div class=\"elementor-element elementor-element-2bf60b5 elementor-widget elementor-widget-image\" data-id=\"2bf60b5\" data-element_type=\"widget\" data-e-type=\"widget\" data-widget_type=\"image.default\">\n\t\t\t\t<div class=\"elementor-widget-container\">\n\t\t\t\t\t\t\t\t\t\t\t\t<figure class=\"wp-caption\">\n\t\t\t\t\t\t\t\t\t\t<img alt=\"\" fetchpriority=\"high\" decoding=\"async\" width=\"213\" height=\"284\" src=\"https:\/\/port.lukasiewicz.gov.pl\/wp-content\/uploads\/sites\/35\/2025\/09\/politechnika-slaska_aktywnosc_1-e1758179411516.webp\" class=\"attachment-full size-full wp-image-87472\" alt=\"\" \/>\t\t\t\t\t\t\t\t\t\t\t<figcaption class=\"widget-image-caption wp-caption-text\">Students \u2013 scholarship holders during ellipsometric measurements, Magdalena \u017bebrowska and Krzysztof Grabi\u0144ski<\/figcaption>\n\t\t\t\t\t\t\t\t\t\t<\/figure>\n\t\t\t\t\t\t\t\t\t<\/div>\n\t\t\t\t<\/div>\n\t\t\t\t<div class=\"elementor-element elementor-element-2843b18 elementor-widget elementor-widget-image\" data-id=\"2843b18\" data-element_type=\"widget\" data-e-type=\"widget\" data-widget_type=\"image.default\">\n\t\t\t\t<div class=\"elementor-widget-container\">\n\t\t\t\t\t\t\t\t\t\t\t\t<figure class=\"wp-caption\">\n\t\t\t\t\t\t\t\t\t\t<img alt=\"\" decoding=\"async\" width=\"284\" height=\"341\" src=\"https:\/\/port.lukasiewicz.gov.pl\/wp-content\/uploads\/sites\/35\/2025\/09\/politechnika-slaska_aktywnosc_2-e1758179335593.webp\" class=\"attachment-full size-full wp-image-87474\" alt=\"\" \/>\t\t\t\t\t\t\t\t\t\t\t<figcaption class=\"widget-image-caption wp-caption-text\">Katarzyna Wojtasik, PhD and Prof. Pawe\u0142 Karasi\u0144ski during a poster presentation at the 20th National Conference on Electronics<br> <\/figcaption>\n\t\t\t\t\t\t\t\t\t\t<\/figure>\n\t\t\t\t\t\t\t\t\t<\/div>\n\t\t\t\t<\/div>\n\t\t\t\t<div class=\"elementor-element elementor-element-d41ae1a elementor-widget elementor-widget-image\" data-id=\"d41ae1a\" data-element_type=\"widget\" data-e-type=\"widget\" data-widget_type=\"image.default\">\n\t\t\t\t<div class=\"elementor-widget-container\">\n\t\t\t\t\t\t\t\t\t\t\t\t<figure class=\"wp-caption\">\n\t\t\t\t\t\t\t\t\t\t<img alt=\"\" decoding=\"async\" width=\"243\" height=\"323\" src=\"https:\/\/port.lukasiewicz.gov.pl\/wp-content\/uploads\/sites\/35\/2025\/09\/politechnika-slaska_aktywnosc_4-e1758179460776.webp\" class=\"attachment-full size-full wp-image-87478\" alt=\"\" \/>\t\t\t\t\t\t\t\t\t\t\t<figcaption class=\"widget-image-caption wp-caption-text\">Ms. Magdalena Zi\u0119ba, MSc, and Dr Katarzyna Wojtasik presenting a poster at the 2nd National Conference of Science and Industry \u201cPhotovoltaics 2025\u201d, May 31 \u2013 June 3, 2021, Rytro.<br><\/figcaption>\n\t\t\t\t\t\t\t\t\t\t<\/figure>\n\t\t\t\t\t\t\t\t\t<\/div>\n\t\t\t\t<\/div>\n\t\t\t\t<\/div>\n\t\t<div class=\"elementor-element elementor-element-40903f7 e-grid e-con-full e-con e-child\" data-id=\"40903f7\" data-element_type=\"container\" data-e-type=\"container\">\n\t\t\t\t<div class=\"elementor-element elementor-element-4a6e215 elementor-widget elementor-widget-image\" data-id=\"4a6e215\" data-element_type=\"widget\" data-e-type=\"widget\" data-widget_type=\"image.default\">\n\t\t\t\t<div class=\"elementor-widget-container\">\n\t\t\t\t\t\t\t\t\t\t\t\t<figure class=\"wp-caption\">\n\t\t\t\t\t\t\t\t\t\t<img alt=\"\" loading=\"lazy\" decoding=\"async\" width=\"483\" height=\"362\" src=\"https:\/\/port.lukasiewicz.gov.pl\/wp-content\/uploads\/sites\/35\/2025\/09\/politechnika-slaska_aktywnosc_3-e1758179651403.webp\" class=\"attachment-full size-full wp-image-87476\" alt=\"\" \/>\t\t\t\t\t\t\t\t\t\t\t<figcaption class=\"widget-image-caption wp-caption-text\">Prof. Pawe\u0142 Karasi\u0144ski delivering the lecture Dielectric layers fabricated using the sol\u2013gel method for applications in optoelectronics. 2nd National Conference of Science and Industry \u201cPhotovoltaics 2025\u201d, May 31 \u2013 June 3, 2021, Rytro.<br><\/figcaption>\n\t\t\t\t\t\t\t\t\t\t<\/figure>\n\t\t\t\t\t\t\t\t\t<\/div>\n\t\t\t\t<\/div>\n\t\t\t\t<div class=\"elementor-element elementor-element-e7eb016 elementor-widget elementor-widget-image\" data-id=\"e7eb016\" data-element_type=\"widget\" data-e-type=\"widget\" data-widget_type=\"image.default\">\n\t\t\t\t<div class=\"elementor-widget-container\">\n\t\t\t\t\t\t\t\t\t\t\t\t<figure class=\"wp-caption\">\n\t\t\t\t\t\t\t\t\t\t<img alt=\"\" loading=\"lazy\" decoding=\"async\" width=\"1514\" height=\"1009\" src=\"https:\/\/port.lukasiewicz.gov.pl\/wp-content\/uploads\/sites\/35\/2025\/09\/politechnika-slaska_aktywnosc_6-e1758179522486.webp\" class=\"attachment-full size-full wp-image-87482\" alt=\"\" \/>\t\t\t\t\t\t\t\t\t\t\t<figcaption class=\"widget-image-caption wp-caption-text\">Photonics and Nanotechnology Team at the poster session of the 21st National Conference on Electronics, Dar\u0142owo, 05.06\u201309.06.2022<br><\/figcaption>\n\t\t\t\t\t\t\t\t\t\t<\/figure>\n\t\t\t\t\t\t\t\t\t<\/div>\n\t\t\t\t<\/div>\n\t\t\t\t<div class=\"elementor-element elementor-element-8cb6184 elementor-widget elementor-widget-image\" data-id=\"8cb6184\" data-element_type=\"widget\" data-e-type=\"widget\" data-widget_type=\"image.default\">\n\t\t\t\t<div class=\"elementor-widget-container\">\n\t\t\t\t\t\t\t\t\t\t\t\t<figure class=\"wp-caption\">\n\t\t\t\t\t\t\t\t\t\t<img alt=\"\" loading=\"lazy\" decoding=\"async\" width=\"1570\" height=\"1182\" src=\"https:\/\/port.lukasiewicz.gov.pl\/wp-content\/uploads\/sites\/35\/2025\/09\/politechnika-slaska_aktywnosc_7-e1758179571941.webp\" class=\"attachment-full size-full wp-image-87484\" alt=\"\" \/>\t\t\t\t\t\t\t\t\t\t\t<figcaption class=\"widget-image-caption wp-caption-text\">Magdalena Zi\u0119ba, MSc Eng., during an oral presentation at the 21st National Conference on Electronics, Dar\u0142owo 05.06\u201309.06.2022<br> <\/figcaption>\n\t\t\t\t\t\t\t\t\t\t<\/figure>\n\t\t\t\t\t\t\t\t\t<\/div>\n\t\t\t\t<\/div>\n\t\t\t\t<div class=\"elementor-element elementor-element-bb304fa elementor-widget elementor-widget-image\" data-id=\"bb304fa\" data-element_type=\"widget\" data-e-type=\"widget\" data-widget_type=\"image.default\">\n\t\t\t\t<div class=\"elementor-widget-container\">\n\t\t\t\t\t\t\t\t\t\t\t\t<figure class=\"wp-caption\">\n\t\t\t\t\t\t\t\t\t\t<img alt=\"\" loading=\"lazy\" decoding=\"async\" width=\"380\" height=\"285\" src=\"https:\/\/port.lukasiewicz.gov.pl\/wp-content\/uploads\/sites\/35\/2025\/09\/politechnika-slaska_aktywnosc_10-e1758179686184.webp\" class=\"attachment-full size-full wp-image-87490\" alt=\"\" \/>\t\t\t\t\t\t\t\t\t\t\t<figcaption class=\"widget-image-caption wp-caption-text\">Magdalena Zi\u0119ba, MSc Eng., during a poster session at EuroScience Open Forum 2022 Katowice Regional Site\/Leiden, July 13\u201316, 2022, Katowice<br> <\/figcaption>\n\t\t\t\t\t\t\t\t\t\t<\/figure>\n\t\t\t\t\t\t\t\t\t<\/div>\n\t\t\t\t<\/div>\n\t\t\t\t<div class=\"elementor-element elementor-element-e0ee0ba elementor-widget elementor-widget-image\" data-id=\"e0ee0ba\" data-element_type=\"widget\" data-e-type=\"widget\" data-widget_type=\"image.default\">\n\t\t\t\t<div class=\"elementor-widget-container\">\n\t\t\t\t\t\t\t\t\t\t\t\t<figure class=\"wp-caption\">\n\t\t\t\t\t\t\t\t\t\t<img alt=\"\" loading=\"lazy\" decoding=\"async\" width=\"380\" height=\"285\" src=\"https:\/\/port.lukasiewicz.gov.pl\/wp-content\/uploads\/sites\/35\/2025\/09\/politechnika-slaska_aktywnosc_10-e1758179686184.webp\" class=\"attachment-full size-full wp-image-87490\" alt=\"\" \/>\t\t\t\t\t\t\t\t\t\t\t<figcaption class=\"widget-image-caption wp-caption-text\">Magdalena Zi\u0119ba, MSc Eng., during a poster session at EuroScience Open Forum 2022 Katowice Regional Site\/Leiden, July 13\u201316, 2022, Katowice <\/figcaption>\n\t\t\t\t\t\t\t\t\t\t<\/figure>\n\t\t\t\t\t\t\t\t\t<\/div>\n\t\t\t\t<\/div>\n\t\t\t\t<\/div>\n\t\t\t\t<div class=\"elementor-element elementor-element-7bed3a4 elementor-widget elementor-widget-text-editor\" data-id=\"7bed3a4\" data-element_type=\"widget\" data-e-type=\"widget\" data-widget_type=\"text-editor.default\">\n\t\t\t\t<div class=\"elementor-widget-container\">\n\t\t\t\t\t\t\t\t\t<p><strong>Presentations at conferences:<br><\/strong><\/p><ol><li>Kasi\u0144ski P., Tyszkiewicz C., Zi\u0119ba M., Wojtasik K., Low loss and high refractive index waveguide films fabricated using sol-gel method and dip-coating technique, Prequel Symposium on Advanced Technologies and Materials (ATAM 2020), 13\u201315.10.2020, Wroc\u0142aw.<br><\/li><li>Zi\u0119ba M., Wojtasik K., Tyszkiewicz C., Karasi\u0144ski P. Waveguide layers with high refractive index fabricated using the sol\u2013gel method and dip-coating technique. Interdisciplinarity as the key to development. 13th Interdisciplinary Scientific Conference TYGIEL 2021, 25\u201328.03.2021.<br>  <\/li><li>Karasi\u0144ski P. Application of the sol\u2013gel method to the fabrication of photonic structures. Interdisciplinarity as the key to development. 13th Interdisciplinary Scientific Conference TYGIEL 2021, 25\u201328.03.2021.<br> <\/li><li>Zi\u0119ba M., Wojtasik K., Tyszkiewicz C., Karasi\u0144ski P. TiO\u2082 layers doped with selected lanthanide ions \u2013 technology and characterization.<br>2nd National Conference of Science and Industry \u201cPhotovoltaics 2025\u201d, 31.05\u20133.06.2021, Rytro.<\/li><li>Karasi\u0144ski P. Dielectric layers fabricated using the sol\u2013gel method for applications in optoelectronics.<br>2nd National Conference of Science and Industry \u201cPhotovoltaics 2025\u201d, 31.05\u20133.06.2021, Rytro. <\/li><li>Zi\u0119ba M., Wojtasik K., Tyszkiewicz C., Karasi\u0144ski P. Optical properties of sol-gel derived SiOx:TiOy waveguide films, International Conference Opto 2021, 12\u201315.07.2021, Wroc\u0142aw.<\/li><li>Zi\u0119ba M., Wojtasik K., Tyszkiewicz C., Karasi\u0144ski P. Low-loss waveguide layers for the Vis\u2013NIR spectral range.<br>20th National Conference on Electronics, 05.09\u201309.09.2021, Dar\u0142owo. <\/li><li>Wojtasik K., Zi\u0119ba M., Tyszkiewicz C., Kielan P., Karasi\u0144ski P. Influence of sol aging on the properties of SiOx:TiOy waveguide layers fabricated using the sol\u2013gel method and dip-coating technique.<br>20th National Conference on Electronics, 05\u201309.09.2021, Dar\u0142owo.<\/li><li>Karasi\u0144ski P. Waveguide layers fabricated using the sol\u2013gel method \u2013 a material platform for integrated optics.<br>20th National Conference on Electronics, 05.09\u201309.09.2021, Dar\u0142owo.<\/li><li>Baraniecki T., Hlushchenko D., Zi\u0119ba M., Karasi\u0144ski P., Gemza K., Guzik M., Bachmatiuk A. Application of plasma etching for the fabrication of strip optical fibers from composite SiOx:TiOy waveguide layers<br>20th National Conference on Electronics, 05.09\u201309.09.2021, Dar\u0142owo.<\/li><li>Baraniecki T., Hlushchenko D., Zi\u0119ba M., Karasi\u0144ski P., Gemza K., Guzik M., Bachmatiuk A. Application of plasma etching for the fabrication of strip optical fibers from composite SiOx:TiOy waveguide layers<br>20th National Conference on Electronics, 05.09\u201309.09.2021, Dar\u0142owo.<\/li><li>Zi\u0119ba M., Wojtasik K., Tyszkiewicz C., Karasi\u0144ski P. Low loss, sol-gel derived optical waveguide films for applications in evanescent wave sensors technology, 16th International Conference on Optical and Electronic Sensors COE2020, 27\u201329.09.2021, Krak\u00f3w (online).<br><\/li><li>Tyszkiewicz C., Kazmierczak A., Butt M.A., Karasi\u0144ski P<em>. Rib waveguide homogeneous sensitivity with regard to single mode propagation condition. <\/em>16th Conference: INTEGRATED OPTICS &#8211; Sensors, Sensing Structures and Methods, IOS\u20192022, 28.02\u201304.03.<strong>2022<\/strong>, Szczyrk.<\/li><li>Zi\u0119ba M., Wojtasik K., Tyszkiewicz C., Karasi\u0144ski P. Optical properties of erbium-doped TiO\u2082 films,<br>16th Conference: INTEGRATED OPTICS \u2013 Sensors, Sensing Structures and Methods, IOS\u20192022, 28.02\u201304.03.2022, Szczyrk.<\/li><li>Zi\u0119ba M., Tyszkiewicz C., Wojtasik K., Dorosz D., Karasi\u0144ski P. Erbium-doped sol-gel derived silica\u2013titania films,<br>SPIE Photonics Europe 2022, 03\u201307.04.2022, Strasbourg.<\/li><li>Ka\u017amierczak A., Butt M.A., Zi\u0119ba M., Tyszkiewicz C., Karasi\u0144ski P., Piramidowicz R., Towards the most convenient configuration of integrated photonic sensor for implementation in SiO\u2082:TiO\u2082 sol-gel derived waveguide film technology, SPIE Photonics Europe 2022, 03\u201307.04.2022, Strasbourg.<br><\/li><li>Duda \u0141., Czajkowski M., Karasi\u0144ski P., Tyszkiewicz C., Zi\u0119ba M., Guzik M., Bachmatiuk A., Fabrication of formable sol-gel and polymer films for planar photonic systems, PANIC Summer School 2022, 30.05\u201303.06.2022, Wroc\u0142aw<br><\/li><li>Karasi\u0144ski P., Zi\u0119ba M., Tyszkiewicz C., Optical losses in waveguide layers \u2013 sources of losses and measurement methods.<br>21st National Conference on Electronics, 05.06\u201309.06.2022, Dar\u0142owo<\/li><li>Tyszkiewicz C., Ka\u017amierczak A., Butt M.A., Karasi\u0144ski P. Study of the relationship between homogeneous sensitivity of rib waveguides and the energy distribution of guided HE00 and EH00 modes<br>21st National Conference on Electronics, 05.06\u201309.06.2022, Dar\u0142owo.<\/li><li>Karasi\u0144ski P. Composite SiOx:TiOy waveguide layers fabricated by the sol\u2013gel method and dip-coating technique as a new material platform for integrated optics.<br>Polish Optical Conference 2022, 12\u201315.06.2022, P\u0142ock.<\/li><li>Zi\u0119ba M., Wojtasik K., Tyszkiewicz C., Karasi\u0144ski P. Dielectric films produced via sol-gel method and dip-coating technique for optoelectronics, EuroScience Open Forum 2022 Katowice Regional Site\/Leiden, 13\u201316.07.2022, Katowice.<br><\/li><li>Tyszkiewicz C., Zi\u0119ba M., Wojtasik K., Karasi\u0144ski P. Influence of silica\u2013titania layer doping with lanthanides on their waveguide properties, Symposium on Advanced Technologies and Materials, 06\u201309.09.2022, Wroc\u0142aw.<br><\/li><\/ol>\t\t\t\t\t\t\t\t<\/div>\n\t\t\t\t<\/div>\n\t\t\t\t<div class=\"elementor-element elementor-element-25e5d37 elementor-widget elementor-widget-text-editor\" data-id=\"25e5d37\" data-element_type=\"widget\" data-e-type=\"widget\" data-widget_type=\"text-editor.default\">\n\t\t\t\t<div class=\"elementor-widget-container\">\n\t\t\t\t\t\t\t\t\t<p><strong>Activity:<\/strong><\/p><ol><li>Zi\u0119ba, K. Wojtasik, K. Matus, C. Tyszkiewicz, D. Dorosz, P. Karasi\u0144ski, Active planar waveguides based on erbium-doped silica\u2013titania films for photonic applications, Integrated Optics \u2013 Sensors, Sensing Structures and Methods, IOS\u20192023, 27.02\u201303.03.2023, Beskidy Mountains, Poland.<br> <\/li><li>Galik, A. \u015alipek, K. Rola, C. Tyszkiewicz, J. Olszewski, P. Karasi\u0144ski, Analysis of rib waveguide geometry on operation of a 2\u00d73 planar Mach\u2013Zehnder interferometer based on silica\u2013titania waveguides on glass substrates, IOS\u20192023, 27.02\u201303.03.2023.<br> <\/li><li>Ka\u017amierczak, M.A. Butt, \u0141ukasz Koz\u0142owski, M. Shahbaz, A. Jusza, K. Anders, S. Stopi\u0144ski, J. Olszewski, T. Martynkien, \u0141. Duda, K. Czy\u017c, J. Paw\u0142\u00f3w, K. Prokop, M. Zdo\u0144czyk, K. Rola, M. Guzik, J. Cybi\u0144ska, M. Zi\u0119ba, C. Tyszkiewicz, P. Karasi\u0144ski, R. Piramidowicz, <\/li><li>HYPHa \u2013 innovative photonic integration platform for sensing applications, IOS\u20192023, 27.02\u201303.03.2023. <\/li><li>Zi\u0119ba, K. Wojtasik, C. Tyszkiewicz, W. Pakie\u0142a, P. Karasi\u0144ski, Technology and characterization of the TiO\u2082 layer, 14th Scientific Conference Electronic Technology ELTE 2023, Ryn, 18\u201321.04.2023<\/li><li>Ka\u017amierczak, M.A. Butt, \u0141. Koz\u0142owski, M. Shahbaz, A. Po\u0142aty\u0144ski, A. Jusza, K. Anders, S. Stopi\u0144ski, J. Olszewski, T. Martynkien, \u0141. Duda, K. Czy\u017c, J. Paw\u0142\u00f3w, K. Prokop, M. Zdo\u0144czyk, K. Rola, M. Guzik, J. Cybi\u0144ska, M. Zi\u0119ba, C. Tyszkiewicz, P. Karasi\u0144ski, R. Piramidowicz,<br>Demonstrator of a sensor system on the HYPHa platform \u2013 concept and design, ELTE 2023, Ryn, 18\u201321.04.2023.  <\/li><li>Karasi\u0144ski, M. Zi\u0119ba, C. Tyszkiewicz, Optical losses in waveguide layers, ELTE 2023, Ryn, 18\u201321.04.2023.<\/li><li>Jusza, K. Anders, P. Bortnowski, A. Ka\u017amierczak, M.A. Butt, M. Zi\u0119ba, C. Tyszkiewicz, P. Karasi\u0144ski, R. Piramidowicz,<br>Optically active elements for the HYPHa platform, ELTE 2023, Ryn, 18\u201321.04.2023.<\/li><\/ol>\t\t\t\t\t\t\t\t<\/div>\n\t\t\t\t<\/div>\n\t\t\t\t<\/div>\n\t\t\t\t\t<\/div>\n\t\t\t\t<\/div>\n\t\t\t\t<\/div>\n\t\t","protected":false},"excerpt":{"rendered":"<p>Silesian University of Technology Activity Students \u2013 scholarship holders during ellipsometric measurements, Magdalena \u017bebrowska and Krzysztof Grabi\u0144ski Katarzyna Wojtasik, PhD and Prof. Pawe\u0142 Karasi\u0144ski during a poster presentation at the 20th National Conference on Electronics Ms. Magdalena Zi\u0119ba, MSc, and Dr Katarzyna Wojtasik presenting a poster at the 2nd National Conference of Science and Industry [&hellip;]<\/p>\n","protected":false},"author":291,"featured_media":0,"parent":91982,"menu_order":0,"comment_status":"closed","ping_status":"closed","template":"","meta":{"_acf_changed":false,"_seopress_robots_primary_cat":"","_seopress_titles_title":"","_seopress_titles_desc":"","_seopress_robots_index":"","inline_featured_image":false,"footnotes":""},"class_list":["post-91984","page","type-page","status-publish","hentry"],"acf":{"page_icon":null},"publishpress_future_action":{"enabled":false,"date":"2026-04-30 12:43:07","action":"change-status","newStatus":"draft","terms":[],"taxonomy":"translation_priority","extraData":[]},"publishpress_future_workflow_manual_trigger":{"enabledWorkflows":[]},"_links":{"self":[{"href":"https:\/\/port.lukasiewicz.gov.pl\/en\/wp-json\/wp\/v2\/pages\/91984","targetHints":{"allow":["GET"]}}],"collection":[{"href":"https:\/\/port.lukasiewicz.gov.pl\/en\/wp-json\/wp\/v2\/pages"}],"about":[{"href":"https:\/\/port.lukasiewicz.gov.pl\/en\/wp-json\/wp\/v2\/types\/page"}],"author":[{"embeddable":true,"href":"https:\/\/port.lukasiewicz.gov.pl\/en\/wp-json\/wp\/v2\/users\/291"}],"replies":[{"embeddable":true,"href":"https:\/\/port.lukasiewicz.gov.pl\/en\/wp-json\/wp\/v2\/comments?post=91984"}],"version-history":[{"count":2,"href":"https:\/\/port.lukasiewicz.gov.pl\/en\/wp-json\/wp\/v2\/pages\/91984\/revisions"}],"predecessor-version":[{"id":91995,"href":"https:\/\/port.lukasiewicz.gov.pl\/en\/wp-json\/wp\/v2\/pages\/91984\/revisions\/91995"}],"up":[{"embeddable":true,"href":"https:\/\/port.lukasiewicz.gov.pl\/en\/wp-json\/wp\/v2\/pages\/91982"}],"wp:attachment":[{"href":"https:\/\/port.lukasiewicz.gov.pl\/en\/wp-json\/wp\/v2\/media?parent=91984"}],"curies":[{"name":"wp","href":"https:\/\/api.w.org\/{rel}","templated":true}]}}