{"id":91988,"date":"2025-09-18T12:06:23","date_gmt":"2025-09-18T10:06:23","guid":{"rendered":"https:\/\/port.lukasiewicz.gov.pl\/silesian-university-of-technology\/publications\/"},"modified":"2025-12-15T11:34:13","modified_gmt":"2025-12-15T10:34:13","slug":"publications","status":"publish","type":"page","link":"https:\/\/port.lukasiewicz.gov.pl\/en\/silesian-university-of-technology\/publications\/","title":{"rendered":"Publications"},"content":{"rendered":"\t\t<div data-elementor-type=\"wp-page\" data-elementor-id=\"91988\" class=\"elementor elementor-91988 elementor-87753\" data-elementor-post-type=\"page\">\n\t\t\t\t<div class=\"elementor-element elementor-element-7a94a8b e-flex e-con-boxed e-con e-parent\" data-id=\"7a94a8b\" data-element_type=\"container\" data-e-type=\"container\">\n\t\t\t\t\t<div class=\"e-con-inner\">\n\t\t<div class=\"elementor-element elementor-element-b373d85 e-con-full e-flex e-con e-child\" data-id=\"b373d85\" data-element_type=\"container\" data-e-type=\"container\">\n\t\t\t\t<div class=\"elementor-element elementor-element-7f84776 elementor-widget elementor-widget-heading\" data-id=\"7f84776\" data-element_type=\"widget\" data-e-type=\"widget\" data-widget_type=\"heading.default\">\n\t\t\t\t<div class=\"elementor-widget-container\">\n\t\t\t\t\t<h1 class=\"elementor-heading-title elementor-size-default\">Silesian University of Technology<br> <br> <br><\/h1>\t\t\t\t<\/div>\n\t\t\t\t<\/div>\n\t\t\t\t<div class=\"elementor-element elementor-element-c578801 elementor-nav-menu--dropdown-none elementor-widget elementor-widget-nav-menu\" data-id=\"c578801\" data-element_type=\"widget\" data-e-type=\"widget\" data-settings=\"{&quot;layout&quot;:&quot;horizontal&quot;,&quot;submenu_icon&quot;:{&quot;value&quot;:&quot;&lt;svg aria-hidden=\\&quot;true\\&quot; class=\\&quot;e-font-icon-svg e-fas-caret-down\\&quot; viewBox=\\&quot;0 0 320 512\\&quot; xmlns=\\&quot;http:\\\/\\\/www.w3.org\\\/2000\\\/svg\\&quot;&gt;&lt;path d=\\&quot;M31.3 192h257.3c17.8 0 26.7 21.5 14.1 34.1L174.1 354.8c-7.8 7.8-20.5 7.8-28.3 0L17.2 226.1C4.6 213.5 13.5 192 31.3 192z\\&quot;&gt;&lt;\\\/path&gt;&lt;\\\/svg&gt;&quot;,&quot;library&quot;:&quot;fa-solid&quot;}}\" data-widget_type=\"nav-menu.default\">\n\t\t\t\t<div class=\"elementor-widget-container\">\n\t\t\t\t\t\t\t\t<nav aria-label=\"Menu\" class=\"elementor-nav-menu--main elementor-nav-menu__container elementor-nav-menu--layout-horizontal e--pointer-background e--animation-fade\">\n\t\t\t\t<ul id=\"menu-1-c578801\" class=\"elementor-nav-menu\"><li class=\"menu-item menu-item-type-post_type menu-item-object-page menu-item-91990\"><a href=\"https:\/\/port.lukasiewicz.gov.pl\/en\/silesian-university-of-technology\/\" class=\"elementor-item\">About Us<\/a><\/li>\n<li class=\"menu-item menu-item-type-post_type menu-item-object-page menu-item-91993\"><a href=\"https:\/\/port.lukasiewicz.gov.pl\/en\/silesian-university-of-technology\/researches\/\" class=\"elementor-item\">Researches<\/a><\/li>\n<li class=\"menu-item menu-item-type-post_type menu-item-object-page menu-item-91992\"><a href=\"https:\/\/port.lukasiewicz.gov.pl\/en\/silesian-university-of-technology\/publications\/\" class=\"elementor-item\">Publications<\/a><\/li>\n<li class=\"menu-item menu-item-type-post_type menu-item-object-page menu-item-91991\"><a href=\"https:\/\/port.lukasiewicz.gov.pl\/en\/silesian-university-of-technology\/activity\/\" class=\"elementor-item\">Activity<\/a><\/li>\n<\/ul>\t\t\t<\/nav>\n\t\t\t\t\t\t<nav class=\"elementor-nav-menu--dropdown elementor-nav-menu__container\" aria-hidden=\"true\">\n\t\t\t\t<ul id=\"menu-2-c578801\" class=\"elementor-nav-menu\"><li class=\"menu-item menu-item-type-post_type menu-item-object-page menu-item-91990\"><a href=\"https:\/\/port.lukasiewicz.gov.pl\/en\/silesian-university-of-technology\/\" class=\"elementor-item\" tabindex=\"-1\">About Us<\/a><\/li>\n<li class=\"menu-item menu-item-type-post_type menu-item-object-page menu-item-91993\"><a href=\"https:\/\/port.lukasiewicz.gov.pl\/en\/silesian-university-of-technology\/researches\/\" class=\"elementor-item\" tabindex=\"-1\">Researches<\/a><\/li>\n<li class=\"menu-item menu-item-type-post_type menu-item-object-page menu-item-91992\"><a href=\"https:\/\/port.lukasiewicz.gov.pl\/en\/silesian-university-of-technology\/publications\/\" class=\"elementor-item\" tabindex=\"-1\">Publications<\/a><\/li>\n<li class=\"menu-item menu-item-type-post_type menu-item-object-page menu-item-91991\"><a href=\"https:\/\/port.lukasiewicz.gov.pl\/en\/silesian-university-of-technology\/activity\/\" class=\"elementor-item\" tabindex=\"-1\">Activity<\/a><\/li>\n<\/ul>\t\t\t<\/nav>\n\t\t\t\t\t\t<\/div>\n\t\t\t\t<\/div>\n\t\t\t\t<\/div>\n\t\t\t\t\t<\/div>\n\t\t\t\t<\/div>\n\t\t<div class=\"elementor-element elementor-element-710c7f4 e-flex e-con-boxed e-con e-parent\" data-id=\"710c7f4\" data-element_type=\"container\" data-e-type=\"container\">\n\t\t\t\t\t<div class=\"e-con-inner\">\n\t\t<div class=\"elementor-element elementor-element-5d1d7d6 e-con-full e-flex e-con e-child\" data-id=\"5d1d7d6\" data-element_type=\"container\" data-e-type=\"container\">\n\t\t\t\t<div class=\"elementor-element elementor-element-a0bfad1 elementor-widget elementor-widget-heading\" data-id=\"a0bfad1\" data-element_type=\"widget\" data-e-type=\"widget\" data-widget_type=\"heading.default\">\n\t\t\t\t<div class=\"elementor-widget-container\">\n\t\t\t\t\t<h2 class=\"elementor-heading-title elementor-size-default\">Publications<\/h2>\t\t\t\t<\/div>\n\t\t\t\t<\/div>\n\t\t\t\t<div class=\"elementor-element elementor-element-e692543 elementor-widget__width-initial elementor-widget-tablet__width-inherit cut-off-wrapper-90 elementor-widget elementor-widget-text-editor\" data-id=\"e692543\" data-element_type=\"widget\" data-e-type=\"widget\" data-widget_type=\"text-editor.default\">\n\t\t\t\t<div class=\"elementor-widget-container\">\n\t\t\t\t\t\t\t\t\t<p> <strong> Wdowiak, P. A. Mierzejewski , R. Zbonikowski, B. Bo\u0144czak, J. Paczesny<\/strong>, <br><em>Congo red protects bacteriophages against UV irradiation and allows for the simultaneous use of phages and UV for membrane sterilization, <\/em> <\/p><p><em>Environ. Sci.: Water Res. Technol<\/em>., 9 (2023) 696-706<\/p><p>IF = 5.819<\/p><p>DOI: 10.1039\/D2EW00913G<\/p>\t\t\t\t\t\t\t\t<\/div>\n\t\t\t\t<\/div>\n\t\t\t\t<div class=\"elementor-element elementor-element-c655930 elementor-widget__width-initial elementor-widget-tablet__width-inherit cut-off-wrapper-90 elementor-widget elementor-widget-text-editor\" data-id=\"c655930\" data-element_type=\"widget\" data-e-type=\"widget\" data-widget_type=\"text-editor.default\">\n\t\t\t\t<div class=\"elementor-widget-container\">\n\t\t\t\t\t\t\t\t\t<p> <strong> Karasi\u0144ski, M. Zi\u0119ba, E. Gondek, J. Nizio\u0142, S. Gorantla, K. Rola, A. Bachmatiuk, C. Tyszkiewicz,<\/strong> <em>Sol-gel derived silica-titania waveguide films for applications in evanescent wave sensors &#8211; comprehensive study, <\/em> <\/p><p><em>Materia<\/em><em>ls <\/em>15(21) (2022) 7641<\/p><p>IF = 3.748<\/p><p>doi.org\/10.3390\/ma15217641<\/p>\t\t\t\t\t\t\t\t<\/div>\n\t\t\t\t<\/div>\n\t\t\t\t<\/div>\n\t\t\t\t\t<\/div>\n\t\t\t\t<\/div>\n\t\t\t\t<\/div>\n\t\t","protected":false},"excerpt":{"rendered":"<p>Silesian University of Technology Publications Wdowiak, P. A. Mierzejewski , R. Zbonikowski, B. Bo\u0144czak, J. Paczesny, Congo red protects bacteriophages against UV irradiation and allows for the simultaneous use of phages and UV for membrane sterilization, Environ. Sci.: Water Res. Technol., 9 (2023) 696-706 IF = 5.819 DOI: 10.1039\/D2EW00913G Karasi\u0144ski, M. Zi\u0119ba, E. Gondek, J. [&hellip;]<\/p>\n","protected":false},"author":291,"featured_media":0,"parent":91982,"menu_order":0,"comment_status":"closed","ping_status":"closed","template":"","meta":{"_acf_changed":false,"_seopress_robots_primary_cat":"","_seopress_titles_title":"","_seopress_titles_desc":"","_seopress_robots_index":"","inline_featured_image":false,"footnotes":""},"class_list":["post-91988","page","type-page","status-publish","hentry"],"acf":{"page_icon":null},"publishpress_future_action":{"enabled":false,"date":"2026-04-30 12:43:05","action":"change-status","newStatus":"draft","terms":[],"taxonomy":"translation_priority","extraData":[]},"publishpress_future_workflow_manual_trigger":{"enabledWorkflows":[]},"_links":{"self":[{"href":"https:\/\/port.lukasiewicz.gov.pl\/en\/wp-json\/wp\/v2\/pages\/91988","targetHints":{"allow":["GET"]}}],"collection":[{"href":"https:\/\/port.lukasiewicz.gov.pl\/en\/wp-json\/wp\/v2\/pages"}],"about":[{"href":"https:\/\/port.lukasiewicz.gov.pl\/en\/wp-json\/wp\/v2\/types\/page"}],"author":[{"embeddable":true,"href":"https:\/\/port.lukasiewicz.gov.pl\/en\/wp-json\/wp\/v2\/users\/291"}],"replies":[{"embeddable":true,"href":"https:\/\/port.lukasiewicz.gov.pl\/en\/wp-json\/wp\/v2\/comments?post=91988"}],"version-history":[{"count":1,"href":"https:\/\/port.lukasiewicz.gov.pl\/en\/wp-json\/wp\/v2\/pages\/91988\/revisions"}],"predecessor-version":[{"id":91989,"href":"https:\/\/port.lukasiewicz.gov.pl\/en\/wp-json\/wp\/v2\/pages\/91988\/revisions\/91989"}],"up":[{"embeddable":true,"href":"https:\/\/port.lukasiewicz.gov.pl\/en\/wp-json\/wp\/v2\/pages\/91982"}],"wp:attachment":[{"href":"https:\/\/port.lukasiewicz.gov.pl\/en\/wp-json\/wp\/v2\/media?parent=91988"}],"curies":[{"name":"wp","href":"https:\/\/api.w.org\/{rel}","templated":true}]}}