{"id":92030,"date":"2025-09-18T11:59:43","date_gmt":"2025-09-18T09:59:43","guid":{"rendered":"https:\/\/port.lukasiewicz.gov.pl\/warsaw-university-of-technology\/activity\/"},"modified":"2025-12-15T11:34:35","modified_gmt":"2025-12-15T10:34:35","slug":"activity","status":"publish","type":"page","link":"https:\/\/port.lukasiewicz.gov.pl\/en\/warsaw-university-of-technology\/activity\/","title":{"rendered":"Activity"},"content":{"rendered":"\t\t<div data-elementor-type=\"wp-page\" data-elementor-id=\"92030\" class=\"elementor elementor-92030 elementor-87711\" data-elementor-post-type=\"page\">\n\t\t\t\t<div class=\"elementor-element elementor-element-ad2894c e-flex e-con-boxed e-con e-parent\" data-id=\"ad2894c\" data-element_type=\"container\" data-e-type=\"container\">\n\t\t\t\t\t<div class=\"e-con-inner\">\n\t\t<div class=\"elementor-element elementor-element-86a9a2a e-con-full e-flex e-con e-child\" data-id=\"86a9a2a\" data-element_type=\"container\" data-e-type=\"container\">\n\t\t\t\t<div class=\"elementor-element elementor-element-d1223df elementor-widget elementor-widget-heading\" data-id=\"d1223df\" data-element_type=\"widget\" data-e-type=\"widget\" data-widget_type=\"heading.default\">\n\t\t\t\t<div class=\"elementor-widget-container\">\n\t\t\t\t\t<h1 class=\"elementor-heading-title elementor-size-default\">Warsaw University of Technology<br><\/h1>\t\t\t\t<\/div>\n\t\t\t\t<\/div>\n\t\t\t\t<div class=\"elementor-element elementor-element-dbfef91 elementor-nav-menu--dropdown-none elementor-widget elementor-widget-nav-menu\" data-id=\"dbfef91\" data-element_type=\"widget\" data-e-type=\"widget\" data-settings=\"{&quot;layout&quot;:&quot;horizontal&quot;,&quot;submenu_icon&quot;:{&quot;value&quot;:&quot;&lt;svg aria-hidden=\\&quot;true\\&quot; class=\\&quot;e-font-icon-svg e-fas-caret-down\\&quot; viewBox=\\&quot;0 0 320 512\\&quot; xmlns=\\&quot;http:\\\/\\\/www.w3.org\\\/2000\\\/svg\\&quot;&gt;&lt;path d=\\&quot;M31.3 192h257.3c17.8 0 26.7 21.5 14.1 34.1L174.1 354.8c-7.8 7.8-20.5 7.8-28.3 0L17.2 226.1C4.6 213.5 13.5 192 31.3 192z\\&quot;&gt;&lt;\\\/path&gt;&lt;\\\/svg&gt;&quot;,&quot;library&quot;:&quot;fa-solid&quot;}}\" data-widget_type=\"nav-menu.default\">\n\t\t\t\t<div class=\"elementor-widget-container\">\n\t\t\t\t\t\t\t\t<nav aria-label=\"Menu\" class=\"elementor-nav-menu--main elementor-nav-menu__container elementor-nav-menu--layout-horizontal e--pointer-background e--animation-fade\">\n\t\t\t\t<ul id=\"menu-1-dbfef91\" class=\"elementor-nav-menu\"><li class=\"menu-item menu-item-type-post_type menu-item-object-page menu-item-92036\"><a href=\"https:\/\/port.lukasiewicz.gov.pl\/en\/warsaw-university-of-technology\/\" class=\"elementor-item\">About Us<\/a><\/li>\n<li class=\"menu-item menu-item-type-post_type menu-item-object-page menu-item-92039\"><a href=\"https:\/\/port.lukasiewicz.gov.pl\/en\/warsaw-university-of-technology\/researches\/\" class=\"elementor-item\">Researches<\/a><\/li>\n<li class=\"menu-item menu-item-type-post_type menu-item-object-page menu-item-92038\"><a href=\"https:\/\/port.lukasiewicz.gov.pl\/en\/warsaw-university-of-technology\/publications\/\" class=\"elementor-item\">Publications<\/a><\/li>\n<li class=\"menu-item menu-item-type-post_type menu-item-object-page menu-item-92037\"><a href=\"https:\/\/port.lukasiewicz.gov.pl\/en\/warsaw-university-of-technology\/activity\/\" class=\"elementor-item\">Activity<\/a><\/li>\n<\/ul>\t\t\t<\/nav>\n\t\t\t\t\t\t<nav class=\"elementor-nav-menu--dropdown elementor-nav-menu__container\" aria-hidden=\"true\">\n\t\t\t\t<ul id=\"menu-2-dbfef91\" class=\"elementor-nav-menu\"><li class=\"menu-item menu-item-type-post_type menu-item-object-page menu-item-92036\"><a href=\"https:\/\/port.lukasiewicz.gov.pl\/en\/warsaw-university-of-technology\/\" class=\"elementor-item\" tabindex=\"-1\">About Us<\/a><\/li>\n<li class=\"menu-item menu-item-type-post_type menu-item-object-page menu-item-92039\"><a href=\"https:\/\/port.lukasiewicz.gov.pl\/en\/warsaw-university-of-technology\/researches\/\" class=\"elementor-item\" tabindex=\"-1\">Researches<\/a><\/li>\n<li class=\"menu-item menu-item-type-post_type menu-item-object-page menu-item-92038\"><a href=\"https:\/\/port.lukasiewicz.gov.pl\/en\/warsaw-university-of-technology\/publications\/\" class=\"elementor-item\" tabindex=\"-1\">Publications<\/a><\/li>\n<li class=\"menu-item menu-item-type-post_type menu-item-object-page menu-item-92037\"><a href=\"https:\/\/port.lukasiewicz.gov.pl\/en\/warsaw-university-of-technology\/activity\/\" class=\"elementor-item\" tabindex=\"-1\">Activity<\/a><\/li>\n<\/ul>\t\t\t<\/nav>\n\t\t\t\t\t\t<\/div>\n\t\t\t\t<\/div>\n\t\t\t\t<\/div>\n\t\t\t\t\t<\/div>\n\t\t\t\t<\/div>\n\t\t<div class=\"elementor-element elementor-element-164dd99 e-flex e-con-boxed e-con e-parent\" data-id=\"164dd99\" data-element_type=\"container\" data-e-type=\"container\">\n\t\t\t\t\t<div class=\"e-con-inner\">\n\t\t<div class=\"elementor-element elementor-element-cb4a57b e-con-full e-flex e-con e-child\" data-id=\"cb4a57b\" data-element_type=\"container\" data-e-type=\"container\">\n\t\t\t\t<div class=\"elementor-element elementor-element-2008026 elementor-widget elementor-widget-heading\" data-id=\"2008026\" data-element_type=\"widget\" data-e-type=\"widget\" data-widget_type=\"heading.default\">\n\t\t\t\t<div class=\"elementor-widget-container\">\n\t\t\t\t\t<h2 class=\"elementor-heading-title elementor-size-default\">Activity<\/h2>\t\t\t\t<\/div>\n\t\t\t\t<\/div>\n\t\t<div class=\"elementor-element elementor-element-4c93756 e-grid e-con-full e-con e-child\" data-id=\"4c93756\" data-element_type=\"container\" data-e-type=\"container\">\n\t\t\t\t<div class=\"elementor-element elementor-element-497c270 elementor-widget elementor-widget-image\" data-id=\"497c270\" data-element_type=\"widget\" data-e-type=\"widget\" data-widget_type=\"image.default\">\n\t\t\t\t<div class=\"elementor-widget-container\">\n\t\t\t\t\t\t\t\t\t\t\t\t<figure class=\"wp-caption\">\n\t\t\t\t\t\t\t\t\t\t<img alt=\"\" fetchpriority=\"high\" decoding=\"async\" width=\"605\" height=\"334\" src=\"https:\/\/port.lukasiewicz.gov.pl\/wp-content\/uploads\/sites\/35\/2025\/09\/aktywnosc-politechniki-warszawskiej_1-e1758184748896.webp\" class=\"attachment-full size-full wp-image-87579\" alt=\"\" \/>\t\t\t\t\t\t\t\t\t\t\t<figcaption class=\"widget-image-caption wp-caption-text\">Award-winning team associated with the HYPHa project. Muhammad Ali Butt, PhD; Andrzej Ka\u017amierczak, PhD Eng.; Anna Jusza, PhD Eng.; Ryszard Piramidowicz, DSc Eng., Professor of WUT; Stanis\u0142aw Stopi\u0144ski, PhD Eng.; Krzysztof Anders, MSc Eng.<br>       <\/figcaption>\n\t\t\t\t\t\t\t\t\t\t<\/figure>\n\t\t\t\t\t\t\t\t\t<\/div>\n\t\t\t\t<\/div>\n\t\t\t\t<div class=\"elementor-element elementor-element-5b65147 elementor-widget elementor-widget-image\" data-id=\"5b65147\" data-element_type=\"widget\" data-e-type=\"widget\" data-widget_type=\"image.default\">\n\t\t\t\t<div class=\"elementor-widget-container\">\n\t\t\t\t\t\t\t\t\t\t\t\t<figure class=\"wp-caption\">\n\t\t\t\t\t\t\t\t\t\t<img alt=\"\" decoding=\"async\" width=\"750\" height=\"558\" src=\"https:\/\/port.lukasiewicz.gov.pl\/wp-content\/uploads\/sites\/35\/2025\/09\/aktywnosc-politechniki-warszawskiej_2-e1758184693132.webp\" class=\"attachment-full size-full wp-image-87575\" alt=\"\" \/>\t\t\t\t\t\t\t\t\t\t\t<figcaption class=\"widget-image-caption wp-caption-text\">A member of the WUT research team, \u0141ukasz Koz\u0142owski, MSc Eng., presenting a poster at the ATAM conference in Wroc\u0142aw.<br>  <\/figcaption>\n\t\t\t\t\t\t\t\t\t\t<\/figure>\n\t\t\t\t\t\t\t\t\t<\/div>\n\t\t\t\t<\/div>\n\t\t\t\t<div class=\"elementor-element elementor-element-e66d37e elementor-widget elementor-widget-image\" data-id=\"e66d37e\" data-element_type=\"widget\" data-e-type=\"widget\" data-widget_type=\"image.default\">\n\t\t\t\t<div class=\"elementor-widget-container\">\n\t\t\t\t\t\t\t\t\t\t\t\t<figure class=\"wp-caption\">\n\t\t\t\t\t\t\t\t\t\t<img alt=\"\" decoding=\"async\" width=\"800\" height=\"565\" src=\"https:\/\/port.lukasiewicz.gov.pl\/wp-content\/uploads\/sites\/35\/2025\/09\/aktywnosc-politechniki-warszawskiej_6-1-e1758184603398.webp\" class=\"attachment-full size-full wp-image-87565\" alt=\"\" \/>\t\t\t\t\t\t\t\t\t\t\t<figcaption class=\"widget-image-caption wp-caption-text\">Professor Ryszard Piramidowicz delivering an invited lecture at the STL conference in Karpacz.<br> <\/figcaption>\n\t\t\t\t\t\t\t\t\t\t<\/figure>\n\t\t\t\t\t\t\t\t\t<\/div>\n\t\t\t\t<\/div>\n\t\t\t\t<div class=\"elementor-element elementor-element-214d933 elementor-widget elementor-widget-image\" data-id=\"214d933\" data-element_type=\"widget\" data-e-type=\"widget\" data-widget_type=\"image.default\">\n\t\t\t\t<div class=\"elementor-widget-container\">\n\t\t\t\t\t\t\t\t\t\t\t\t<figure class=\"wp-caption\">\n\t\t\t\t\t\t\t\t\t\t<img alt=\"\" loading=\"lazy\" decoding=\"async\" width=\"811\" height=\"539\" src=\"https:\/\/port.lukasiewicz.gov.pl\/wp-content\/uploads\/sites\/35\/2025\/09\/aktywnosc-politechniki-warszawskiej_7.webp\" class=\"attachment-full size-full wp-image-87577\" alt=\"\" srcset=\"https:\/\/port.lukasiewicz.gov.pl\/wp-content\/uploads\/sites\/35\/2025\/09\/aktywnosc-politechniki-warszawskiej_7.webp 811w, https:\/\/port.lukasiewicz.gov.pl\/wp-content\/uploads\/sites\/35\/2025\/09\/aktywnosc-politechniki-warszawskiej_7-300x199.webp 300w, https:\/\/port.lukasiewicz.gov.pl\/wp-content\/uploads\/sites\/35\/2025\/09\/aktywnosc-politechniki-warszawskiej_7-768x510.webp 768w, https:\/\/port.lukasiewicz.gov.pl\/wp-content\/uploads\/sites\/35\/2025\/09\/aktywnosc-politechniki-warszawskiej_7-24x16.webp 24w, https:\/\/port.lukasiewicz.gov.pl\/wp-content\/uploads\/sites\/35\/2025\/09\/aktywnosc-politechniki-warszawskiej_7-36x24.webp 36w, https:\/\/port.lukasiewicz.gov.pl\/wp-content\/uploads\/sites\/35\/2025\/09\/aktywnosc-politechniki-warszawskiej_7-48x32.webp 48w\" sizes=\"(max-width: 811px) 100vw, 811px\" \/>\t\t\t\t\t\t\t\t\t\t\t<figcaption class=\"widget-image-caption wp-caption-text\"><\/figcaption>\n\t\t\t\t\t\t\t\t\t\t<\/figure>\n\t\t\t\t\t\t\t\t\t<\/div>\n\t\t\t\t<\/div>\n\t\t\t\t<div class=\"elementor-element elementor-element-958fc4a elementor-widget elementor-widget-image\" data-id=\"958fc4a\" data-element_type=\"widget\" data-e-type=\"widget\" data-widget_type=\"image.default\">\n\t\t\t\t<div class=\"elementor-widget-container\">\n\t\t\t\t\t\t\t\t\t\t\t\t<figure class=\"wp-caption\">\n\t\t\t\t\t\t\t\t\t\t<img alt=\"\" loading=\"lazy\" decoding=\"async\" width=\"828\" height=\"552\" src=\"https:\/\/port.lukasiewicz.gov.pl\/wp-content\/uploads\/sites\/35\/2025\/09\/aktywnosc-politechniki-warszawskiej_8-1.webp\" class=\"attachment-full size-full wp-image-87567\" alt=\"\" srcset=\"https:\/\/port.lukasiewicz.gov.pl\/wp-content\/uploads\/sites\/35\/2025\/09\/aktywnosc-politechniki-warszawskiej_8-1.webp 828w, https:\/\/port.lukasiewicz.gov.pl\/wp-content\/uploads\/sites\/35\/2025\/09\/aktywnosc-politechniki-warszawskiej_8-1-300x200.webp 300w, https:\/\/port.lukasiewicz.gov.pl\/wp-content\/uploads\/sites\/35\/2025\/09\/aktywnosc-politechniki-warszawskiej_8-1-768x512.webp 768w, https:\/\/port.lukasiewicz.gov.pl\/wp-content\/uploads\/sites\/35\/2025\/09\/aktywnosc-politechniki-warszawskiej_8-1-24x16.webp 24w, https:\/\/port.lukasiewicz.gov.pl\/wp-content\/uploads\/sites\/35\/2025\/09\/aktywnosc-politechniki-warszawskiej_8-1-36x24.webp 36w, https:\/\/port.lukasiewicz.gov.pl\/wp-content\/uploads\/sites\/35\/2025\/09\/aktywnosc-politechniki-warszawskiej_8-1-48x32.webp 48w\" sizes=\"(max-width: 828px) 100vw, 828px\" \/>\t\t\t\t\t\t\t\t\t\t\t<figcaption class=\"widget-image-caption wp-caption-text\">Andrzej Ka\u017amierczak, PhD Eng., during a discussion following his opening lecture at the National Conference on Electronics (KKE), Dar\u0142owo.<br> <\/figcaption>\n\t\t\t\t\t\t\t\t\t\t<\/figure>\n\t\t\t\t\t\t\t\t\t<\/div>\n\t\t\t\t<\/div>\n\t\t\t\t<\/div>\n\t\t<div class=\"elementor-element elementor-element-d826eed e-grid e-con-full e-con e-child\" data-id=\"d826eed\" data-element_type=\"container\" data-e-type=\"container\">\n\t\t\t\t<div class=\"elementor-element elementor-element-5a85162 elementor-widget elementor-widget-image\" data-id=\"5a85162\" data-element_type=\"widget\" data-e-type=\"widget\" data-widget_type=\"image.default\">\n\t\t\t\t<div class=\"elementor-widget-container\">\n\t\t\t\t\t\t\t\t\t\t\t\t<figure class=\"wp-caption\">\n\t\t\t\t\t\t\t\t\t\t<img alt=\"\" loading=\"lazy\" decoding=\"async\" width=\"466\" height=\"750\" src=\"https:\/\/port.lukasiewicz.gov.pl\/wp-content\/uploads\/sites\/35\/2025\/09\/aktywnosc-politechniki-warszawskiej_3-e1758184171240.webp\" class=\"attachment-full size-full wp-image-87573\" alt=\"\" \/>\t\t\t\t\t\t\t\t\t\t\t<figcaption class=\"widget-image-caption wp-caption-text\">Leader of the WUT Research Group, Muhammad Ali Butt, PhD, presenting a poster at the SEIA\u20192022 conference in Corfu (Greece).<br><\/figcaption>\n\t\t\t\t\t\t\t\t\t\t<\/figure>\n\t\t\t\t\t\t\t\t\t<\/div>\n\t\t\t\t<\/div>\n\t\t\t\t<div class=\"elementor-element elementor-element-fda14ef elementor-widget elementor-widget-image\" data-id=\"fda14ef\" data-element_type=\"widget\" data-e-type=\"widget\" data-widget_type=\"image.default\">\n\t\t\t\t<div class=\"elementor-widget-container\">\n\t\t\t\t\t\t\t\t\t\t\t\t<figure class=\"wp-caption\">\n\t\t\t\t\t\t\t\t\t\t<img alt=\"\" loading=\"lazy\" decoding=\"async\" width=\"618\" height=\"848\" src=\"https:\/\/port.lukasiewicz.gov.pl\/wp-content\/uploads\/sites\/35\/2025\/09\/aktywnosc-politechniki-warszawskiej_4-e1758184204304.webp\" class=\"attachment-full size-full wp-image-87571\" alt=\"\" \/>\t\t\t\t\t\t\t\t\t\t\t<figcaption class=\"widget-image-caption wp-caption-text\">Pawe\u0142 Bortnowski, MSc Eng., presenting a poster at the IWASOM conference in Gda\u0144sk.<br> <\/figcaption>\n\t\t\t\t\t\t\t\t\t\t<\/figure>\n\t\t\t\t\t\t\t\t\t<\/div>\n\t\t\t\t<\/div>\n\t\t\t\t<div class=\"elementor-element elementor-element-af0e501 elementor-widget elementor-widget-image\" data-id=\"af0e501\" data-element_type=\"widget\" data-e-type=\"widget\" data-widget_type=\"image.default\">\n\t\t\t\t<div class=\"elementor-widget-container\">\n\t\t\t\t\t\t\t\t\t\t\t\t<figure class=\"wp-caption\">\n\t\t\t\t\t\t\t\t\t\t<img alt=\"\" loading=\"lazy\" decoding=\"async\" width=\"562\" height=\"870\" src=\"https:\/\/port.lukasiewicz.gov.pl\/wp-content\/uploads\/sites\/35\/2025\/09\/aktywnosc-politechniki-warszawskiej_5-e1758184367912.webp\" class=\"attachment-full size-full wp-image-87569\" alt=\"\" \/>\t\t\t\t\t\t\t\t\t\t\t<figcaption class=\"widget-image-caption wp-caption-text\">Krzysztof Anders, MSc Eng., presenting a portfolio of integrated photonic circuits at the STL conference in Karpacz. <\/figcaption>\n\t\t\t\t\t\t\t\t\t\t<\/figure>\n\t\t\t\t\t\t\t\t\t<\/div>\n\t\t\t\t<\/div>\n\t\t\t\t<\/div>\n\t\t\t\t<div class=\"elementor-element elementor-element-ca48f53 elementor-widget elementor-widget-text-editor\" data-id=\"ca48f53\" data-element_type=\"widget\" data-e-type=\"widget\" data-widget_type=\"text-editor.default\">\n\t\t\t\t<div class=\"elementor-widget-container\">\n\t\t\t\t\t\t\t\t\t<p><strong>Conference presentations:<br><\/strong><\/p><ol><li>Karasi\u0144ski, C. Tyszkiewicz, R. Piramidowicz, A. Ka\u017amierczak, \u201cDevelopment of integrated photonics based on SiO2:TiO2 sol-gel derived waveguide layers: state of the art, perspectives, prospective applications\u201d, oral presentation at Photonics Europe 2022, Strasbourg, France (online event).<br><\/li><li>M. A. Butt, A. Kazmierczak, A. Jusza, C. Tyszkiewicz, P. Karasinski, R. Piramidowicz, Silica-titania integrated photonic structures for multiparameter sensor applications. Oral talk at Integrated Optics \u2013 Sensors, Sensing Structures and Methods (IOS\u20192022), Feb 28 \u2013 Mar 4, 2022, Szczyrk, Poland.<br> <\/li><li>A. Ka\u017amierczak, M. A. Butt, M. Zi\u0119ba, C. Tyszkiewicz, P. Karasi\u0144ski, R. Piramidowicz, Towards the most convenient configuration of an integrated photonic sensor for implementation in SiO2:TiO2 sol-gel derived waveguide film technology. Oral presentation at Photonics Europe 2022, 3\u20137 April 2022, Strasbourg, France.<br> <\/li><li>A. Ka\u017amierczak, Integrated photonics for sensor applications \u2013 history, state of the art, perspectives. Opening plenary lecture at the 21st National Conference on Electronics (XXI KKE), 5\u20139 June 2022, Dar\u0142owo, Poland.<br> <\/li><li>M. A. Butt, A. Ka\u017amierczak, A. Jusza, C. Tyszkiewicz, P. Karasi\u0144ski, R. Piramidowicz, Analysis of the possibility of applying SiO2:TiO2 waveguide technology for constructing integrated multichannel photonic sensors. Oral presentation at XXI KKE, 5\u20139 June 2022, Dar\u0142owo, Poland.<br> <\/li><li>K. Anders, A. Jusza, M. A. Butt, R. Piramidowicz, Low phonon glasses and polymer composites doped with erbium \u2013 a comparative study. Oral presentation at The Seventh International Workshop on Advanced Spectroscopy and Optical Materials, 10\u201315 July 2022, Gda\u0144sk, Poland.<br> <\/li><li>Piramidowicz, A. Jusza, K. Anders, M. A. Butt, R. \u0141yszczek, P. Mergo, Luminescent polymer composites doped with rare-earth elements. Invited talk at The Seventh International Workshop on Advanced Spectroscopy and Optical Materials, 10-15 July <strong>2022<\/strong>, Gda\u0144sk, Poland. <\/li><li>\u0141. \u0141. Koz\u0142owski, A. Ka\u017amierczak, M. A. Butt, R. Piramidowicz, Waveguide structures based on a low-cost silica-titania optical platform for sensing applications. Presented at the Symposium on Advanced Technologies and Materials, 6\u20139 September 2022, Wroc\u0142aw, Poland.<br> <\/li><li>A. Jusza, M. A. Butt, M. Gil-Kowalczyk, R. \u0141yszczek, P. Mergo, R. Piramidowicz, Luminescent hybrid materials for visible light sources. Poster presented at 9th International Workshops on Photoluminescence of Rare-Earth: Photonic Materials and Applications PRE\u201922, 11\u201314 September 2022, Szczawnica, Poland.<br> <\/li><li>R. Piramidowicz, S. Stopi\u0144ski, K. Anders, A. Jusza, A. Pa\u015bnikowska, M. S\u0142owikowski, A. Ka\u017amierczak, M. A. Butt, Photonic integrated circuits \u2013 technologies, applications, trends. Invited talk at XII Symposium on Laser Technology (STL 2022), 19\u201323 September 2022, Karpacz, Poland.<br> <\/li><li>P. Bortnowski, A. Jusza, K. Anders, A. Ka\u017amierczak, M. A. Butt, P. Mergo, R. Piramidowicz, Analysis of UV and VIS emission properties of thulium ions in low-phonon glasses and polymer composites. Poster presented at STL 2022, 19\u201323 September 2022, Karpacz, Poland.<br> <\/li><li>M. A. Butt, A. Ka\u017amierczak, C. Tyszkiewicz, P. Karasinski, R. Piramidowicz, Recent advances in the realization of a low-cost integrated photonic platform via a sol-gel dip-coating method. Presented at the 8th International Conference on Sensors and Electronic Instrumentation Advances (SEIA\u20192022), 21\u201323 September 2022, Corfu, Greece.<br> <\/li><li>A. Ka\u017amierczak, M. A. Butt, \u0141. Koz\u0142owski, M. Shahbaz, R. Piramidowicz, P. Karasinski, C. Tyszkiewicz, J. Olszewski, A. Bachmatiuk, Perspectives of developing low-cost optical sensor structures with SiO2:TiO2 waveguide films. Presented at the 4th Interdisciplinary FNP Conference, 6\u20137 October 2022, Warsaw, Poland. <\/li><\/ol>\t\t\t\t\t\t\t\t<\/div>\n\t\t\t\t<\/div>\n\t\t\t\t<\/div>\n\t\t\t\t\t<\/div>\n\t\t\t\t<\/div>\n\t\t\t\t<\/div>\n\t\t","protected":false},"excerpt":{"rendered":"<p>Warsaw University of Technology Activity Award-winning team associated with the HYPHa project. Muhammad Ali Butt, PhD; Andrzej Ka\u017amierczak, PhD Eng.; Anna Jusza, PhD Eng.; Ryszard Piramidowicz, DSc Eng., Professor of WUT; Stanis\u0142aw Stopi\u0144ski, PhD Eng.; Krzysztof Anders, MSc Eng. A member of the WUT research team, \u0141ukasz Koz\u0142owski, MSc Eng., presenting a poster at the [&hellip;]<\/p>\n","protected":false},"author":291,"featured_media":0,"parent":92028,"menu_order":0,"comment_status":"closed","ping_status":"closed","template":"","meta":{"_acf_changed":false,"_seopress_robots_primary_cat":"","_seopress_titles_title":"","_seopress_titles_desc":"","_seopress_robots_index":"","inline_featured_image":false,"footnotes":""},"class_list":["post-92030","page","type-page","status-publish","hentry"],"acf":{"page_icon":null},"publishpress_future_action":{"enabled":false,"date":"2026-04-30 12:42:08","action":"change-status","newStatus":"draft","terms":[],"taxonomy":"translation_priority","extraData":[]},"publishpress_future_workflow_manual_trigger":{"enabledWorkflows":[]},"_links":{"self":[{"href":"https:\/\/port.lukasiewicz.gov.pl\/en\/wp-json\/wp\/v2\/pages\/92030","targetHints":{"allow":["GET"]}}],"collection":[{"href":"https:\/\/port.lukasiewicz.gov.pl\/en\/wp-json\/wp\/v2\/pages"}],"about":[{"href":"https:\/\/port.lukasiewicz.gov.pl\/en\/wp-json\/wp\/v2\/types\/page"}],"author":[{"embeddable":true,"href":"https:\/\/port.lukasiewicz.gov.pl\/en\/wp-json\/wp\/v2\/users\/291"}],"replies":[{"embeddable":true,"href":"https:\/\/port.lukasiewicz.gov.pl\/en\/wp-json\/wp\/v2\/comments?post=92030"}],"version-history":[{"count":2,"href":"https:\/\/port.lukasiewicz.gov.pl\/en\/wp-json\/wp\/v2\/pages\/92030\/revisions"}],"predecessor-version":[{"id":92056,"href":"https:\/\/port.lukasiewicz.gov.pl\/en\/wp-json\/wp\/v2\/pages\/92030\/revisions\/92056"}],"up":[{"embeddable":true,"href":"https:\/\/port.lukasiewicz.gov.pl\/en\/wp-json\/wp\/v2\/pages\/92028"}],"wp:attachment":[{"href":"https:\/\/port.lukasiewicz.gov.pl\/en\/wp-json\/wp\/v2\/media?parent=92030"}],"curies":[{"name":"wp","href":"https:\/\/api.w.org\/{rel}","templated":true}]}}