{"id":92034,"date":"2025-09-18T11:59:32","date_gmt":"2025-09-18T09:59:32","guid":{"rendered":"https:\/\/port.lukasiewicz.gov.pl\/warsaw-university-of-technology\/publications\/"},"modified":"2025-12-15T11:34:40","modified_gmt":"2025-12-15T10:34:40","slug":"publications","status":"publish","type":"page","link":"https:\/\/port.lukasiewicz.gov.pl\/en\/warsaw-university-of-technology\/publications\/","title":{"rendered":"Publications"},"content":{"rendered":"\t\t<div data-elementor-type=\"wp-page\" data-elementor-id=\"92034\" class=\"elementor elementor-92034 elementor-87706\" data-elementor-post-type=\"page\">\n\t\t\t\t<div class=\"elementor-element elementor-element-ad2a1bb e-flex e-con-boxed e-con e-parent\" data-id=\"ad2a1bb\" data-element_type=\"container\" data-e-type=\"container\">\n\t\t\t\t\t<div class=\"e-con-inner\">\n\t\t<div class=\"elementor-element elementor-element-f49b844 e-con-full e-flex e-con e-child\" data-id=\"f49b844\" data-element_type=\"container\" data-e-type=\"container\">\n\t\t\t\t<div class=\"elementor-element elementor-element-82352db elementor-widget elementor-widget-heading\" data-id=\"82352db\" data-element_type=\"widget\" data-e-type=\"widget\" data-widget_type=\"heading.default\">\n\t\t\t\t<div class=\"elementor-widget-container\">\n\t\t\t\t\t<h1 class=\"elementor-heading-title elementor-size-default\">Warsaw University of Technology<br><\/h1>\t\t\t\t<\/div>\n\t\t\t\t<\/div>\n\t\t\t\t<div class=\"elementor-element elementor-element-3991ac9 elementor-nav-menu--dropdown-none elementor-widget elementor-widget-nav-menu\" data-id=\"3991ac9\" data-element_type=\"widget\" data-e-type=\"widget\" data-settings=\"{&quot;layout&quot;:&quot;horizontal&quot;,&quot;submenu_icon&quot;:{&quot;value&quot;:&quot;&lt;svg aria-hidden=\\&quot;true\\&quot; class=\\&quot;e-font-icon-svg e-fas-caret-down\\&quot; viewBox=\\&quot;0 0 320 512\\&quot; xmlns=\\&quot;http:\\\/\\\/www.w3.org\\\/2000\\\/svg\\&quot;&gt;&lt;path d=\\&quot;M31.3 192h257.3c17.8 0 26.7 21.5 14.1 34.1L174.1 354.8c-7.8 7.8-20.5 7.8-28.3 0L17.2 226.1C4.6 213.5 13.5 192 31.3 192z\\&quot;&gt;&lt;\\\/path&gt;&lt;\\\/svg&gt;&quot;,&quot;library&quot;:&quot;fa-solid&quot;}}\" data-widget_type=\"nav-menu.default\">\n\t\t\t\t<div class=\"elementor-widget-container\">\n\t\t\t\t\t\t\t\t<nav aria-label=\"Menu\" class=\"elementor-nav-menu--main elementor-nav-menu__container elementor-nav-menu--layout-horizontal e--pointer-background e--animation-fade\">\n\t\t\t\t<ul id=\"menu-1-3991ac9\" class=\"elementor-nav-menu\"><li class=\"menu-item menu-item-type-post_type menu-item-object-page menu-item-92036\"><a href=\"https:\/\/port.lukasiewicz.gov.pl\/en\/warsaw-university-of-technology\/\" class=\"elementor-item\">About Us<\/a><\/li>\n<li class=\"menu-item menu-item-type-post_type menu-item-object-page menu-item-92039\"><a href=\"https:\/\/port.lukasiewicz.gov.pl\/en\/warsaw-university-of-technology\/researches\/\" class=\"elementor-item\">Researches<\/a><\/li>\n<li class=\"menu-item menu-item-type-post_type menu-item-object-page menu-item-92038\"><a href=\"https:\/\/port.lukasiewicz.gov.pl\/en\/warsaw-university-of-technology\/publications\/\" class=\"elementor-item\">Publications<\/a><\/li>\n<li class=\"menu-item menu-item-type-post_type menu-item-object-page menu-item-92037\"><a href=\"https:\/\/port.lukasiewicz.gov.pl\/en\/warsaw-university-of-technology\/activity\/\" class=\"elementor-item\">Activity<\/a><\/li>\n<\/ul>\t\t\t<\/nav>\n\t\t\t\t\t\t<nav class=\"elementor-nav-menu--dropdown elementor-nav-menu__container\" aria-hidden=\"true\">\n\t\t\t\t<ul id=\"menu-2-3991ac9\" class=\"elementor-nav-menu\"><li class=\"menu-item menu-item-type-post_type menu-item-object-page menu-item-92036\"><a href=\"https:\/\/port.lukasiewicz.gov.pl\/en\/warsaw-university-of-technology\/\" class=\"elementor-item\" tabindex=\"-1\">About Us<\/a><\/li>\n<li class=\"menu-item menu-item-type-post_type menu-item-object-page menu-item-92039\"><a href=\"https:\/\/port.lukasiewicz.gov.pl\/en\/warsaw-university-of-technology\/researches\/\" class=\"elementor-item\" tabindex=\"-1\">Researches<\/a><\/li>\n<li class=\"menu-item menu-item-type-post_type menu-item-object-page menu-item-92038\"><a href=\"https:\/\/port.lukasiewicz.gov.pl\/en\/warsaw-university-of-technology\/publications\/\" class=\"elementor-item\" tabindex=\"-1\">Publications<\/a><\/li>\n<li class=\"menu-item menu-item-type-post_type menu-item-object-page menu-item-92037\"><a href=\"https:\/\/port.lukasiewicz.gov.pl\/en\/warsaw-university-of-technology\/activity\/\" class=\"elementor-item\" tabindex=\"-1\">Activity<\/a><\/li>\n<\/ul>\t\t\t<\/nav>\n\t\t\t\t\t\t<\/div>\n\t\t\t\t<\/div>\n\t\t\t\t<\/div>\n\t\t\t\t\t<\/div>\n\t\t\t\t<\/div>\n\t\t<div class=\"elementor-element elementor-element-4212430 e-flex e-con-boxed e-con e-parent\" data-id=\"4212430\" data-element_type=\"container\" data-e-type=\"container\">\n\t\t\t\t\t<div class=\"e-con-inner\">\n\t\t<div class=\"elementor-element elementor-element-4c14bfe e-con-full e-flex e-con e-child\" data-id=\"4c14bfe\" data-element_type=\"container\" data-e-type=\"container\">\n\t\t\t\t<div class=\"elementor-element elementor-element-5950907 elementor-widget elementor-widget-heading\" data-id=\"5950907\" data-element_type=\"widget\" data-e-type=\"widget\" data-widget_type=\"heading.default\">\n\t\t\t\t<div class=\"elementor-widget-container\">\n\t\t\t\t\t<h2 class=\"elementor-heading-title elementor-size-default\">Publications<\/h2>\t\t\t\t<\/div>\n\t\t\t\t<\/div>\n\t\t\t\t<div class=\"elementor-element elementor-element-76779e0 elementor-widget__width-initial elementor-widget-tablet__width-inherit cut-off-wrapper-90 elementor-widget elementor-widget-text-editor\" data-id=\"76779e0\" data-element_type=\"widget\" data-e-type=\"widget\" data-widget_type=\"text-editor.default\">\n\t\t\t\t<div class=\"elementor-widget-container\">\n\t\t\t\t\t\t\t\t\t<p><strong>Muhammad Ali Butt, Cuma Tyszkiewicz, Pawe\u0142 Karasi\u0144ski, Magdalena Zi\u0119ba, Daria Hlushchenko, Tomasz Baraniecki, Andrzej Ka\u017amierczak, Ryszard Piramidowicz, Ma\u0142gorzata Guzik, Alicja Bachmatiuk<\/strong><br>Development of a low-cost silica-titania optical platform for integrated photonics applications.<br><em>Optics Express<\/em>, 30 (2022), 23678-23694<br>IF = 3.833<br>10.1364\/OE.460318<\/p>\t\t\t\t\t\t\t\t<\/div>\n\t\t\t\t<\/div>\n\t\t\t\t<div class=\"elementor-element elementor-element-c3e2ffd elementor-widget__width-initial elementor-widget-tablet__width-inherit cut-off-wrapper-90 elementor-widget elementor-widget-text-editor\" data-id=\"c3e2ffd\" data-element_type=\"widget\" data-e-type=\"widget\" data-widget_type=\"text-editor.default\">\n\t\t\t\t<div class=\"elementor-widget-container\">\n\t\t\t\t\t\t\t\t\t<p><strong>Muhammad Ali Butt, Cuma Tyszkiewicz, Pawe\u0142 Karasi\u0144ski, Magdalena Zi\u0119ba, Andrzej Ka\u017amierczak, Maria Zdo\u0144czyk, \u0141ukasz Duda, Ma\u0142gorzata Guzik, Jacek Olszewski, Tadeusz Martynkien, Alicja Bachmatiuk, Ryszard Piramidowicz<\/strong><\/p><p>Optical Thin Films Fabrication Techniques\u2014Towards a Low-Cost Solution for the Integrated Photonic Platform: A Review of the Current Status.<\/p><p><em>Materials, <\/em>15 (2022), 4591\/1-4591\/25<br>IF = 3.748<br>10.3390\/ma15134591<\/p>\t\t\t\t\t\t\t\t<\/div>\n\t\t\t\t<\/div>\n\t\t\t\t<div class=\"elementor-element elementor-element-3807c31 elementor-widget__width-initial elementor-widget-tablet__width-inherit cut-off-wrapper-90 elementor-widget elementor-widget-text-editor\" data-id=\"3807c31\" data-element_type=\"widget\" data-e-type=\"widget\" data-widget_type=\"text-editor.default\">\n\t\t\t\t<div class=\"elementor-widget-container\">\n\t\t\t\t\t\t\t\t\t<p><strong>Andrzej Kazmierczak, Muhammad Ali Butt, Magdalena Zi\u0119ba, Cuma Tyszkiewicz, Pawe\u0142 Karasi\u0144ski, Ryszard Piramidowicz<\/strong><\/p><p>Towards the most convenient configuration of integrated photonic sensor for implementation in SiO<sub>2<\/sub>:TiO<sub>2<\/sub> sol-gel derived waveguide film technology.<\/p><p><em>Optical Sensing and Detection VII, edited by Francis Berghmans, Ioanna Zergioti, Proceedings of SPIE, 12139 (2022), 1213908<\/em><em><br><\/em>10.1117\/12.2622209<\/p>\t\t\t\t\t\t\t\t<\/div>\n\t\t\t\t<\/div>\n\t\t\t\t<div class=\"elementor-element elementor-element-9ab028c elementor-widget__width-initial elementor-widget-tablet__width-inherit cut-off-wrapper-90 elementor-widget elementor-widget-text-editor\" data-id=\"9ab028c\" data-element_type=\"widget\" data-e-type=\"widget\" data-widget_type=\"text-editor.default\">\n\t\t\t\t<div class=\"elementor-widget-container\">\n\t\t\t\t\t\t\t\t\t<p><strong>Muhammad Ali Butt, Cuma Tyszkiewicz, Katarzyna Wojtasik, Pawe\u0142 Karasi\u0144ski, Andrzej Ka\u017amierczak, Ryszard Piramidowicz<\/strong><\/p><p>Subwavelength Grating Waveguide Structures Proposed on the Low-Cost Silica\u2013Titania Platform for Optical Filtering and Refractive Index Sensing Applications.<\/p><p><em>International Journal of Molecular Sciences<\/em>, 23 (2022), 6614\/1-6614\/15<br>IF = 6.208<br>10.3390\/ijms23126614<\/p>\t\t\t\t\t\t\t\t<\/div>\n\t\t\t\t<\/div>\n\t\t\t\t<div class=\"elementor-element elementor-element-02db074 elementor-widget__width-initial elementor-widget-tablet__width-inherit cut-off-wrapper-90 elementor-widget elementor-widget-text-editor\" data-id=\"02db074\" data-element_type=\"widget\" data-e-type=\"widget\" data-widget_type=\"text-editor.default\">\n\t\t\t\t<div class=\"elementor-widget-container\">\n\t\t\t\t\t\t\t\t\t<p><strong>Muhammad Ali Butt, Andrzej Ka\u017amierczak, Cuma Tyszkiewicz, Pawe\u0142 Karasi\u0144ski, Edyta \u015aroda, Jacek Olszewski, Piotr Pala, Tadeusz Martynkien, Daria Hlushchenko, Tomasz Baraniecki, Alicja Bachmatiuk, Anna Jusza, Ma\u0142gorzata Guzik, Ryszard Piramidowicz<\/strong><\/p><p>HYPHa project: a low-cost alternative for integrated photonics.<\/p><p><em>Photonics Letters of Poland<\/em>, 14 (2022), 25-27<br>IF = 0.571<br>10.4302\/plp.v14i2.1145<\/p>\t\t\t\t\t\t\t\t<\/div>\n\t\t\t\t<\/div>\n\t\t\t\t<div class=\"elementor-element elementor-element-d50bba9 elementor-widget__width-initial elementor-widget-tablet__width-inherit cut-off-wrapper-90 elementor-widget elementor-widget-text-editor\" data-id=\"d50bba9\" data-element_type=\"widget\" data-e-type=\"widget\" data-widget_type=\"text-editor.default\">\n\t\t\t\t<div class=\"elementor-widget-container\">\n\t\t\t\t\t\t\t\t\t<p><strong>Muhammad Ali Butt<\/strong>,<\/p><p>Thin-Film Coating Methods: A Successful Marriage of High-Quality and Cost-Effectiveness\u2014A Brief Exploration,<\/p><p><em>Coatings<\/em>, 12(8) (2022) 1115, <br>IF = 3,236<br>doi.org\/10.3390\/coatings12081115<\/p>\t\t\t\t\t\t\t\t<\/div>\n\t\t\t\t<\/div>\n\t\t\t\t<div class=\"elementor-element elementor-element-ff09c45 elementor-widget__width-initial elementor-widget-tablet__width-inherit cut-off-wrapper-90 elementor-widget elementor-widget-text-editor\" data-id=\"ff09c45\" data-element_type=\"widget\" data-e-type=\"widget\" data-widget_type=\"text-editor.default\">\n\t\t\t\t<div class=\"elementor-widget-container\">\n\t\t\t\t\t\t\t\t\t<p><strong>\u0141ukasz Koz\u0142owski, Muhammad Shahbaz, Muhammad Ali Butt, Cuma Tyszkiewicz, Pawe\u0142 Karasi\u0144ski, Andrzej Ka\u017amierczak, Ryszard Piramidowicz<\/strong><\/p><p>Low-cost Integrated Photonic Platform Developed via a Sol-gel Dip-coating Method: A Brief Review,<\/p><p><em>Sensors &amp; Transducers<\/em>, 259 (2002) 82-92, https:\/\/sensorsportal.com\/HTML\/DIGEST\/P_3284.htm<\/p>\t\t\t\t\t\t\t\t<\/div>\n\t\t\t\t<\/div>\n\t\t\t\t<div class=\"elementor-element elementor-element-437a61a elementor-widget__width-initial elementor-widget-tablet__width-inherit cut-off-wrapper-90 elementor-widget elementor-widget-text-editor\" data-id=\"437a61a\" data-element_type=\"widget\" data-e-type=\"widget\" data-widget_type=\"text-editor.default\">\n\t\t\t\t<div class=\"elementor-widget-container\">\n\t\t\t\t\t\t\t\t\t<p><strong>Muhammad Ali Butt, \u0141ukasz Koz\u0142owski, Ryszard Piramidowicz<\/strong><\/p><p>Numerical scrutiny of a silica-titania-based reverse rib waveguide with vertical and rounded sidewalls,<\/p><p><em>Applied Optics<\/em>, 62 (2023) 1296-1302, <br>IF = 1,905 <br>doi.org\/10.1364\/AO.480856<\/p>\t\t\t\t\t\t\t\t<\/div>\n\t\t\t\t<\/div>\n\t\t\t\t<div class=\"elementor-element elementor-element-ac5b226 elementor-widget__width-initial elementor-widget-tablet__width-inherit cut-off-wrapper-90 elementor-widget elementor-widget-text-editor\" data-id=\"ac5b226\" data-element_type=\"widget\" data-e-type=\"widget\" data-widget_type=\"text-editor.default\">\n\t\t\t\t<div class=\"elementor-widget-container\">\n\t\t\t\t\t\t\t\t\t<p><strong>Muhammad Ali Butt, Muhammad Shahbaz, \u0141ukasz Koz\u0142owski, Andrzej Ka\u017amierczak, Ryszrad Piramidowicz<\/strong><\/p><p>Silica-Titania Integrated Photonics Platform-Based 1 \u00d7 2 Demultiplexer Utilizing Two Serially Cascaded Racetrack Microrings for 1310 nm and 1550 nm Telecommunication Wavelengths, <em>Photonics<\/em>, 10(2) (2023) 208;<\/p><p>IF = 2,536<\/p><p>doi.org\/10.3390\/photonics10020208<\/p>\t\t\t\t\t\t\t\t<\/div>\n\t\t\t\t<\/div>\n\t\t\t\t<div class=\"elementor-element elementor-element-5b99816 elementor-widget__width-initial elementor-widget-tablet__width-inherit cut-off-wrapper-90 elementor-widget elementor-widget-text-editor\" data-id=\"5b99816\" data-element_type=\"widget\" data-e-type=\"widget\" data-widget_type=\"text-editor.default\">\n\t\t\t\t<div class=\"elementor-widget-container\">\n\t\t\t\t\t\t\t\t\t<p> <strong> Shahbaz, \u0141ukasz Koz\u0142owski, Muhammad Ali Butt, Ryszard Piramidowicz<\/strong>,<\/p><p>Mitigating the bending losses of the silica-titania-based rib waveguide structure,<em> Opto-Electronics Review,<\/em> 31 (2023) 145551<br>IF= 2.227<\/p><p>doi.org\/10.24425\/opelre.2023.145551<\/p>\t\t\t\t\t\t\t\t<\/div>\n\t\t\t\t<\/div>\n\t\t\t\t<\/div>\n\t\t\t\t\t<\/div>\n\t\t\t\t<\/div>\n\t\t\t\t<\/div>\n\t\t","protected":false},"excerpt":{"rendered":"<p>Warsaw University of Technology Publications Muhammad Ali Butt, Cuma Tyszkiewicz, Pawe\u0142 Karasi\u0144ski, Magdalena Zi\u0119ba, Daria Hlushchenko, Tomasz Baraniecki, Andrzej Ka\u017amierczak, Ryszard Piramidowicz, Ma\u0142gorzata Guzik, Alicja BachmatiukDevelopment of a low-cost silica-titania optical platform for integrated photonics applications.Optics Express, 30 (2022), 23678-23694IF = 3.83310.1364\/OE.460318 Muhammad Ali Butt, Cuma Tyszkiewicz, Pawe\u0142 Karasi\u0144ski, Magdalena Zi\u0119ba, Andrzej Ka\u017amierczak, Maria Zdo\u0144czyk, [&hellip;]<\/p>\n","protected":false},"author":291,"featured_media":0,"parent":92028,"menu_order":0,"comment_status":"closed","ping_status":"closed","template":"","meta":{"_acf_changed":false,"_seopress_robots_primary_cat":"","_seopress_titles_title":"","_seopress_titles_desc":"","_seopress_robots_index":"","inline_featured_image":false,"footnotes":""},"class_list":["post-92034","page","type-page","status-publish","hentry"],"acf":{"page_icon":null},"publishpress_future_action":{"enabled":false,"date":"2026-04-30 12:42:06","action":"change-status","newStatus":"draft","terms":[],"taxonomy":"translation_priority","extraData":[]},"publishpress_future_workflow_manual_trigger":{"enabledWorkflows":[]},"_links":{"self":[{"href":"https:\/\/port.lukasiewicz.gov.pl\/en\/wp-json\/wp\/v2\/pages\/92034","targetHints":{"allow":["GET"]}}],"collection":[{"href":"https:\/\/port.lukasiewicz.gov.pl\/en\/wp-json\/wp\/v2\/pages"}],"about":[{"href":"https:\/\/port.lukasiewicz.gov.pl\/en\/wp-json\/wp\/v2\/types\/page"}],"author":[{"embeddable":true,"href":"https:\/\/port.lukasiewicz.gov.pl\/en\/wp-json\/wp\/v2\/users\/291"}],"replies":[{"embeddable":true,"href":"https:\/\/port.lukasiewicz.gov.pl\/en\/wp-json\/wp\/v2\/comments?post=92034"}],"version-history":[{"count":1,"href":"https:\/\/port.lukasiewicz.gov.pl\/en\/wp-json\/wp\/v2\/pages\/92034\/revisions"}],"predecessor-version":[{"id":92035,"href":"https:\/\/port.lukasiewicz.gov.pl\/en\/wp-json\/wp\/v2\/pages\/92034\/revisions\/92035"}],"up":[{"embeddable":true,"href":"https:\/\/port.lukasiewicz.gov.pl\/en\/wp-json\/wp\/v2\/pages\/92028"}],"wp:attachment":[{"href":"https:\/\/port.lukasiewicz.gov.pl\/en\/wp-json\/wp\/v2\/media?parent=92034"}],"curies":[{"name":"wp","href":"https:\/\/api.w.org\/{rel}","templated":true}]}}