{"id":92045,"date":"2025-09-18T11:35:05","date_gmt":"2025-09-18T09:35:05","guid":{"rendered":"https:\/\/port.lukasiewicz.gov.pl\/wroclaw-university-of-science-and-technology\/activity\/"},"modified":"2025-12-15T11:32:01","modified_gmt":"2025-12-15T10:32:01","slug":"activity","status":"publish","type":"page","link":"https:\/\/port.lukasiewicz.gov.pl\/en\/wroclaw-university-of-science-and-technology\/activity\/","title":{"rendered":"Activity"},"content":{"rendered":"\t\t<div data-elementor-type=\"wp-page\" data-elementor-id=\"92045\" class=\"elementor elementor-92045 elementor-87642\" data-elementor-post-type=\"page\">\n\t\t\t\t<div class=\"elementor-element elementor-element-08e0eff e-flex e-con-boxed e-con e-parent\" data-id=\"08e0eff\" data-element_type=\"container\" data-e-type=\"container\">\n\t\t\t\t\t<div class=\"e-con-inner\">\n\t\t<div class=\"elementor-element elementor-element-cc7c8e6 e-con-full e-flex e-con e-child\" data-id=\"cc7c8e6\" data-element_type=\"container\" data-e-type=\"container\">\n\t\t\t\t<div class=\"elementor-element elementor-element-427ea70 elementor-widget elementor-widget-heading\" data-id=\"427ea70\" data-element_type=\"widget\" data-e-type=\"widget\" data-widget_type=\"heading.default\">\n\t\t\t\t<div class=\"elementor-widget-container\">\n\t\t\t\t\t<h1 class=\"elementor-heading-title elementor-size-default\">Wroc\u0142aw University of Science and Technology<\/h1>\t\t\t\t<\/div>\n\t\t\t\t<\/div>\n\t\t\t\t<div class=\"elementor-element elementor-element-a0156b1 elementor-nav-menu--dropdown-none elementor-widget elementor-widget-nav-menu\" data-id=\"a0156b1\" data-element_type=\"widget\" data-e-type=\"widget\" data-settings=\"{&quot;layout&quot;:&quot;horizontal&quot;,&quot;submenu_icon&quot;:{&quot;value&quot;:&quot;&lt;svg aria-hidden=\\&quot;true\\&quot; class=\\&quot;e-font-icon-svg e-fas-caret-down\\&quot; viewBox=\\&quot;0 0 320 512\\&quot; xmlns=\\&quot;http:\\\/\\\/www.w3.org\\\/2000\\\/svg\\&quot;&gt;&lt;path d=\\&quot;M31.3 192h257.3c17.8 0 26.7 21.5 14.1 34.1L174.1 354.8c-7.8 7.8-20.5 7.8-28.3 0L17.2 226.1C4.6 213.5 13.5 192 31.3 192z\\&quot;&gt;&lt;\\\/path&gt;&lt;\\\/svg&gt;&quot;,&quot;library&quot;:&quot;fa-solid&quot;}}\" data-widget_type=\"nav-menu.default\">\n\t\t\t\t<div class=\"elementor-widget-container\">\n\t\t\t\t\t\t\t\t<nav aria-label=\"Menu\" class=\"elementor-nav-menu--main elementor-nav-menu__container elementor-nav-menu--layout-horizontal e--pointer-background e--animation-fade\">\n\t\t\t\t<ul id=\"menu-1-a0156b1\" class=\"elementor-nav-menu\"><li class=\"menu-item menu-item-type-post_type menu-item-object-page menu-item-92051\"><a href=\"https:\/\/port.lukasiewicz.gov.pl\/en\/wroclaw-university-of-science-and-technology\/\" class=\"elementor-item\">About Us<\/a><\/li>\n<li class=\"menu-item menu-item-type-post_type menu-item-object-page menu-item-92052\"><a href=\"https:\/\/port.lukasiewicz.gov.pl\/en\/wroclaw-university-of-science-and-technology\/researches\/\" class=\"elementor-item\">Researches<\/a><\/li>\n<li class=\"menu-item menu-item-type-post_type menu-item-object-page menu-item-92053\"><a href=\"https:\/\/port.lukasiewicz.gov.pl\/en\/wroclaw-university-of-science-and-technology\/publications\/\" class=\"elementor-item\">Publications<\/a><\/li>\n<li class=\"menu-item menu-item-type-post_type menu-item-object-page menu-item-92054\"><a href=\"https:\/\/port.lukasiewicz.gov.pl\/en\/wroclaw-university-of-science-and-technology\/activity\/\" class=\"elementor-item\">Activity<\/a><\/li>\n<\/ul>\t\t\t<\/nav>\n\t\t\t\t\t\t<nav class=\"elementor-nav-menu--dropdown elementor-nav-menu__container\" aria-hidden=\"true\">\n\t\t\t\t<ul id=\"menu-2-a0156b1\" class=\"elementor-nav-menu\"><li class=\"menu-item menu-item-type-post_type menu-item-object-page menu-item-92051\"><a href=\"https:\/\/port.lukasiewicz.gov.pl\/en\/wroclaw-university-of-science-and-technology\/\" class=\"elementor-item\" tabindex=\"-1\">About Us<\/a><\/li>\n<li class=\"menu-item menu-item-type-post_type menu-item-object-page menu-item-92052\"><a href=\"https:\/\/port.lukasiewicz.gov.pl\/en\/wroclaw-university-of-science-and-technology\/researches\/\" class=\"elementor-item\" tabindex=\"-1\">Researches<\/a><\/li>\n<li class=\"menu-item menu-item-type-post_type menu-item-object-page menu-item-92053\"><a href=\"https:\/\/port.lukasiewicz.gov.pl\/en\/wroclaw-university-of-science-and-technology\/publications\/\" class=\"elementor-item\" tabindex=\"-1\">Publications<\/a><\/li>\n<li class=\"menu-item menu-item-type-post_type menu-item-object-page menu-item-92054\"><a href=\"https:\/\/port.lukasiewicz.gov.pl\/en\/wroclaw-university-of-science-and-technology\/activity\/\" class=\"elementor-item\" tabindex=\"-1\">Activity<\/a><\/li>\n<\/ul>\t\t\t<\/nav>\n\t\t\t\t\t\t<\/div>\n\t\t\t\t<\/div>\n\t\t\t\t<\/div>\n\t\t\t\t\t<\/div>\n\t\t\t\t<\/div>\n\t\t<div class=\"elementor-element elementor-element-45e19da e-flex e-con-boxed e-con e-parent\" data-id=\"45e19da\" data-element_type=\"container\" data-e-type=\"container\">\n\t\t\t\t\t<div class=\"e-con-inner\">\n\t\t<div class=\"elementor-element elementor-element-8e455de e-con-full e-flex e-con e-child\" data-id=\"8e455de\" data-element_type=\"container\" data-e-type=\"container\">\n\t\t\t\t<div class=\"elementor-element elementor-element-bd29de0 elementor-widget elementor-widget-heading\" data-id=\"bd29de0\" data-element_type=\"widget\" data-e-type=\"widget\" data-widget_type=\"heading.default\">\n\t\t\t\t<div class=\"elementor-widget-container\">\n\t\t\t\t\t<h2 class=\"elementor-heading-title elementor-size-default\">Activity<\/h2>\t\t\t\t<\/div>\n\t\t\t\t<\/div>\n\t\t<div class=\"elementor-element elementor-element-188cb32 e-grid e-con-full e-con e-child\" data-id=\"188cb32\" data-element_type=\"container\" data-e-type=\"container\">\n\t\t\t\t<div class=\"elementor-element elementor-element-e77ba08 elementor-widget elementor-widget-image\" data-id=\"e77ba08\" data-element_type=\"widget\" data-e-type=\"widget\" data-widget_type=\"image.default\">\n\t\t\t\t<div class=\"elementor-widget-container\">\n\t\t\t\t\t\t\t\t\t\t\t\t<figure class=\"wp-caption\">\n\t\t\t\t\t\t\t\t\t\t<img alt=\"\" fetchpriority=\"high\" decoding=\"async\" width=\"1024\" height=\"700\" src=\"https:\/\/port.lukasiewicz.gov.pl\/wp-content\/uploads\/sites\/35\/2025\/09\/aktywnosc-PWR_2.png\" class=\"attachment-full size-full wp-image-87536\" alt=\"\" srcset=\"https:\/\/port.lukasiewicz.gov.pl\/wp-content\/uploads\/sites\/35\/2025\/09\/aktywnosc-PWR_2.png 1024w, https:\/\/port.lukasiewicz.gov.pl\/wp-content\/uploads\/sites\/35\/2025\/09\/aktywnosc-PWR_2-300x205.png 300w, https:\/\/port.lukasiewicz.gov.pl\/wp-content\/uploads\/sites\/35\/2025\/09\/aktywnosc-PWR_2-768x525.png 768w, https:\/\/port.lukasiewicz.gov.pl\/wp-content\/uploads\/sites\/35\/2025\/09\/aktywnosc-PWR_2-24x16.png 24w, https:\/\/port.lukasiewicz.gov.pl\/wp-content\/uploads\/sites\/35\/2025\/09\/aktywnosc-PWR_2-36x25.png 36w, https:\/\/port.lukasiewicz.gov.pl\/wp-content\/uploads\/sites\/35\/2025\/09\/aktywnosc-PWR_2-48x33.png 48w\" sizes=\"(max-width: 1024px) 100vw, 1024px\" \/>\t\t\t\t\t\t\t\t\t\t\t<figcaption class=\"widget-image-caption wp-caption-text\">At this year\u2019s 21st National Conference on Electronics, held in Dar\u0142\u00f3wko Wschodnie on June 5\u20139, 2022, our PhD students Edyta \u015aroda and Piotr Pala received distinctions for the best young-researcher presentations in their respective sessions.<br> <\/figcaption>\n\t\t\t\t\t\t\t\t\t\t<\/figure>\n\t\t\t\t\t\t\t\t\t<\/div>\n\t\t\t\t<\/div>\n\t\t\t\t<div class=\"elementor-element elementor-element-dcf2204 elementor-widget elementor-widget-image\" data-id=\"dcf2204\" data-element_type=\"widget\" data-e-type=\"widget\" data-widget_type=\"image.default\">\n\t\t\t\t<div class=\"elementor-widget-container\">\n\t\t\t\t\t\t\t\t\t\t\t\t<figure class=\"wp-caption\">\n\t\t\t\t\t\t\t\t\t\t<img alt=\"\" decoding=\"async\" width=\"1024\" height=\"700\" src=\"https:\/\/port.lukasiewicz.gov.pl\/wp-content\/uploads\/sites\/35\/2025\/09\/aktywnosc-PWR_1.png\" class=\"attachment-full size-full wp-image-87534\" alt=\"\" srcset=\"https:\/\/port.lukasiewicz.gov.pl\/wp-content\/uploads\/sites\/35\/2025\/09\/aktywnosc-PWR_1.png 1024w, https:\/\/port.lukasiewicz.gov.pl\/wp-content\/uploads\/sites\/35\/2025\/09\/aktywnosc-PWR_1-300x205.png 300w, https:\/\/port.lukasiewicz.gov.pl\/wp-content\/uploads\/sites\/35\/2025\/09\/aktywnosc-PWR_1-768x525.png 768w, https:\/\/port.lukasiewicz.gov.pl\/wp-content\/uploads\/sites\/35\/2025\/09\/aktywnosc-PWR_1-24x16.png 24w, https:\/\/port.lukasiewicz.gov.pl\/wp-content\/uploads\/sites\/35\/2025\/09\/aktywnosc-PWR_1-36x25.png 36w, https:\/\/port.lukasiewicz.gov.pl\/wp-content\/uploads\/sites\/35\/2025\/09\/aktywnosc-PWR_1-48x33.png 48w\" sizes=\"(max-width: 1024px) 100vw, 1024px\" \/>\t\t\t\t\t\t\t\t\t\t\t<figcaption class=\"widget-image-caption wp-caption-text\">Ceremonial awarding of the diplomas by Prof. Janusz Zar\u0119bski, Chair of the Scientific Committee of the 21st NCE. <\/figcaption>\n\t\t\t\t\t\t\t\t\t\t<\/figure>\n\t\t\t\t\t\t\t\t\t<\/div>\n\t\t\t\t<\/div>\n\t\t\t\t<\/div>\n\t\t\t\t<div class=\"elementor-element elementor-element-031c467 elementor-widget elementor-widget-text-editor\" data-id=\"031c467\" data-element_type=\"widget\" data-e-type=\"widget\" data-widget_type=\"text-editor.default\">\n\t\t\t\t<div class=\"elementor-widget-container\">\n\t\t\t\t\t\t\t\t\t<p><strong>Conference presentations<br> <\/strong><\/p><ol><li>Edyta \u015aroda, Jacek Olszewski, Wac\u0142aw Urba\u0144czyk, \u201cReducing bend-induced loss and crosstalk in a two-mode ridge waveguide by step-like thickness structuring,\u201d VII Silicon Photonics Summer School 2022 \u2013 ePIXfab, 20\u201324.06.2022, Paris, France (poster).<br><\/li><li>Edyta \u015aroda, Jacek Olszewski, Wac\u0142aw Urba\u0144czyk, \u201cReducing loss and crosstalk in two-mode ridge waveguide bend by step-like thickness structuring,\u201d 21st National Conference on Electronics, 05\u201309.06.2022, Dar\u0142owo, Poland (oral presentation).<br><\/li><li>Edyta \u015aroda, Jacek Olszewski, Wac\u0142aw Urba\u0144czyk, \u201cReducing loss and crosstalk in two-mode ridge waveguide bend by step-like thickness structuring,\u201d SPIE Photonics Europe On Demand 2022, 09\u201315.05.2022 (online oral presentation).<br><\/li><li>Piotr Pala, \u201cLight coupling methods for integrated photonics systems,\u201d 21st National Conference on Electronics, 05\u201309.06.2022, Dar\u0142owo, Poland (oral presentation).<br><\/li><li>Jacek Olszewski, Edyta \u015aroda, Piotr Pala, Karolina Gemza, Piotr Ko\u0142odziej, Andrzej Gawlik, Pawe\u0142 Mrowi\u0144ski, Katarzyna Komorowska, Tadeusz Martynkien, \u201cDesign principles of integrated photonics components specific to the silica\u2013titania platform,\u201d 21st National Conference on Electronics, 05\u201309.06.2022, Dar\u0142owo, Poland (oral presentation).<br><\/li><li>Piotr Pala, Karolina Gemza, Piotr Ko\u0142odziej, Justyna Krzak, Andrzej Gawlik, Jacek Olszewski, Gabriela Statkiewicz-Barabach, Katarzyna Komorowska, Tadeusz Martynkien, \u201cCeramic diffraction gratings produced on the optical fibers end-faces,\u201d 21st National Conference on Electronics, 05\u201309.06.2022, Dar\u0142owo, Poland (oral presentation).<br><\/li><li>Katarzyna Komorowska, Natalia Turek, Andrea Szpecht, Adrian Zaj\u0105c, Tadeusz Martynkien, Piotr Pala, Marcin \u015amiglak, \u201cFabrication and characterization of ionic-liquid-based periodic structures on an optical fiber,\u201d MNE EUROSENSORS 2022, 19\u201323.09.2022, Leuven, Belgium (poster).<br><\/li><li>Jacek Olszewski, Edyta \u015aroda, Piotr Pala, Andrzej Gawlik, Pawe\u0142 Mrowi\u0144ski, Krzysztof Rola, Muhammad Ali Butt, PhD, Pawe\u0142 Karasi\u0144ski, Katarzyna Komorowska, Tadeusz Martynkien, Alicja Bachmatiuk, \u201cDesign and characterization of integrated photonics components specific to the silica\u2013titania platform,\u201d 4th Interdisciplinary FNP Conference, 06\u201307.10.2022, Warsaw, Poland (poster).<\/li><\/ol>\t\t\t\t\t\t\t\t<\/div>\n\t\t\t\t<\/div>\n\t\t\t\t<\/div>\n\t\t\t\t\t<\/div>\n\t\t\t\t<\/div>\n\t\t\t\t<\/div>\n\t\t","protected":false},"excerpt":{"rendered":"<p>Wroc\u0142aw University of Science and Technology Activity At this year\u2019s 21st National Conference on Electronics, held in Dar\u0142\u00f3wko Wschodnie on June 5\u20139, 2022, our PhD students Edyta \u015aroda and Piotr Pala received distinctions for the best young-researcher presentations in their respective sessions. Ceremonial awarding of the diplomas by Prof. Janusz Zar\u0119bski, Chair of the Scientific [&hellip;]<\/p>\n","protected":false},"author":291,"featured_media":0,"parent":92043,"menu_order":0,"comment_status":"closed","ping_status":"closed","template":"","meta":{"_acf_changed":false,"_seopress_robots_primary_cat":"","_seopress_titles_title":"","_seopress_titles_desc":"","_seopress_robots_index":"","inline_featured_image":false,"footnotes":""},"class_list":["post-92045","page","type-page","status-publish","hentry"],"acf":{"page_icon":null},"publishpress_future_action":{"enabled":false,"date":"2026-04-30 12:42:16","action":"change-status","newStatus":"draft","terms":[],"taxonomy":"translation_priority","extraData":[]},"publishpress_future_workflow_manual_trigger":{"enabledWorkflows":[]},"_links":{"self":[{"href":"https:\/\/port.lukasiewicz.gov.pl\/en\/wp-json\/wp\/v2\/pages\/92045","targetHints":{"allow":["GET"]}}],"collection":[{"href":"https:\/\/port.lukasiewicz.gov.pl\/en\/wp-json\/wp\/v2\/pages"}],"about":[{"href":"https:\/\/port.lukasiewicz.gov.pl\/en\/wp-json\/wp\/v2\/types\/page"}],"author":[{"embeddable":true,"href":"https:\/\/port.lukasiewicz.gov.pl\/en\/wp-json\/wp\/v2\/users\/291"}],"replies":[{"embeddable":true,"href":"https:\/\/port.lukasiewicz.gov.pl\/en\/wp-json\/wp\/v2\/comments?post=92045"}],"version-history":[{"count":2,"href":"https:\/\/port.lukasiewicz.gov.pl\/en\/wp-json\/wp\/v2\/pages\/92045\/revisions"}],"predecessor-version":[{"id":92059,"href":"https:\/\/port.lukasiewicz.gov.pl\/en\/wp-json\/wp\/v2\/pages\/92045\/revisions\/92059"}],"up":[{"embeddable":true,"href":"https:\/\/port.lukasiewicz.gov.pl\/en\/wp-json\/wp\/v2\/pages\/92043"}],"wp:attachment":[{"href":"https:\/\/port.lukasiewicz.gov.pl\/en\/wp-json\/wp\/v2\/media?parent=92045"}],"curies":[{"name":"wp","href":"https:\/\/api.w.org\/{rel}","templated":true}]}}