{"id":92047,"date":"2025-09-18T11:35:55","date_gmt":"2025-09-18T09:35:55","guid":{"rendered":"https:\/\/port.lukasiewicz.gov.pl\/wroclaw-university-of-science-and-technology\/publications\/"},"modified":"2025-12-15T11:32:06","modified_gmt":"2025-12-15T10:32:06","slug":"publications","status":"publish","type":"page","link":"https:\/\/port.lukasiewicz.gov.pl\/en\/wroclaw-university-of-science-and-technology\/publications\/","title":{"rendered":"Publications"},"content":{"rendered":"\t\t<div data-elementor-type=\"wp-page\" data-elementor-id=\"92047\" class=\"elementor elementor-92047 elementor-87641\" data-elementor-post-type=\"page\">\n\t\t\t\t<div class=\"elementor-element elementor-element-c3f1eb3 e-flex e-con-boxed e-con e-parent\" data-id=\"c3f1eb3\" data-element_type=\"container\" data-e-type=\"container\">\n\t\t\t\t\t<div class=\"e-con-inner\">\n\t\t<div class=\"elementor-element elementor-element-a911402 e-con-full e-flex e-con e-child\" data-id=\"a911402\" data-element_type=\"container\" data-e-type=\"container\">\n\t\t\t\t<div class=\"elementor-element elementor-element-3946eca elementor-widget elementor-widget-heading\" data-id=\"3946eca\" data-element_type=\"widget\" data-e-type=\"widget\" data-widget_type=\"heading.default\">\n\t\t\t\t<div class=\"elementor-widget-container\">\n\t\t\t\t\t<h1 class=\"elementor-heading-title elementor-size-default\">Wroc\u0142aw University of Science and Technology<\/h1>\t\t\t\t<\/div>\n\t\t\t\t<\/div>\n\t\t\t\t<div class=\"elementor-element elementor-element-4b1d780 elementor-nav-menu--dropdown-none elementor-widget elementor-widget-nav-menu\" data-id=\"4b1d780\" data-element_type=\"widget\" data-e-type=\"widget\" data-settings=\"{&quot;layout&quot;:&quot;horizontal&quot;,&quot;submenu_icon&quot;:{&quot;value&quot;:&quot;&lt;svg aria-hidden=\\&quot;true\\&quot; class=\\&quot;e-font-icon-svg e-fas-caret-down\\&quot; viewBox=\\&quot;0 0 320 512\\&quot; xmlns=\\&quot;http:\\\/\\\/www.w3.org\\\/2000\\\/svg\\&quot;&gt;&lt;path d=\\&quot;M31.3 192h257.3c17.8 0 26.7 21.5 14.1 34.1L174.1 354.8c-7.8 7.8-20.5 7.8-28.3 0L17.2 226.1C4.6 213.5 13.5 192 31.3 192z\\&quot;&gt;&lt;\\\/path&gt;&lt;\\\/svg&gt;&quot;,&quot;library&quot;:&quot;fa-solid&quot;}}\" data-widget_type=\"nav-menu.default\">\n\t\t\t\t<div class=\"elementor-widget-container\">\n\t\t\t\t\t\t\t\t<nav aria-label=\"Menu\" class=\"elementor-nav-menu--main elementor-nav-menu__container elementor-nav-menu--layout-horizontal e--pointer-background e--animation-fade\">\n\t\t\t\t<ul id=\"menu-1-4b1d780\" class=\"elementor-nav-menu\"><li class=\"menu-item menu-item-type-post_type menu-item-object-page menu-item-92051\"><a href=\"https:\/\/port.lukasiewicz.gov.pl\/en\/wroclaw-university-of-science-and-technology\/\" class=\"elementor-item\">About Us<\/a><\/li>\n<li class=\"menu-item menu-item-type-post_type menu-item-object-page menu-item-92052\"><a href=\"https:\/\/port.lukasiewicz.gov.pl\/en\/wroclaw-university-of-science-and-technology\/researches\/\" class=\"elementor-item\">Researches<\/a><\/li>\n<li class=\"menu-item menu-item-type-post_type menu-item-object-page menu-item-92053\"><a href=\"https:\/\/port.lukasiewicz.gov.pl\/en\/wroclaw-university-of-science-and-technology\/publications\/\" class=\"elementor-item\">Publications<\/a><\/li>\n<li class=\"menu-item menu-item-type-post_type menu-item-object-page menu-item-92054\"><a href=\"https:\/\/port.lukasiewicz.gov.pl\/en\/wroclaw-university-of-science-and-technology\/activity\/\" class=\"elementor-item\">Activity<\/a><\/li>\n<\/ul>\t\t\t<\/nav>\n\t\t\t\t\t\t<nav class=\"elementor-nav-menu--dropdown elementor-nav-menu__container\" aria-hidden=\"true\">\n\t\t\t\t<ul id=\"menu-2-4b1d780\" class=\"elementor-nav-menu\"><li class=\"menu-item menu-item-type-post_type menu-item-object-page menu-item-92051\"><a href=\"https:\/\/port.lukasiewicz.gov.pl\/en\/wroclaw-university-of-science-and-technology\/\" class=\"elementor-item\" tabindex=\"-1\">About Us<\/a><\/li>\n<li class=\"menu-item menu-item-type-post_type menu-item-object-page menu-item-92052\"><a href=\"https:\/\/port.lukasiewicz.gov.pl\/en\/wroclaw-university-of-science-and-technology\/researches\/\" class=\"elementor-item\" tabindex=\"-1\">Researches<\/a><\/li>\n<li class=\"menu-item menu-item-type-post_type menu-item-object-page menu-item-92053\"><a href=\"https:\/\/port.lukasiewicz.gov.pl\/en\/wroclaw-university-of-science-and-technology\/publications\/\" class=\"elementor-item\" tabindex=\"-1\">Publications<\/a><\/li>\n<li class=\"menu-item menu-item-type-post_type menu-item-object-page menu-item-92054\"><a href=\"https:\/\/port.lukasiewicz.gov.pl\/en\/wroclaw-university-of-science-and-technology\/activity\/\" class=\"elementor-item\" tabindex=\"-1\">Activity<\/a><\/li>\n<\/ul>\t\t\t<\/nav>\n\t\t\t\t\t\t<\/div>\n\t\t\t\t<\/div>\n\t\t\t\t<\/div>\n\t\t\t\t\t<\/div>\n\t\t\t\t<\/div>\n\t\t<div class=\"elementor-element elementor-element-b9692f3 e-flex e-con-boxed e-con e-parent\" data-id=\"b9692f3\" data-element_type=\"container\" data-e-type=\"container\">\n\t\t\t\t\t<div class=\"e-con-inner\">\n\t\t<div class=\"elementor-element elementor-element-e827265 e-con-full e-flex e-con e-child\" data-id=\"e827265\" data-element_type=\"container\" data-e-type=\"container\">\n\t\t\t\t<div class=\"elementor-element elementor-element-d36bf5f elementor-widget elementor-widget-heading\" data-id=\"d36bf5f\" data-element_type=\"widget\" data-e-type=\"widget\" data-widget_type=\"heading.default\">\n\t\t\t\t<div class=\"elementor-widget-container\">\n\t\t\t\t\t<h2 class=\"elementor-heading-title elementor-size-default\">Publications<\/h2>\t\t\t\t<\/div>\n\t\t\t\t<\/div>\n\t\t\t\t<div class=\"elementor-element elementor-element-d9c5a99 elementor-widget__width-initial elementor-widget-tablet__width-inherit cut-off-wrapper-90 elementor-widget elementor-widget-text-editor\" data-id=\"d9c5a99\" data-element_type=\"widget\" data-e-type=\"widget\" data-widget_type=\"text-editor.default\">\n\t\t\t\t<div class=\"elementor-widget-container\">\n\t\t\t\t\t\t\t\t\t<p>Edyta \u015aroda, Jacek Olszewski, Wac\u0142aw. Urba\u0144czyk <\/p><p><strong>Reducing bend-induced loss and crosstalk in a two-mode ridge waveguide by steplike thickness structuring<\/strong><\/p><p>Appl. Opt. 61 (5), 1164-1170 (February 2022)<br>IF= 2.07  <br><a href=\"https:\/\/opg.optica.org\/ao\/abstract.cfm?uri=ao-61-5-1164\">10.1364\/AO.447496<\/a><\/p>\t\t\t\t\t\t\t\t<\/div>\n\t\t\t\t<\/div>\n\t\t\t\t<div class=\"elementor-element elementor-element-72efbef elementor-widget__width-initial elementor-widget-tablet__width-inherit cut-off-wrapper-90 elementor-widget elementor-widget-text-editor\" data-id=\"72efbef\" data-element_type=\"widget\" data-e-type=\"widget\" data-widget_type=\"text-editor.default\">\n\t\t\t\t<div class=\"elementor-widget-container\">\n\t\t\t\t\t\t\t\t\t<p>Piotr Pala, Karolina Gemza, Piotr Ko\u0142odziej, Justyna Krzak, Andrzej Gawlik, Jacek Olszewski, Gabriela Statkiewicz-Barabach, Katarzyna Komorowska, and Tadeusz Martynkien<\/p><p><strong>Ceramic surface relief gratings imprinted on an optical fiber tip<\/strong><\/p><p>Appl. Opt. 61, 6128-6133 (2022)<br>IF= 2.07  <br><a href=\"https:\/\/opg.optica.org\/ao\/abstract.cfm?uri=ao-61-21-6128\">doi.org\/10.1364\/AO.459390<\/a><\/p>\t\t\t\t\t\t\t\t<\/div>\n\t\t\t\t<\/div>\n\t\t\t\t<div class=\"elementor-element elementor-element-238cb91 elementor-widget__width-initial elementor-widget-tablet__width-inherit cut-off-wrapper-90 elementor-widget elementor-widget-text-editor\" data-id=\"238cb91\" data-element_type=\"widget\" data-e-type=\"widget\" data-widget_type=\"text-editor.default\">\n\t\t\t\t<div class=\"elementor-widget-container\">\n\t\t\t\t\t\t\t\t\t<p>Edyta \u015aroda, Jacek Olszewski, Wac\u0142aw Urba\u0144czyk<\/p><p><strong>Reducing loss and crosstalk in two-mode ridge waveguide by step-like thickness structuring<\/strong><\/p><p>Proc. SPIE 12148, Integrated Photonics Platforms II, 121480A (May 2022) <br><a href=\"https:\/\/www.bing.com\/ck\/a?!&amp;&amp;p=130c51eb78c058d6b888fb58c1abfb8f0bcea0205ce68c1ade499819940793a6JmltdHM9MTc1ODA2NzIwMA&amp;ptn=3&amp;ver=2&amp;hsh=4&amp;fclid=1bbbe59a-b040-61c3-1312-f3cdb160606a&amp;psq=Reducing+loss+and+crosstalk+in+two-mode+ridge+waveguide+by+step-like+thickness+structuring&amp;u=a1aHR0cHM6Ly93d3cuc3BpZWRpZ2l0YWxsaWJyYXJ5Lm9yZy9jb25mZXJlbmNlLXByb2NlZWRpbmdzLW9mLXNwaWUvMTIxNDgvMjYyMTI5My9SZWR1Y2luZy1sb3NzLWFuZC1jcm9zc3RhbGstaW4tdHdvLW1vZGUtcmlkZ2Utd2F2ZWd1aWRlLWJlbmQvMTAuMTExNy8xMi4yNjIxMjkzLmZ1bGwjOn46dGV4dD1XZSUyMHByb3Bvc2VkJTIwYSUyMHNpbXBsZSUyMG1ldGhvZCUyMG9mJTIwcmVkdWNpbmclMjBiZW5kLXJlbGF0ZWQsd2F2ZWd1aWRlJTIwYnklMjBzdGVwLWxpa2UlMjB0aGlja25lc3MlMjBzdHJ1Y3R1cmluZyUyMG9mJTIwYmVudCUyMHNlY3Rpb24u\">10.1364\/AO.447496<\/a><\/p>\t\t\t\t\t\t\t\t<\/div>\n\t\t\t\t<\/div>\n\t\t\t\t<\/div>\n\t\t\t\t\t<\/div>\n\t\t\t\t<\/div>\n\t\t\t\t<\/div>\n\t\t","protected":false},"excerpt":{"rendered":"<p>Wroc\u0142aw University of Science and Technology Publications Edyta \u015aroda, Jacek Olszewski, Wac\u0142aw. Urba\u0144czyk Reducing bend-induced loss and crosstalk in a two-mode ridge waveguide by steplike thickness structuring Appl. Opt. 61 (5), 1164-1170 (February 2022)IF= 2.07 10.1364\/AO.447496 Piotr Pala, Karolina Gemza, Piotr Ko\u0142odziej, Justyna Krzak, Andrzej Gawlik, Jacek Olszewski, Gabriela Statkiewicz-Barabach, Katarzyna Komorowska, and Tadeusz Martynkien [&hellip;]<\/p>\n","protected":false},"author":291,"featured_media":0,"parent":92043,"menu_order":0,"comment_status":"closed","ping_status":"closed","template":"","meta":{"_acf_changed":false,"_seopress_robots_primary_cat":"","_seopress_titles_title":"","_seopress_titles_desc":"","_seopress_robots_index":"","inline_featured_image":false,"footnotes":""},"class_list":["post-92047","page","type-page","status-publish","hentry"],"acf":{"page_icon":null},"publishpress_future_action":{"enabled":false,"date":"2026-04-30 14:18:58","action":"change-status","newStatus":"draft","terms":[],"taxonomy":"translation_priority","extraData":[]},"publishpress_future_workflow_manual_trigger":{"enabledWorkflows":[]},"_links":{"self":[{"href":"https:\/\/port.lukasiewicz.gov.pl\/en\/wp-json\/wp\/v2\/pages\/92047","targetHints":{"allow":["GET"]}}],"collection":[{"href":"https:\/\/port.lukasiewicz.gov.pl\/en\/wp-json\/wp\/v2\/pages"}],"about":[{"href":"https:\/\/port.lukasiewicz.gov.pl\/en\/wp-json\/wp\/v2\/types\/page"}],"author":[{"embeddable":true,"href":"https:\/\/port.lukasiewicz.gov.pl\/en\/wp-json\/wp\/v2\/users\/291"}],"replies":[{"embeddable":true,"href":"https:\/\/port.lukasiewicz.gov.pl\/en\/wp-json\/wp\/v2\/comments?post=92047"}],"version-history":[{"count":1,"href":"https:\/\/port.lukasiewicz.gov.pl\/en\/wp-json\/wp\/v2\/pages\/92047\/revisions"}],"predecessor-version":[{"id":92048,"href":"https:\/\/port.lukasiewicz.gov.pl\/en\/wp-json\/wp\/v2\/pages\/92047\/revisions\/92048"}],"up":[{"embeddable":true,"href":"https:\/\/port.lukasiewicz.gov.pl\/en\/wp-json\/wp\/v2\/pages\/92043"}],"wp:attachment":[{"href":"https:\/\/port.lukasiewicz.gov.pl\/en\/wp-json\/wp\/v2\/media?parent=92047"}],"curies":[{"name":"wp","href":"https:\/\/api.w.org\/{rel}","templated":true}]}}