{"id":92084,"date":"2024-10-14T10:30:47","date_gmt":"2024-10-14T08:30:47","guid":{"rendered":"https:\/\/port.lukasiewicz.gov.pl\/get-to-know-us\/social-responsibility-of-science\/gardens-of-experiences\/contact\/"},"modified":"2025-12-15T12:05:21","modified_gmt":"2025-12-15T11:05:21","slug":"contact","status":"publish","type":"page","link":"https:\/\/port.lukasiewicz.gov.pl\/en\/get-to-know-us\/social-responsibility-of-science\/gardens-of-experiences\/contact\/","title":{"rendered":"Contact"},"content":{"rendered":"\t\t<div data-elementor-type=\"wp-page\" data-elementor-id=\"92084\" class=\"elementor elementor-92084 elementor-63180\" data-elementor-post-type=\"page\">\n\t\t\t\t<div class=\"elementor-element elementor-element-1b08ae1 e-flex e-con-boxed e-con e-parent\" data-id=\"1b08ae1\" data-element_type=\"container\" data-e-type=\"container\">\n\t\t\t\t\t<div class=\"e-con-inner\">\n\t\t<div class=\"elementor-element elementor-element-cbc0a04 e-con-full e-flex e-con e-child\" data-id=\"cbc0a04\" data-element_type=\"container\" data-e-type=\"container\">\n\t\t\t\t<div class=\"elementor-element elementor-element-2bd157f elementor-widget elementor-widget-heading\" data-id=\"2bd157f\" data-element_type=\"widget\" data-e-type=\"widget\" data-widget_type=\"heading.default\">\n\t\t\t\t<div class=\"elementor-widget-container\">\n\t\t\t\t\t<h1 class=\"elementor-heading-title elementor-size-default\">Gardens of Experiences<\/h1>\t\t\t\t<\/div>\n\t\t\t\t<\/div>\n\t\t\t\t<div class=\"elementor-element elementor-element-dc06147 elementor-nav-menu--dropdown-none elementor-widget elementor-widget-nav-menu\" data-id=\"dc06147\" data-element_type=\"widget\" data-e-type=\"widget\" data-settings=\"{&quot;layout&quot;:&quot;horizontal&quot;,&quot;submenu_icon&quot;:{&quot;value&quot;:&quot;&lt;svg aria-hidden=\\&quot;true\\&quot; class=\\&quot;e-font-icon-svg e-fas-caret-down\\&quot; viewBox=\\&quot;0 0 320 512\\&quot; xmlns=\\&quot;http:\\\/\\\/www.w3.org\\\/2000\\\/svg\\&quot;&gt;&lt;path d=\\&quot;M31.3 192h257.3c17.8 0 26.7 21.5 14.1 34.1L174.1 354.8c-7.8 7.8-20.5 7.8-28.3 0L17.2 226.1C4.6 213.5 13.5 192 31.3 192z\\&quot;&gt;&lt;\\\/path&gt;&lt;\\\/svg&gt;&quot;,&quot;library&quot;:&quot;fa-solid&quot;}}\" data-widget_type=\"nav-menu.default\">\n\t\t\t\t<div class=\"elementor-widget-container\">\n\t\t\t\t\t\t\t\t<nav aria-label=\"Menu\" class=\"elementor-nav-menu--main elementor-nav-menu__container elementor-nav-menu--layout-horizontal e--pointer-background e--animation-fade\">\n\t\t\t\t<ul id=\"menu-1-dc06147\" class=\"elementor-nav-menu\"><li class=\"menu-item menu-item-type-post_type menu-item-object-page menu-item-92095\"><a href=\"https:\/\/port.lukasiewicz.gov.pl\/en\/get-to-know-us\/social-responsibility-of-science\/gardens-of-experiences\/\" class=\"elementor-item\">About Us<\/a><\/li>\n<li class=\"menu-item menu-item-type-post_type menu-item-object-page menu-item-has-children menu-item-92094\"><a href=\"https:\/\/port.lukasiewicz.gov.pl\/en\/get-to-know-us\/social-responsibility-of-science\/gardens-of-experiences\/offer\/\" class=\"elementor-item\">Offer<\/a>\n<ul class=\"sub-menu elementor-nav-menu--dropdown\">\n\t<li class=\"menu-item menu-item-type-post_type menu-item-object-page menu-item-92105\"><a href=\"https:\/\/port.lukasiewicz.gov.pl\/en\/get-to-know-us\/social-responsibility-of-science\/gardens-of-experiences\/offer\/school-workshops\/\" class=\"elementor-sub-item\">School Workshops<\/a><\/li>\n\t<li class=\"menu-item menu-item-type-post_type menu-item-object-page menu-item-92104\"><a href=\"https:\/\/port.lukasiewicz.gov.pl\/en\/get-to-know-us\/social-responsibility-of-science\/gardens-of-experiences\/offer\/workshops-for-teachers\/\" class=\"elementor-sub-item\">Workshops for Teachers<\/a><\/li>\n\t<li class=\"menu-item menu-item-type-post_type menu-item-object-page menu-item-92098\"><a href=\"https:\/\/port.lukasiewicz.gov.pl\/en\/get-to-know-us\/social-responsibility-of-science\/gardens-of-experiences\/offer\/school-workshops\/day-camps\/\" class=\"elementor-sub-item\">Day Camps<\/a><\/li>\n\t<li class=\"menu-item menu-item-type-post_type menu-item-object-page menu-item-92100\"><a href=\"https:\/\/port.lukasiewicz.gov.pl\/en\/get-to-know-us\/social-responsibility-of-science\/gardens-of-experiences\/offer\/family-workshops\/\" class=\"elementor-sub-item\">Family Workshops<\/a><\/li>\n\t<li class=\"menu-item menu-item-type-post_type menu-item-object-page menu-item-92103\"><a href=\"https:\/\/port.lukasiewicz.gov.pl\/en\/get-to-know-us\/social-responsibility-of-science\/gardens-of-experiences\/offer\/birthday-party\/\" class=\"elementor-sub-item\">Birthday party<\/a><\/li>\n\t<li class=\"menu-item menu-item-type-post_type menu-item-object-page menu-item-92101\"><a href=\"https:\/\/port.lukasiewicz.gov.pl\/en\/get-to-know-us\/social-responsibility-of-science\/gardens-of-experiences\/offer\/workshops-for-seniors\/\" class=\"elementor-sub-item\">Workshops for Seniors<\/a><\/li>\n\t<li class=\"menu-item menu-item-type-post_type menu-item-object-page menu-item-92102\"><a href=\"https:\/\/port.lukasiewicz.gov.pl\/en\/get-to-know-us\/social-responsibility-of-science\/gardens-of-experiences\/offer\/mobile-programs\/\" class=\"elementor-sub-item\">Mobile Programs<\/a><\/li>\n<\/ul>\n<\/li>\n<li class=\"menu-item menu-item-type-post_type menu-item-object-page menu-item-92092\"><a href=\"https:\/\/port.lukasiewicz.gov.pl\/en\/get-to-know-us\/social-responsibility-of-science\/gardens-of-experiences\/price-list\/\" class=\"elementor-item\">Price list<\/a><\/li>\n<li class=\"menu-item menu-item-type-post_type menu-item-object-page menu-item-92093\"><a href=\"https:\/\/port.lukasiewicz.gov.pl\/en\/get-to-know-us\/social-responsibility-of-science\/gardens-of-experiences\/reservations\/\" class=\"elementor-item\">Reservations<\/a><\/li>\n<li class=\"menu-item menu-item-type-post_type menu-item-object-page menu-item-92091\"><a href=\"https:\/\/port.lukasiewicz.gov.pl\/en\/get-to-know-us\/social-responsibility-of-science\/gardens-of-experiences\/faq\/\" class=\"elementor-item\">FAQ<\/a><\/li>\n<li class=\"menu-item menu-item-type-post_type menu-item-object-page menu-item-92090\"><a href=\"https:\/\/port.lukasiewicz.gov.pl\/en\/get-to-know-us\/social-responsibility-of-science\/gardens-of-experiences\/contact\/\" class=\"elementor-item\">Contact<\/a><\/li>\n<\/ul>\t\t\t<\/nav>\n\t\t\t\t\t\t<nav class=\"elementor-nav-menu--dropdown elementor-nav-menu__container\" aria-hidden=\"true\">\n\t\t\t\t<ul id=\"menu-2-dc06147\" class=\"elementor-nav-menu\"><li class=\"menu-item menu-item-type-post_type menu-item-object-page menu-item-92095\"><a href=\"https:\/\/port.lukasiewicz.gov.pl\/en\/get-to-know-us\/social-responsibility-of-science\/gardens-of-experiences\/\" class=\"elementor-item\" tabindex=\"-1\">About Us<\/a><\/li>\n<li class=\"menu-item menu-item-type-post_type menu-item-object-page menu-item-has-children menu-item-92094\"><a href=\"https:\/\/port.lukasiewicz.gov.pl\/en\/get-to-know-us\/social-responsibility-of-science\/gardens-of-experiences\/offer\/\" class=\"elementor-item\" tabindex=\"-1\">Offer<\/a>\n<ul class=\"sub-menu elementor-nav-menu--dropdown\">\n\t<li class=\"menu-item menu-item-type-post_type menu-item-object-page menu-item-92105\"><a href=\"https:\/\/port.lukasiewicz.gov.pl\/en\/get-to-know-us\/social-responsibility-of-science\/gardens-of-experiences\/offer\/school-workshops\/\" class=\"elementor-sub-item\" tabindex=\"-1\">School Workshops<\/a><\/li>\n\t<li class=\"menu-item menu-item-type-post_type menu-item-object-page menu-item-92104\"><a href=\"https:\/\/port.lukasiewicz.gov.pl\/en\/get-to-know-us\/social-responsibility-of-science\/gardens-of-experiences\/offer\/workshops-for-teachers\/\" class=\"elementor-sub-item\" tabindex=\"-1\">Workshops for Teachers<\/a><\/li>\n\t<li class=\"menu-item menu-item-type-post_type menu-item-object-page menu-item-92098\"><a href=\"https:\/\/port.lukasiewicz.gov.pl\/en\/get-to-know-us\/social-responsibility-of-science\/gardens-of-experiences\/offer\/school-workshops\/day-camps\/\" class=\"elementor-sub-item\" tabindex=\"-1\">Day Camps<\/a><\/li>\n\t<li class=\"menu-item menu-item-type-post_type menu-item-object-page menu-item-92100\"><a href=\"https:\/\/port.lukasiewicz.gov.pl\/en\/get-to-know-us\/social-responsibility-of-science\/gardens-of-experiences\/offer\/family-workshops\/\" class=\"elementor-sub-item\" tabindex=\"-1\">Family Workshops<\/a><\/li>\n\t<li class=\"menu-item menu-item-type-post_type menu-item-object-page menu-item-92103\"><a href=\"https:\/\/port.lukasiewicz.gov.pl\/en\/get-to-know-us\/social-responsibility-of-science\/gardens-of-experiences\/offer\/birthday-party\/\" class=\"elementor-sub-item\" tabindex=\"-1\">Birthday party<\/a><\/li>\n\t<li class=\"menu-item menu-item-type-post_type menu-item-object-page menu-item-92101\"><a href=\"https:\/\/port.lukasiewicz.gov.pl\/en\/get-to-know-us\/social-responsibility-of-science\/gardens-of-experiences\/offer\/workshops-for-seniors\/\" class=\"elementor-sub-item\" tabindex=\"-1\">Workshops for Seniors<\/a><\/li>\n\t<li class=\"menu-item menu-item-type-post_type menu-item-object-page menu-item-92102\"><a href=\"https:\/\/port.lukasiewicz.gov.pl\/en\/get-to-know-us\/social-responsibility-of-science\/gardens-of-experiences\/offer\/mobile-programs\/\" class=\"elementor-sub-item\" tabindex=\"-1\">Mobile Programs<\/a><\/li>\n<\/ul>\n<\/li>\n<li class=\"menu-item menu-item-type-post_type menu-item-object-page menu-item-92092\"><a href=\"https:\/\/port.lukasiewicz.gov.pl\/en\/get-to-know-us\/social-responsibility-of-science\/gardens-of-experiences\/price-list\/\" class=\"elementor-item\" tabindex=\"-1\">Price list<\/a><\/li>\n<li class=\"menu-item menu-item-type-post_type menu-item-object-page menu-item-92093\"><a href=\"https:\/\/port.lukasiewicz.gov.pl\/en\/get-to-know-us\/social-responsibility-of-science\/gardens-of-experiences\/reservations\/\" class=\"elementor-item\" tabindex=\"-1\">Reservations<\/a><\/li>\n<li class=\"menu-item menu-item-type-post_type menu-item-object-page menu-item-92091\"><a href=\"https:\/\/port.lukasiewicz.gov.pl\/en\/get-to-know-us\/social-responsibility-of-science\/gardens-of-experiences\/faq\/\" class=\"elementor-item\" tabindex=\"-1\">FAQ<\/a><\/li>\n<li class=\"menu-item menu-item-type-post_type menu-item-object-page menu-item-92090\"><a href=\"https:\/\/port.lukasiewicz.gov.pl\/en\/get-to-know-us\/social-responsibility-of-science\/gardens-of-experiences\/contact\/\" class=\"elementor-item\" tabindex=\"-1\">Contact<\/a><\/li>\n<\/ul>\t\t\t<\/nav>\n\t\t\t\t\t\t<\/div>\n\t\t\t\t<\/div>\n\t\t\t\t<\/div>\n\t\t\t\t\t<\/div>\n\t\t\t\t<\/div>\n\t\t<div class=\"elementor-element elementor-element-03ebf8d e-flex e-con-boxed e-con e-parent\" data-id=\"03ebf8d\" data-element_type=\"container\" data-e-type=\"container\">\n\t\t\t\t\t<div class=\"e-con-inner\">\n\t\t<div class=\"elementor-element elementor-element-f6234fd e-con-full e-flex e-con e-child\" data-id=\"f6234fd\" data-element_type=\"container\" data-e-type=\"container\">\n\t\t\t\t<div class=\"elementor-element elementor-element-dd4d65f elementor-widget elementor-widget-heading\" data-id=\"dd4d65f\" data-element_type=\"widget\" data-e-type=\"widget\" data-widget_type=\"heading.default\">\n\t\t\t\t<div class=\"elementor-widget-container\">\n\t\t\t\t\t<h2 class=\"elementor-heading-title elementor-size-default\">Where to find us?<\/h2>\t\t\t\t<\/div>\n\t\t\t\t<\/div>\n\t\t\t\t<\/div>\n\t\t<div class=\"elementor-element elementor-element-e085344 e-con-full e-flex e-con e-child\" data-id=\"e085344\" data-element_type=\"container\" data-e-type=\"container\">\n\t\t\t\t<div class=\"elementor-element elementor-element-d6c982a elementor-widget elementor-widget-text-editor\" data-id=\"d6c982a\" data-element_type=\"widget\" data-e-type=\"widget\" data-widget_type=\"text-editor.default\">\n\t\t\t\t<div class=\"elementor-widget-container\">\n\t\t\t\t\t\t\t\t\t<p>\u0141ukasiewicz \u2013 PORT <br>Polish Center for Technology Development <\/p>\t\t\t\t\t\t\t\t<\/div>\n\t\t\t\t<\/div>\n\t\t\t\t<div class=\"elementor-element elementor-element-3b043b1 elementor-icon-list--layout-traditional elementor-list-item-link-full_width elementor-widget elementor-widget-icon-list\" data-id=\"3b043b1\" data-element_type=\"widget\" data-e-type=\"widget\" data-widget_type=\"icon-list.default\">\n\t\t\t\t<div class=\"elementor-widget-container\">\n\t\t\t\t\t\t\t<ul class=\"elementor-icon-list-items\">\n\t\t\t\t\t\t\t<li class=\"elementor-icon-list-item\">\n\t\t\t\t\t\t\t\t\t\t\t<span class=\"elementor-icon-list-icon\">\n\t\t\t\t\t\t\t<svg aria-hidden=\"true\" class=\"e-font-icon-svg e-fas-phone-alt\" viewBox=\"0 0 512 512\" xmlns=\"http:\/\/www.w3.org\/2000\/svg\"><path d=\"M497.39 361.8l-112-48a24 24 0 0 0-28 6.9l-49.6 60.6A370.66 370.66 0 0 1 130.6 204.11l60.6-49.6a23.94 23.94 0 0 0 6.9-28l-48-112A24.16 24.16 0 0 0 122.6.61l-104 24A24 24 0 0 0 0 48c0 256.5 207.9 464 464 464a24 24 0 0 0 23.4-18.6l24-104a24.29 24.29 0 0 0-14.01-27.6z\"><\/path><\/svg>\t\t\t\t\t\t<\/span>\n\t\t\t\t\t\t\t\t\t\t<span class=\"elementor-icon-list-text\">+48 727 555 144<\/span>\n\t\t\t\t\t\t\t\t\t<\/li>\n\t\t\t\t\t\t\t\t<li class=\"elementor-icon-list-item\">\n\t\t\t\t\t\t\t\t\t\t\t<span class=\"elementor-icon-list-icon\">\n\t\t\t\t\t\t\t<svg aria-hidden=\"true\" class=\"e-font-icon-svg e-fas-phone-alt\" viewBox=\"0 0 512 512\" xmlns=\"http:\/\/www.w3.org\/2000\/svg\"><path d=\"M497.39 361.8l-112-48a24 24 0 0 0-28 6.9l-49.6 60.6A370.66 370.66 0 0 1 130.6 204.11l60.6-49.6a23.94 23.94 0 0 0 6.9-28l-48-112A24.16 24.16 0 0 0 122.6.61l-104 24A24 24 0 0 0 0 48c0 256.5 207.9 464 464 464a24 24 0 0 0 23.4-18.6l24-104a24.29 24.29 0 0 0-14.01-27.6z\"><\/path><\/svg>\t\t\t\t\t\t<\/span>\n\t\t\t\t\t\t\t\t\t\t<span class=\"elementor-icon-list-text\">+48 727 552 417<\/span>\n\t\t\t\t\t\t\t\t\t<\/li>\n\t\t\t\t\t\t\t\t<li class=\"elementor-icon-list-item\">\n\t\t\t\t\t\t\t\t\t\t\t<a href=\"mailto:ogrody.doswiadczen@port.lukasiewicz.gov.pl\">\n\n\t\t\t\t\t\t\t\t\t\t\t\t<span class=\"elementor-icon-list-icon\">\n\t\t\t\t\t\t\t<svg aria-hidden=\"true\" class=\"e-font-icon-svg e-fas-envelope\" viewBox=\"0 0 512 512\" xmlns=\"http:\/\/www.w3.org\/2000\/svg\"><path d=\"M502.3 190.8c3.9-3.1 9.7-.2 9.7 4.7V400c0 26.5-21.5 48-48 48H48c-26.5 0-48-21.5-48-48V195.6c0-5 5.7-7.8 9.7-4.7 22.4 17.4 52.1 39.5 154.1 113.6 21.1 15.4 56.7 47.8 92.2 47.6 35.7.3 72-32.8 92.3-47.6 102-74.1 131.6-96.3 154-113.7zM256 320c23.2.4 56.6-29.2 73.4-41.4 132.7-96.3 142.8-104.7 173.4-128.7 5.8-4.5 9.2-11.5 9.2-18.9v-19c0-26.5-21.5-48-48-48H48C21.5 64 0 85.5 0 112v19c0 7.4 3.4 14.3 9.2 18.9 30.6 23.9 40.7 32.4 173.4 128.7 16.8 12.2 50.2 41.8 73.4 41.4z\"><\/path><\/svg>\t\t\t\t\t\t<\/span>\n\t\t\t\t\t\t\t\t\t\t<span class=\"elementor-icon-list-text\">ogrody.doswiadczen@port.lukasiewicz.gov.pl<\/span>\n\t\t\t\t\t\t\t\t\t\t\t<\/a>\n\t\t\t\t\t\t\t\t\t<\/li>\n\t\t\t\t\t\t<\/ul>\n\t\t\t\t\t\t<\/div>\n\t\t\t\t<\/div>\n\t\t\t\t<div class=\"elementor-element elementor-element-e6f2235 elementor-widget elementor-widget-text-editor\" data-id=\"e6f2235\" data-element_type=\"widget\" data-e-type=\"widget\" data-widget_type=\"text-editor.default\">\n\t\t\t\t<div class=\"elementor-widget-container\">\n\t\t\t\t\t\t\t\t\t<p class=\"mb-0\"><strong>Accepted Payment Methods:<\/strong><\/p><ul class=\"wp-block-list\"><li>Traditional bank transfer<\/li><li>Online transfer (fast payment)<\/li><li>BLIK<\/li><li>On-site payment by card or cash<\/li><\/ul><p>Please complete on-site payments at \u0141ukasiewicz \u2013 PORT,<span class=\"ui-provider bwa bwb c d e f g h i j k l m n o p q r s t bwc bwd w x y z ab ac ae af ag ah ai aj ak\" dir=\"ltr\"> Building C, Stab\u0142owicka 147, no later than 15 minutes before the workshop starts.  <\/span><\/p>\t\t\t\t\t\t\t\t<\/div>\n\t\t\t\t<\/div>\n\t\t\t\t<div class=\"elementor-element elementor-element-387c8ba elementor-widget elementor-widget-text-editor\" data-id=\"387c8ba\" data-element_type=\"widget\" data-e-type=\"widget\" data-widget_type=\"text-editor.default\">\n\t\t\t\t<div class=\"elementor-widget-container\">\n\t\t\t\t\t\t\t\t\t<p><strong>Child Protection Standards<\/strong><\/p>\t\t\t\t\t\t\t\t<\/div>\n\t\t\t\t<\/div>\n\t\t\t\t<div class=\"elementor-element elementor-element-75fce8e elementor-icon-list--layout-traditional elementor-list-item-link-full_width elementor-widget elementor-widget-icon-list\" data-id=\"75fce8e\" data-element_type=\"widget\" data-e-type=\"widget\" data-widget_type=\"icon-list.default\">\n\t\t\t\t<div class=\"elementor-widget-container\">\n\t\t\t\t\t\t\t<ul class=\"elementor-icon-list-items\">\n\t\t\t\t\t\t\t<li class=\"elementor-icon-list-item\">\n\t\t\t\t\t\t\t\t\t\t\t<span class=\"elementor-icon-list-icon\">\n\t\t\t\t\t\t\t<svg aria-hidden=\"true\" class=\"e-font-icon-svg e-fas-user\" viewBox=\"0 0 448 512\" xmlns=\"http:\/\/www.w3.org\/2000\/svg\"><path d=\"M224 256c70.7 0 128-57.3 128-128S294.7 0 224 0 96 57.3 96 128s57.3 128 128 128zm89.6 32h-16.7c-22.2 10.2-46.9 16-72.9 16s-50.6-5.8-72.9-16h-16.7C60.2 288 0 348.2 0 422.4V464c0 26.5 21.5 48 48 48h352c26.5 0 48-21.5 48-48v-41.6c0-74.2-60.2-134.4-134.4-134.4z\"><\/path><\/svg>\t\t\t\t\t\t<\/span>\n\t\t\t\t\t\t\t\t\t\t<span class=\"elementor-icon-list-text\">Joanna Kisz\u0142o<\/span>\n\t\t\t\t\t\t\t\t\t<\/li>\n\t\t\t\t\t\t\t\t<li class=\"elementor-icon-list-item\">\n\t\t\t\t\t\t\t\t\t\t\t<a href=\"mailto:mailto:maloletni@port.lukasiewicz.gov.pl\">\n\n\t\t\t\t\t\t\t\t\t\t\t\t<span class=\"elementor-icon-list-icon\">\n\t\t\t\t\t\t\t<svg aria-hidden=\"true\" class=\"e-font-icon-svg e-fas-envelope\" viewBox=\"0 0 512 512\" xmlns=\"http:\/\/www.w3.org\/2000\/svg\"><path d=\"M502.3 190.8c3.9-3.1 9.7-.2 9.7 4.7V400c0 26.5-21.5 48-48 48H48c-26.5 0-48-21.5-48-48V195.6c0-5 5.7-7.8 9.7-4.7 22.4 17.4 52.1 39.5 154.1 113.6 21.1 15.4 56.7 47.8 92.2 47.6 35.7.3 72-32.8 92.3-47.6 102-74.1 131.6-96.3 154-113.7zM256 320c23.2.4 56.6-29.2 73.4-41.4 132.7-96.3 142.8-104.7 173.4-128.7 5.8-4.5 9.2-11.5 9.2-18.9v-19c0-26.5-21.5-48-48-48H48C21.5 64 0 85.5 0 112v19c0 7.4 3.4 14.3 9.2 18.9 30.6 23.9 40.7 32.4 173.4 128.7 16.8 12.2 50.2 41.8 73.4 41.4z\"><\/path><\/svg>\t\t\t\t\t\t<\/span>\n\t\t\t\t\t\t\t\t\t\t<span class=\"elementor-icon-list-text\">maloletni@port.lukasiewicz.gov.pl<\/span>\n\t\t\t\t\t\t\t\t\t\t\t<\/a>\n\t\t\t\t\t\t\t\t\t<\/li>\n\t\t\t\t\t\t<\/ul>\n\t\t\t\t\t\t<\/div>\n\t\t\t\t<\/div>\n\t\t\t\t<\/div>\n\t\t<div class=\"elementor-element elementor-element-2cbc2db e-con-full e-flex e-con e-child\" data-id=\"2cbc2db\" data-element_type=\"container\" data-e-type=\"container\">\n\t\t\t\t<div class=\"elementor-element elementor-element-d40a1d5 elementor-widget elementor-widget-image\" data-id=\"d40a1d5\" data-element_type=\"widget\" data-e-type=\"widget\" data-widget_type=\"image.default\">\n\t\t\t\t<div class=\"elementor-widget-container\">\n\t\t\t\t\t\t\t\t\t\t\t\t\t\t\t<img fetchpriority=\"high\" decoding=\"async\" width=\"580\" height=\"593\" src=\"https:\/\/port.lukasiewicz.gov.pl\/wp-content\/uploads\/sites\/35\/2024\/10\/lukasiewicz-port-mapa-kampusu-dla-ogrodow-doswiadczen.webp\" class=\"attachment-large size-large wp-image-63365\" alt=\"Ogrody Do\u015bwiadcze\u0144 w \u0141ukasiewicz \u2013 PORT jak dojecha\u0107\" srcset=\"https:\/\/port.lukasiewicz.gov.pl\/wp-content\/uploads\/sites\/35\/2024\/10\/lukasiewicz-port-mapa-kampusu-dla-ogrodow-doswiadczen.webp 613w, https:\/\/port.lukasiewicz.gov.pl\/wp-content\/uploads\/sites\/35\/2024\/10\/lukasiewicz-port-mapa-kampusu-dla-ogrodow-doswiadczen-293x300.webp 293w, https:\/\/port.lukasiewicz.gov.pl\/wp-content\/uploads\/sites\/35\/2024\/10\/lukasiewicz-port-mapa-kampusu-dla-ogrodow-doswiadczen-24x24.webp 24w, https:\/\/port.lukasiewicz.gov.pl\/wp-content\/uploads\/sites\/35\/2024\/10\/lukasiewicz-port-mapa-kampusu-dla-ogrodow-doswiadczen-36x36.webp 36w, https:\/\/port.lukasiewicz.gov.pl\/wp-content\/uploads\/sites\/35\/2024\/10\/lukasiewicz-port-mapa-kampusu-dla-ogrodow-doswiadczen-48x48.webp 48w\" sizes=\"(max-width: 580px) 100vw, 580px\" \/>\t\t\t\t\t\t\t\t\t\t\t\t\t\t\t<\/div>\n\t\t\t\t<\/div>\n\t\t\t\t<\/div>\n\t\t\t\t\t<\/div>\n\t\t\t\t<\/div>\n\t\t<div class=\"elementor-element elementor-element-819f41e e-flex e-con-boxed e-con e-parent\" data-id=\"819f41e\" data-element_type=\"container\" data-e-type=\"container\">\n\t\t\t\t\t<div class=\"e-con-inner\">\n\t\t<div class=\"elementor-element elementor-element-c7b8ad8 e-con-full e-flex e-con e-child\" data-id=\"c7b8ad8\" data-element_type=\"container\" data-e-type=\"container\">\n\t\t\t\t<div class=\"elementor-element elementor-element-d45b500 elementor-widget-divider--view-line elementor-widget elementor-widget-divider\" data-id=\"d45b500\" data-element_type=\"widget\" data-e-type=\"widget\" data-widget_type=\"divider.default\">\n\t\t\t\t<div class=\"elementor-widget-container\">\n\t\t\t\t\t\t\t<div class=\"elementor-divider\">\n\t\t\t<span class=\"elementor-divider-separator\">\n\t\t\t\t\t\t<\/span>\n\t\t<\/div>\n\t\t\t\t\t\t<\/div>\n\t\t\t\t<\/div>\n\t\t\t\t<div class=\"elementor-element elementor-element-0d0cfd8 elementor-widget elementor-widget-heading\" data-id=\"0d0cfd8\" data-element_type=\"widget\" data-e-type=\"widget\" data-widget_type=\"heading.default\">\n\t\t\t\t<div class=\"elementor-widget-container\">\n\t\t\t\t\t<h2 class=\"elementor-heading-title elementor-size-default\">How to Get Here<\/h2>\t\t\t\t<\/div>\n\t\t\t\t<\/div>\n\t\t\t\t<div class=\"elementor-element elementor-element-3cec77d elementor-widget__width-initial elementor-widget elementor-widget-text-editor\" data-id=\"3cec77d\" data-element_type=\"widget\" data-e-type=\"widget\" data-widget_type=\"text-editor.default\">\n\t\t\t\t<div class=\"elementor-widget-container\">\n\t\t\t\t\t\t\t\t\t<p>You can reach the Gardens of Experiences in three ways:<\/p><ul class=\"wp-block-list\"><li>By car or coach \u2013 enter the campus from Stab\u0142owicka Street.<\/li><li>By bus \u2013 lines 101, 103, and 107, stop: Pracze Odrza\u0144skie (train station).<\/li><li>By train \u2013 station: Wroc\u0142aw Pracze.<\/li><\/ul><p>At the campus gate, you\u2019ll find a barrier with an intercom\u2014please ring the bell and inform security that you are attending a workshop at the Gardens of Experiences.<\/p><p>Workshops take place in Building C, located deeper inside the campus. If you\u2019re arriving by bus, we have a designated parking area available. Directions to Building C and the parking lot are clearly marked on the map to the right\/below.  <\/p>\t\t\t\t\t\t\t\t<\/div>\n\t\t\t\t<\/div>\n\t\t\t\t<\/div>\n\t\t\t\t\t<\/div>\n\t\t\t\t<\/div>\n\t\t\t\t<\/div>\n\t\t","protected":false},"excerpt":{"rendered":"<p>Gardens of Experiences Where to find us? \u0141ukasiewicz \u2013 PORT Polish Center for Technology Development +48 727 555 144 +48 727 552 417 ogrody.doswiadczen@port.lukasiewicz.gov.pl Accepted Payment Methods: Traditional bank transfer Online transfer (fast payment) BLIK On-site payment by card or cash Please complete on-site payments at \u0141ukasiewicz \u2013 PORT, Building C, Stab\u0142owicka 147, no later [&hellip;]<\/p>\n","protected":false},"author":156,"featured_media":0,"parent":88777,"menu_order":0,"comment_status":"closed","ping_status":"closed","template":"","meta":{"_acf_changed":false,"_seopress_robots_primary_cat":"","_seopress_titles_title":"","_seopress_titles_desc":"","_seopress_robots_index":"","inline_featured_image":false,"footnotes":""},"class_list":["post-92084","page","type-page","status-publish","hentry"],"acf":{"page_icon":null},"publishpress_future_action":{"enabled":false,"date":"2026-04-28 22:52:55","action":"change-status","newStatus":"draft","terms":[],"taxonomy":"translation_priority","extraData":[]},"publishpress_future_workflow_manual_trigger":{"enabledWorkflows":[]},"_links":{"self":[{"href":"https:\/\/port.lukasiewicz.gov.pl\/en\/wp-json\/wp\/v2\/pages\/92084","targetHints":{"allow":["GET"]}}],"collection":[{"href":"https:\/\/port.lukasiewicz.gov.pl\/en\/wp-json\/wp\/v2\/pages"}],"about":[{"href":"https:\/\/port.lukasiewicz.gov.pl\/en\/wp-json\/wp\/v2\/types\/page"}],"author":[{"embeddable":true,"href":"https:\/\/port.lukasiewicz.gov.pl\/en\/wp-json\/wp\/v2\/users\/156"}],"replies":[{"embeddable":true,"href":"https:\/\/port.lukasiewicz.gov.pl\/en\/wp-json\/wp\/v2\/comments?post=92084"}],"version-history":[{"count":2,"href":"https:\/\/port.lukasiewicz.gov.pl\/en\/wp-json\/wp\/v2\/pages\/92084\/revisions"}],"predecessor-version":[{"id":92106,"href":"https:\/\/port.lukasiewicz.gov.pl\/en\/wp-json\/wp\/v2\/pages\/92084\/revisions\/92106"}],"up":[{"embeddable":true,"href":"https:\/\/port.lukasiewicz.gov.pl\/en\/wp-json\/wp\/v2\/pages\/88777"}],"wp:attachment":[{"href":"https:\/\/port.lukasiewicz.gov.pl\/en\/wp-json\/wp\/v2\/media?parent=92084"}],"curies":[{"name":"wp","href":"https:\/\/api.w.org\/{rel}","templated":true}]}}