{"id":93281,"date":"2025-06-18T09:00:34","date_gmt":"2025-06-18T07:00:34","guid":{"rendered":"https:\/\/port.lukasiewicz.gov.pl\/transboundary-gardens-of-experiences\/"},"modified":"2026-03-27T17:10:39","modified_gmt":"2026-03-27T16:10:39","slug":"transboundary-gardens-of-experiences","status":"publish","type":"page","link":"https:\/\/port.lukasiewicz.gov.pl\/en\/transboundary-gardens-of-experiences\/","title":{"rendered":"Transboundary Gardens of Experiences"},"content":{"rendered":"\t\t<div data-elementor-type=\"wp-page\" data-elementor-id=\"93281\" class=\"elementor elementor-93281 elementor-85164\" data-elementor-post-type=\"page\">\n\t\t\t\t<div class=\"elementor-element elementor-element-2a3c9ff e-flex e-con-boxed e-con e-parent\" data-id=\"2a3c9ff\" data-element_type=\"container\" data-e-type=\"container\">\n\t\t\t\t\t<div class=\"e-con-inner\">\n\t\t<div class=\"elementor-element elementor-element-48c9145 e-con-full e-flex e-con e-child\" data-id=\"48c9145\" data-element_type=\"container\" data-e-type=\"container\">\n\t\t\t\t<div class=\"elementor-element elementor-element-ab5b1be elementor-widget elementor-widget-heading\" data-id=\"ab5b1be\" data-element_type=\"widget\" data-e-type=\"widget\" data-widget_type=\"heading.default\">\n\t\t\t\t<div class=\"elementor-widget-container\">\n\t\t\t\t\t<h2 class=\"elementor-heading-title elementor-size-default\">Transboundary Gardens of Experiences<\/h2>\t\t\t\t<\/div>\n\t\t\t\t<\/div>\n\t\t\t\t<\/div>\n\t\t<div class=\"elementor-element elementor-element-24016f8 e-con-full e-flex e-con e-child\" data-id=\"24016f8\" data-element_type=\"container\" data-e-type=\"container\">\n\t\t\t\t<div class=\"elementor-element elementor-element-7435a21 elementor-widget elementor-widget-text-editor\" data-id=\"7435a21\" data-element_type=\"widget\" data-e-type=\"widget\" data-widget_type=\"text-editor.default\">\n\t\t\t\t<div class=\"elementor-widget-container\">\n\t\t\t\t\t\t\t\t\t<p>The project is implemented by the \u0141ukasiewicz Research Network \u2013 Polish Center for Technology Development (PORT) in Wroc\u0142aw, the University of Zielona G\u00f3ra, the Technical University of Dresden, and TGZ Bautzen GmbH.<br><\/p><p>It is addressed to schools, educational institutions, and research centers in the following counties: Boles\u0142awiec, Jawor, Jelenia G\u00f3ra, Kamienna G\u00f3ra, Luba\u0144, Lw\u00f3wek \u015al\u0105ski, Zgorzelec, Z\u0142otoryja, \u017bary County, the city of Jelenia G\u00f3ra, G\u00f6rlitz, Bautzen.<br> <\/p>\t\t\t\t\t\t\t\t<\/div>\n\t\t\t\t<\/div>\n\t\t\t\t<div class=\"elementor-element elementor-element-71f0fd0 elementor-widget elementor-widget-text-editor\" data-id=\"71f0fd0\" data-element_type=\"widget\" data-e-type=\"widget\" data-widget_type=\"text-editor.default\">\n\t\t\t\t<div class=\"elementor-widget-container\">\n\t\t\t\t\t\t\t\t\t<p>PAGE IN <a href=\"https:\/\/port.lukasiewicz.gov.pl\/grenzuberschreitende-erlebnisgarten\/\">GERMAN<\/a><\/p>\t\t\t\t\t\t\t\t<\/div>\n\t\t\t\t<\/div>\n\t\t\t\t<\/div>\n\t\t<div class=\"elementor-element elementor-element-3967137 e-con-full e-flex e-con e-child\" data-id=\"3967137\" data-element_type=\"container\" data-e-type=\"container\">\n\t\t\t\t<div class=\"elementor-element elementor-element-9ae473b elementor-widget elementor-widget-image\" data-id=\"9ae473b\" data-element_type=\"widget\" data-e-type=\"widget\" data-widget_type=\"image.default\">\n\t\t\t\t<div class=\"elementor-widget-container\">\n\t\t\t\t\t\t\t\t\t\t\t\t\t\t\t<img fetchpriority=\"high\" decoding=\"async\" width=\"547\" height=\"164\" src=\"https:\/\/port.lukasiewicz.gov.pl\/wp-content\/uploads\/sites\/35\/2025\/08\/interreg-logo.webp\" class=\"attachment-large size-large wp-image-85169\" alt=\"interreg polska saksonia logo\" srcset=\"https:\/\/port.lukasiewicz.gov.pl\/wp-content\/uploads\/sites\/35\/2025\/08\/interreg-logo.webp 547w, https:\/\/port.lukasiewicz.gov.pl\/wp-content\/uploads\/sites\/35\/2025\/08\/interreg-logo-300x90.webp 300w, https:\/\/port.lukasiewicz.gov.pl\/wp-content\/uploads\/sites\/35\/2025\/08\/interreg-logo-24x7.webp 24w, https:\/\/port.lukasiewicz.gov.pl\/wp-content\/uploads\/sites\/35\/2025\/08\/interreg-logo-36x11.webp 36w, https:\/\/port.lukasiewicz.gov.pl\/wp-content\/uploads\/sites\/35\/2025\/08\/interreg-logo-48x14.webp 48w\" sizes=\"(max-width: 547px) 100vw, 547px\" \/>\t\t\t\t\t\t\t\t\t\t\t\t\t\t\t<\/div>\n\t\t\t\t<\/div>\n\t\t\t\t<\/div>\n\t\t\t\t\t<\/div>\n\t\t\t\t<\/div>\n\t\t<div class=\"elementor-element elementor-element-3cc510a e-flex e-con-boxed e-con e-parent\" data-id=\"3cc510a\" data-element_type=\"container\" data-e-type=\"container\">\n\t\t\t\t\t<div class=\"e-con-inner\">\n\t\t<div class=\"elementor-element elementor-element-f1ac09f e-con-full e-flex e-con e-child\" data-id=\"f1ac09f\" data-element_type=\"container\" data-e-type=\"container\">\n\t\t\t\t<div class=\"elementor-element elementor-element-4a68651 elementor-widget elementor-widget-text-editor\" data-id=\"4a68651\" data-element_type=\"widget\" data-e-type=\"widget\" data-widget_type=\"text-editor.default\">\n\t\t\t\t<div class=\"elementor-widget-container\">\n\t\t\t\t\t\t\t\t\t<h2 class=\"wp-block-heading\">What activities do we offer?<br><\/h2>\t\t\t\t\t\t\t\t<\/div>\n\t\t\t\t<\/div>\n\t\t\t\t<\/div>\n\t\t<div class=\"elementor-element elementor-element-7d2adfb e-con-full e-flex e-con e-child\" data-id=\"7d2adfb\" data-element_type=\"container\" data-e-type=\"container\">\n\t\t<div class=\"elementor-element elementor-element-17b7f69 e-con-full cut-off-wrapper-90 e-flex e-con e-child\" data-id=\"17b7f69\" data-element_type=\"container\" data-e-type=\"container\">\n\t\t\t\t<div class=\"elementor-element elementor-element-9c06ff9 elementor-widget elementor-widget-heading\" data-id=\"9c06ff9\" data-element_type=\"widget\" data-e-type=\"widget\" data-widget_type=\"heading.default\">\n\t\t\t\t<div class=\"elementor-widget-container\">\n\t\t\t\t\t<h3 class=\"elementor-heading-title elementor-size-default\">For primary and secondary school students:<\/h3>\t\t\t\t<\/div>\n\t\t\t\t<\/div>\n\t\t\t\t<div class=\"elementor-element elementor-element-962bb02 elementor-widget elementor-widget-text-editor\" data-id=\"962bb02\" data-element_type=\"widget\" data-e-type=\"widget\" data-widget_type=\"text-editor.default\">\n\t\t\t\t<div class=\"elementor-widget-container\">\n\t\t\t\t\t\t\t\t\t<p>Polish-German educational workshops in scientific institutions, summer camps.<br><\/p>\t\t\t\t\t\t\t\t<\/div>\n\t\t\t\t<\/div>\n\t\t\t\t<\/div>\n\t\t<div class=\"elementor-element elementor-element-87d86da e-con-full cut-off-wrapper-90 e-flex e-con e-child\" data-id=\"87d86da\" data-element_type=\"container\" data-e-type=\"container\">\n\t\t\t\t<div class=\"elementor-element elementor-element-d8762d1 elementor-widget elementor-widget-heading\" data-id=\"d8762d1\" data-element_type=\"widget\" data-e-type=\"widget\" data-widget_type=\"heading.default\">\n\t\t\t\t<div class=\"elementor-widget-container\">\n\t\t\t\t\t<h3 class=\"elementor-heading-title elementor-size-default\">For teachers and educational staff:<\/h3>\t\t\t\t<\/div>\n\t\t\t\t<\/div>\n\t\t\t\t<div class=\"elementor-element elementor-element-5eee0b0 elementor-widget elementor-widget-text-editor\" data-id=\"5eee0b0\" data-element_type=\"widget\" data-e-type=\"widget\" data-widget_type=\"text-editor.default\">\n\t\t\t\t<div class=\"elementor-widget-container\">\n\t\t\t\t\t\t\t\t\t<p>Training in future skills and active learning methods (how to make curricula more attractive, how to develop logical thinking, creativity, teamwork, and intercultural competence in students).<br> <\/p>\t\t\t\t\t\t\t\t<\/div>\n\t\t\t\t<\/div>\n\t\t\t\t<\/div>\n\t\t<div class=\"elementor-element elementor-element-4e3796e e-con-full cut-off-wrapper-90 e-flex e-con e-child\" data-id=\"4e3796e\" data-element_type=\"container\" data-e-type=\"container\">\n\t\t\t\t<div class=\"elementor-element elementor-element-3fd90fe elementor-widget elementor-widget-heading\" data-id=\"3fd90fe\" data-element_type=\"widget\" data-e-type=\"widget\" data-widget_type=\"heading.default\">\n\t\t\t\t<div class=\"elementor-widget-container\">\n\t\t\t\t\t<h3 class=\"elementor-heading-title elementor-size-default\">For all interested parties:<\/h3>\t\t\t\t<\/div>\n\t\t\t\t<\/div>\n\t\t\t\t<div class=\"elementor-element elementor-element-75f0fd3 elementor-widget elementor-widget-text-editor\" data-id=\"75f0fd3\" data-element_type=\"widget\" data-e-type=\"widget\" data-widget_type=\"text-editor.default\">\n\t\t\t\t<div class=\"elementor-widget-container\">\n\t\t\t\t\t\t\t\t\t<p>Open popular-science lectures, networking meetings, a mobile exhibition promoting the STEM\/MINT method.<br> <\/p>\t\t\t\t\t\t\t\t<\/div>\n\t\t\t\t<\/div>\n\t\t\t\t<\/div>\n\t\t\t\t<\/div>\n\t\t\t\t\t<\/div>\n\t\t\t\t<\/div>\n\t\t<div class=\"elementor-element elementor-element-85ad4ca e-flex e-con-boxed e-con e-parent\" data-id=\"85ad4ca\" data-element_type=\"container\" data-e-type=\"container\">\n\t\t\t\t\t<div class=\"e-con-inner\">\n\t\t<div class=\"elementor-element elementor-element-63460e4 e-con-full e-flex e-con e-child\" data-id=\"63460e4\" data-element_type=\"container\" data-e-type=\"container\">\n\t\t\t\t<div class=\"elementor-element elementor-element-018b454 elementor-widget elementor-widget-heading\" data-id=\"018b454\" data-element_type=\"widget\" data-e-type=\"widget\" data-widget_type=\"heading.default\">\n\t\t\t\t<div class=\"elementor-widget-container\">\n\t\t\t\t\t<h2 class=\"elementor-heading-title elementor-size-default\">Polish-German networking meeting<\/h2>\t\t\t\t<\/div>\n\t\t\t\t<\/div>\n\t\t\t\t<\/div>\n\t\t<div class=\"elementor-element elementor-element-55ed436 e-con-full e-flex e-con e-child\" data-id=\"55ed436\" data-element_type=\"container\" data-e-type=\"container\">\n\t\t\t\t<div class=\"elementor-element elementor-element-ee5b824 elementor-widget__width-initial elementor-widget-tablet__width-inherit elementor-widget elementor-widget-text-editor\" data-id=\"ee5b824\" data-element_type=\"widget\" data-e-type=\"widget\" data-widget_type=\"text-editor.default\">\n\t\t\t\t<div class=\"elementor-widget-container\">\n\t\t\t\t\t\t\t\t\t<p>Join us on May 19, 2026, at Zagroda Ko\u0142odzieja in Zgorzelec. The event will provide a space for exchanging experiences, building cooperation, and engaging in discussions among representatives of education, science, and business from the Polish-Saxon border region.<br \/>The program includes, among others, an expert panel and interactive networking at thematic tables.<\/p><p><strong>Detailed agenda and registration coming soon.<\/strong><\/p>\t\t\t\t\t\t\t\t<\/div>\n\t\t\t\t<\/div>\n\t\t\t\t<\/div>\n\t\t<div class=\"elementor-element elementor-element-2450113 e-con-full cut-off-wrapper-90 e-flex e-con e-child\" data-id=\"2450113\" data-element_type=\"container\" data-e-type=\"container\" data-settings=\"{&quot;background_background&quot;:&quot;classic&quot;}\">\n\t\t\t\t<\/div>\n\t\t\t\t\t<\/div>\n\t\t\t\t<\/div>\n\t\t<div class=\"elementor-element elementor-element-09fe07b e-flex e-con-boxed e-con e-parent\" data-id=\"09fe07b\" data-element_type=\"container\" data-e-type=\"container\">\n\t\t\t\t\t<div class=\"e-con-inner\">\n\t\t<div class=\"elementor-element elementor-element-abfffc3 e-con-full e-flex e-con e-child\" data-id=\"abfffc3\" data-element_type=\"container\" data-e-type=\"container\">\n\t\t\t\t<div class=\"elementor-element elementor-element-bb83ad6 elementor-widget elementor-widget-heading\" data-id=\"bb83ad6\" data-element_type=\"widget\" data-e-type=\"widget\" data-widget_type=\"heading.default\">\n\t\t\t\t<div class=\"elementor-widget-container\">\n\t\t\t\t\t<h2 class=\"elementor-heading-title elementor-size-default\">STEM\/MINT<\/h2>\t\t\t\t<\/div>\n\t\t\t\t<\/div>\n\t\t\t\t<div class=\"elementor-element elementor-element-b52a874 elementor-widget elementor-widget-text-editor\" data-id=\"b52a874\" data-element_type=\"widget\" data-e-type=\"widget\" data-widget_type=\"text-editor.default\">\n\t\t\t\t<div class=\"elementor-widget-container\">\n\t\t\t\t\t\t\t\t\t<p>An educational approach combining elements of <strong>mathematics, computer science, natural sciences, and engineering<\/strong>, enabling students of all ages to learn through <strong>hands-on experiences and creative challenges<\/strong>.<\/p><p>Its main objective is to <strong>develop critical thinking <\/strong>and the <strong>ability to seek innovative solutions<\/strong>. Thanks to the knowledge and experience of the project partners, who have strong foundations and practical expertise in this methodology, effective promotion and implementation in education will be possible.  <\/p>\t\t\t\t\t\t\t\t<\/div>\n\t\t\t\t<\/div>\n\t\t\t\t<\/div>\n\t\t<div class=\"elementor-element elementor-element-0f0cdc0 e-con-full e-flex e-con e-child\" data-id=\"0f0cdc0\" data-element_type=\"container\" data-e-type=\"container\">\n\t\t\t\t<div class=\"elementor-element elementor-element-deb7e4c elementor-widget elementor-widget-heading\" data-id=\"deb7e4c\" data-element_type=\"widget\" data-e-type=\"widget\" data-widget_type=\"heading.default\">\n\t\t\t\t<div class=\"elementor-widget-container\">\n\t\t\t\t\t<h2 class=\"elementor-heading-title elementor-size-default\">Opening Conference Summary <\/h2>\t\t\t\t<\/div>\n\t\t\t\t<\/div>\n\t\t\t\t<div class=\"elementor-element elementor-element-6377b76 elementor-widget elementor-widget-text-editor\" data-id=\"6377b76\" data-element_type=\"widget\" data-e-type=\"widget\" data-widget_type=\"text-editor.default\">\n\t\t\t\t<div class=\"elementor-widget-container\">\n\t\t\t\t\t\t\t\t\t<p>We encourage you to read the report from the opening conference, which constituted an important milestone in launching our initiative.<br><\/p>\t\t\t\t\t\t\t\t<\/div>\n\t\t\t\t<\/div>\n\t\t\t\t<div class=\"elementor-element elementor-element-6fd44f6 elementor-widget elementor-widget-text-editor\" data-id=\"6fd44f6\" data-element_type=\"widget\" data-e-type=\"widget\" data-widget_type=\"text-editor.default\">\n\t\t\t\t<div class=\"elementor-widget-container\">\n\t\t\t\t\t\t\t\t\t<p><a href=\"https:\/\/port.lukasiewicz.gov.pl\/en\/opening-conference-of-the-cross-border-experience-gardens-project\/\">GO TO ARTICLE<\/a><\/p>\t\t\t\t\t\t\t\t<\/div>\n\t\t\t\t<\/div>\n\t\t\t\t<\/div>\n\t\t\t\t\t<\/div>\n\t\t\t\t<\/div>\n\t\t<div class=\"elementor-element elementor-element-e7d521c e-flex e-con-boxed e-con e-parent\" data-id=\"e7d521c\" data-element_type=\"container\" data-e-type=\"container\">\n\t\t\t\t\t<div class=\"e-con-inner\">\n\t\t<div class=\"elementor-element elementor-element-52b6e9e e-con-full e-flex e-con e-child\" data-id=\"52b6e9e\" data-element_type=\"container\" data-e-type=\"container\">\n\t\t\t\t<div class=\"elementor-element elementor-element-d772012 elementor-widget elementor-widget-text-editor\" data-id=\"d772012\" data-element_type=\"widget\" data-e-type=\"widget\" data-widget_type=\"text-editor.default\">\n\t\t\t\t<div class=\"elementor-widget-container\">\n\t\t\t\t\t\t\t\t\t<p>Check the website for current enrollment information: <br><strong><a href=\"https:\/\/port.lukasiewicz.gov.pl\/en\/ogrody-doswiadczen-2\/\" target=\"_blank\" rel=\"noopener\" data-type=\"link\" data-id=\"https:\/\/port.lukasiewicz.gov.pl\/ogrody-doswiadczen\/\">Gardens of Experiences<\/a><\/strong><\/p><p>Contact us:<br><strong><a href=\"mailto:tod@port.lukasiewicz.gov.pl\" target=\"_blank\" rel=\"noreferrer noopener\">tod@port.lukasiewicz.gov.pl<\/a> <\/strong> <\/p>\t\t\t\t\t\t\t\t<\/div>\n\t\t\t\t<\/div>\n\t\t\t\t<\/div>\n\t\t<div class=\"elementor-element elementor-element-dea040b e-con-full e-flex e-con e-child\" data-id=\"dea040b\" data-element_type=\"container\" data-e-type=\"container\">\n\t\t\t\t<div class=\"elementor-element elementor-element-8174191 cut-off-wrapper-90 elementor-widget elementor-widget-image\" data-id=\"8174191\" data-element_type=\"widget\" data-e-type=\"widget\" data-widget_type=\"image.default\">\n\t\t\t\t<div class=\"elementor-widget-container\">\n\t\t\t\t\t\t\t\t\t\t\t\t\t\t\t<img decoding=\"async\" width=\"580\" height=\"185\" src=\"https:\/\/port.lukasiewicz.gov.pl\/wp-content\/uploads\/sites\/35\/2025\/08\/tod_partnerzy-1024x326-1.webp\" class=\"attachment-large size-large wp-image-85171\" alt=\"transgraniczne ogrody do\u015bwiadcze\u0144 loga partner\u00f3w\" srcset=\"https:\/\/port.lukasiewicz.gov.pl\/wp-content\/uploads\/sites\/35\/2025\/08\/tod_partnerzy-1024x326-1.webp 1024w, https:\/\/port.lukasiewicz.gov.pl\/wp-content\/uploads\/sites\/35\/2025\/08\/tod_partnerzy-1024x326-1-300x96.webp 300w, https:\/\/port.lukasiewicz.gov.pl\/wp-content\/uploads\/sites\/35\/2025\/08\/tod_partnerzy-1024x326-1-768x245.webp 768w, https:\/\/port.lukasiewicz.gov.pl\/wp-content\/uploads\/sites\/35\/2025\/08\/tod_partnerzy-1024x326-1-24x8.webp 24w, https:\/\/port.lukasiewicz.gov.pl\/wp-content\/uploads\/sites\/35\/2025\/08\/tod_partnerzy-1024x326-1-36x11.webp 36w, https:\/\/port.lukasiewicz.gov.pl\/wp-content\/uploads\/sites\/35\/2025\/08\/tod_partnerzy-1024x326-1-48x15.webp 48w\" sizes=\"(max-width: 580px) 100vw, 580px\" \/>\t\t\t\t\t\t\t\t\t\t\t\t\t\t\t<\/div>\n\t\t\t\t<\/div>\n\t\t\t\t<\/div>\n\t\t\t\t\t<\/div>\n\t\t\t\t<\/div>\n\t\t\t\t<\/div>\n\t\t","protected":false},"excerpt":{"rendered":"<p>Transboundary Gardens of Experiences The project is implemented by the \u0141ukasiewicz Research Network \u2013 Polish Center for Technology Development (PORT) in Wroc\u0142aw, the University of Zielona G\u00f3ra, the Technical University of Dresden, and TGZ Bautzen GmbH. It is addressed to schools, educational institutions, and research centers in the following counties: Boles\u0142awiec, Jawor, Jelenia G\u00f3ra, Kamienna [&hellip;]<\/p>\n","protected":false},"author":218,"featured_media":0,"parent":0,"menu_order":0,"comment_status":"closed","ping_status":"closed","template":"","meta":{"_acf_changed":false,"_seopress_robots_primary_cat":"","_seopress_titles_title":"","_seopress_titles_desc":"","_seopress_robots_index":"","inline_featured_image":false,"footnotes":""},"class_list":["post-93281","page","type-page","status-publish","hentry"],"acf":{"page_icon":null},"publishpress_future_action":{"enabled":false,"date":"2026-04-29 11:38:37","action":"change-status","newStatus":"draft","terms":[],"taxonomy":"translation_priority","extraData":[]},"publishpress_future_workflow_manual_trigger":{"enabledWorkflows":[]},"_links":{"self":[{"href":"https:\/\/port.lukasiewicz.gov.pl\/en\/wp-json\/wp\/v2\/pages\/93281","targetHints":{"allow":["GET"]}}],"collection":[{"href":"https:\/\/port.lukasiewicz.gov.pl\/en\/wp-json\/wp\/v2\/pages"}],"about":[{"href":"https:\/\/port.lukasiewicz.gov.pl\/en\/wp-json\/wp\/v2\/types\/page"}],"author":[{"embeddable":true,"href":"https:\/\/port.lukasiewicz.gov.pl\/en\/wp-json\/wp\/v2\/users\/218"}],"replies":[{"embeddable":true,"href":"https:\/\/port.lukasiewicz.gov.pl\/en\/wp-json\/wp\/v2\/comments?post=93281"}],"version-history":[{"count":5,"href":"https:\/\/port.lukasiewicz.gov.pl\/en\/wp-json\/wp\/v2\/pages\/93281\/revisions"}],"predecessor-version":[{"id":99836,"href":"https:\/\/port.lukasiewicz.gov.pl\/en\/wp-json\/wp\/v2\/pages\/93281\/revisions\/99836"}],"wp:attachment":[{"href":"https:\/\/port.lukasiewicz.gov.pl\/en\/wp-json\/wp\/v2\/media?parent=93281"}],"curies":[{"name":"wp","href":"https:\/\/api.w.org\/{rel}","templated":true}]}}